{"id":9784,"date":"2023-10-20T16:52:29","date_gmt":"2023-10-20T16:52:29","guid":{"rendered":"https:\/\/simchocolate.com\/produto\/vainilla-coco\/"},"modified":"2023-10-20T16:52:29","modified_gmt":"2023-10-20T16:52:29","slug":"vainilla-coco","status":"publish","type":"product","link":"https:\/\/simchocolate.com\/es\/produto\/vainilla-coco\/","title":{"rendered":"Vainilla Coco"},"content":{"rendered":"<h5 style=\"text-align: left;\">Una experiencia gastron\u00f3mica ex\u00f3tica<\/h5>\n<p style=\"text-align: left;\">Explora la deliciosa fusi\u00f3n de sabores con el Bomb\u00f3n de Vainilla y Coco, una creaci\u00f3n de confiter\u00eda gourmet que a\u00fana la suavidad del chocolate y el toque tropical del coco para vivir una experiencia \u00fanica.  <strong>Este bomb\u00f3n es ideal para quienes aprecian un toque de exotismo.<\/strong><\/p>\n<p style=\"text-align: left;\">Cada Bomb\u00f3n de Vainilla y Coco est\u00e1 hecho con chocolate de alta calidad, que rodea un lujoso relleno de suave vainilla y una generosa capa de coco rallado. La vainilla se combina meticulosamente con el coco para crear un relleno a la vez cremoso y delicado, mientras que el chocolate proporciona una textura rica y fundente. La adici\u00f3n de coco no s\u00f3lo intensifica el sabor, sino que tambi\u00e9n a\u00f1ade una textura ligeramente crujiente y un irresistible aroma tropical.  <\/p>\n<p style=\"text-align: left;\">Nuestra dedicaci\u00f3n a la calidad es evidente en cada detalle de la producci\u00f3n. S\u00f3lo utilizamos ingredientes de primera calidad y t\u00e9cnicas de confiter\u00eda tradicionales para garantizar que cada bomb\u00f3n sea una aut\u00e9ntica obra maestra. <strong>El resultado es un bomb\u00f3n que no s\u00f3lo deleita el paladar, sino que proporciona una experiencia sensorial completa<\/strong>. <\/p>\n<p style=\"text-align: left;\">D\u00e9jate llevar por la armoniosa combinaci\u00f3n de vainilla y coco. Descubre por qu\u00e9 este bomb\u00f3n es una de nuestras creaciones m\u00e1s populares y sofisticadas. <\/p>\n","protected":false},"excerpt":{"rendered":"<p>Saborea nuestro Bomb\u00f3n de Vainilla y Coco, una lujosa combinaci\u00f3n de chocolate cremoso y el toque ex\u00f3tico del coco.<\/p>\n","protected":false},"featured_media":9791,"comment_status":"closed","ping_status":"closed","template":"","meta":[],"product_brand":[],"product_cat":[187],"product_tag":[],"class_list":{"0":"post-9784","1":"product","2":"type-product","3":"status-publish","4":"has-post-thumbnail","6":"product_cat-bombones","8":"first","9":"instock","10":"shipping-taxable","11":"purchasable","12":"product-type-simple"},"yoast_head":"<!-- This site is optimized with the Yoast SEO plugin v27.5 - https:\/\/yoast.com\/product\/yoast-seo-wordpress\/ -->\n<title>Bomb\u00f3n de Vainilla y Coco | YES Chocolate<\/title>\n<meta name=\"description\" content=\"Date un capricho con nuestro Bomb\u00f3n de Vainilla y Coco, una lujosa combinaci\u00f3n de chocolate cremoso y el toque ex\u00f3tico del coco.\" \/>\n<meta name=\"robots\" content=\"index, follow, max-snippet:-1, max-image-preview:large, max-video-preview:-1\" \/>\n<link rel=\"canonical\" href=\"https:\/\/simchocolate.com\/es\/produto\/vainilla-coco\/\" \/>\n<meta property=\"og:locale\" content=\"es_ES\" \/>\n<meta property=\"og:type\" content=\"article\" \/>\n<meta property=\"og:title\" content=\"Bomb\u00f3n de Vainilla y Coco | YES Chocolate\" \/>\n<meta property=\"og:description\" content=\"Date un capricho con nuestro Bomb\u00f3n de Vainilla y Coco, una lujosa combinaci\u00f3n de chocolate cremoso y el toque ex\u00f3tico del coco.\" \/>\n<meta property=\"og:url\" content=\"https:\/\/simchocolate.com\/es\/produto\/vainilla-coco\/\" \/>\n<meta property=\"og:site_name\" content=\"SIM Chocolate\" \/>\n<meta property=\"article:publisher\" content=\"https:\/\/www.facebook.com\/SimBombons\" \/>\n<meta property=\"og:image\" content=\"https:\/\/simchocolate.com\/wp-content\/uploads\/2023\/10\/FINAL-INTEIRO-4.jpg\" \/>\n\t<meta property=\"og:image:width\" content=\"1000\" \/>\n\t<meta property=\"og:image:height\" content=\"1000\" \/>\n\t<meta property=\"og:image:type\" content=\"image\/jpeg\" \/>\n<meta name=\"twitter:card\" content=\"summary_large_image\" \/>\n<meta name=\"twitter:label1\" content=\"Tiempo de lectura\" \/>\n\t<meta name=\"twitter:data1\" content=\"1 minuto\" \/>\n<script type=\"application\/ld+json\" class=\"yoast-schema-graph\">{\"@context\":\"https:\\\/\\\/schema.org\",\"@graph\":[{\"@type\":\"WebPage\",\"@id\":\"https:\\\/\\\/simchocolate.com\\\/es\\\/produto\\\/vainilla-coco\\\/\",\"url\":\"https:\\\/\\\/simchocolate.com\\\/es\\\/produto\\\/vainilla-coco\\\/\",\"name\":\"Bomb\u00f3n de Vainilla y Coco | YES Chocolate\",\"isPartOf\":{\"@id\":\"https:\\\/\\\/simchocolate.com\\\/es\\\/#website\"},\"primaryImageOfPage\":{\"@id\":\"https:\\\/\\\/simchocolate.com\\\/es\\\/produto\\\/vainilla-coco\\\/#primaryimage\"},\"image\":{\"@id\":\"https:\\\/\\\/simchocolate.com\\\/es\\\/produto\\\/vainilla-coco\\\/#primaryimage\"},\"thumbnailUrl\":\"https:\\\/\\\/simchocolate.com\\\/wp-content\\\/uploads\\\/2023\\\/10\\\/FINAL-INTEIRO-4.jpg\",\"datePublished\":\"2023-10-20T16:52:29+00:00\",\"description\":\"Date un capricho con nuestro Bomb\u00f3n de Vainilla y Coco, una lujosa combinaci\u00f3n de chocolate cremoso y el toque ex\u00f3tico del coco.\",\"breadcrumb\":{\"@id\":\"https:\\\/\\\/simchocolate.com\\\/es\\\/produto\\\/vainilla-coco\\\/#breadcrumb\"},\"inLanguage\":\"es\",\"potentialAction\":[{\"@type\":\"ReadAction\",\"target\":[\"https:\\\/\\\/simchocolate.com\\\/es\\\/produto\\\/vainilla-coco\\\/\"]}]},{\"@type\":\"ImageObject\",\"inLanguage\":\"es\",\"@id\":\"https:\\\/\\\/simchocolate.com\\\/es\\\/produto\\\/vainilla-coco\\\/#primaryimage\",\"url\":\"https:\\\/\\\/simchocolate.com\\\/wp-content\\\/uploads\\\/2023\\\/10\\\/FINAL-INTEIRO-4.jpg\",\"contentUrl\":\"https:\\\/\\\/simchocolate.com\\\/wp-content\\\/uploads\\\/2023\\\/10\\\/FINAL-INTEIRO-4.jpg\",\"width\":1000,\"height\":1000,\"caption\":\"bombom baunilha coco\"},{\"@type\":\"BreadcrumbList\",\"@id\":\"https:\\\/\\\/simchocolate.com\\\/es\\\/produto\\\/vainilla-coco\\\/#breadcrumb\",\"itemListElement\":[{\"@type\":\"ListItem\",\"position\":1,\"name\":\"In\u00edcio\",\"item\":\"https:\\\/\\\/simchocolate.com\\\/es\\\/\"},{\"@type\":\"ListItem\",\"position\":2,\"name\":\"Productos\",\"item\":\"https:\\\/\\\/simchocolate.com\\\/es\\\/shop\\\/\"},{\"@type\":\"ListItem\",\"position\":3,\"name\":\"Vainilla Coco\"}]},{\"@type\":\"WebSite\",\"@id\":\"https:\\\/\\\/simchocolate.com\\\/es\\\/#website\",\"url\":\"https:\\\/\\\/simchocolate.com\\\/es\\\/\",\"name\":\"SIM Chocolate\",\"description\":\"Do amor incondicional entre uma m\u00e3e e sua filha, nasce a marca SIM Bombons no Natal de 2014\",\"potentialAction\":[{\"@type\":\"SearchAction\",\"target\":{\"@type\":\"EntryPoint\",\"urlTemplate\":\"https:\\\/\\\/simchocolate.com\\\/es\\\/?s={search_term_string}\"},\"query-input\":{\"@type\":\"PropertyValueSpecification\",\"valueRequired\":true,\"valueName\":\"search_term_string\"}}],\"inLanguage\":\"es\"}]}<\/script>\n<!-- \/ Yoast SEO plugin. -->","yoast_head_json":{"title":"Bomb\u00f3n de Vainilla y Coco | YES Chocolate","description":"Date un capricho con nuestro Bomb\u00f3n de Vainilla y Coco, una lujosa combinaci\u00f3n de chocolate cremoso y el toque ex\u00f3tico del coco.","robots":{"index":"index","follow":"follow","max-snippet":"max-snippet:-1","max-image-preview":"max-image-preview:large","max-video-preview":"max-video-preview:-1"},"canonical":"https:\/\/simchocolate.com\/es\/produto\/vainilla-coco\/","og_locale":"es_ES","og_type":"article","og_title":"Bomb\u00f3n de Vainilla y Coco | YES Chocolate","og_description":"Date un capricho con nuestro Bomb\u00f3n de Vainilla y Coco, una lujosa combinaci\u00f3n de chocolate cremoso y el toque ex\u00f3tico del coco.","og_url":"https:\/\/simchocolate.com\/es\/produto\/vainilla-coco\/","og_site_name":"SIM Chocolate","article_publisher":"https:\/\/www.facebook.com\/SimBombons","og_image":[{"width":1000,"height":1000,"url":"https:\/\/simchocolate.com\/wp-content\/uploads\/2023\/10\/FINAL-INTEIRO-4.jpg","type":"image\/jpeg"}],"twitter_card":"summary_large_image","twitter_misc":{"Tiempo de lectura":"1 minuto"},"schema":{"@context":"https:\/\/schema.org","@graph":[{"@type":"WebPage","@id":"https:\/\/simchocolate.com\/es\/produto\/vainilla-coco\/","url":"https:\/\/simchocolate.com\/es\/produto\/vainilla-coco\/","name":"Bomb\u00f3n de Vainilla y Coco | YES Chocolate","isPartOf":{"@id":"https:\/\/simchocolate.com\/es\/#website"},"primaryImageOfPage":{"@id":"https:\/\/simchocolate.com\/es\/produto\/vainilla-coco\/#primaryimage"},"image":{"@id":"https:\/\/simchocolate.com\/es\/produto\/vainilla-coco\/#primaryimage"},"thumbnailUrl":"https:\/\/simchocolate.com\/wp-content\/uploads\/2023\/10\/FINAL-INTEIRO-4.jpg","datePublished":"2023-10-20T16:52:29+00:00","description":"Date un capricho con nuestro Bomb\u00f3n de Vainilla y Coco, una lujosa combinaci\u00f3n de chocolate cremoso y el toque ex\u00f3tico del coco.","breadcrumb":{"@id":"https:\/\/simchocolate.com\/es\/produto\/vainilla-coco\/#breadcrumb"},"inLanguage":"es","potentialAction":[{"@type":"ReadAction","target":["https:\/\/simchocolate.com\/es\/produto\/vainilla-coco\/"]}]},{"@type":"ImageObject","inLanguage":"es","@id":"https:\/\/simchocolate.com\/es\/produto\/vainilla-coco\/#primaryimage","url":"https:\/\/simchocolate.com\/wp-content\/uploads\/2023\/10\/FINAL-INTEIRO-4.jpg","contentUrl":"https:\/\/simchocolate.com\/wp-content\/uploads\/2023\/10\/FINAL-INTEIRO-4.jpg","width":1000,"height":1000,"caption":"bombom baunilha coco"},{"@type":"BreadcrumbList","@id":"https:\/\/simchocolate.com\/es\/produto\/vainilla-coco\/#breadcrumb","itemListElement":[{"@type":"ListItem","position":1,"name":"In\u00edcio","item":"https:\/\/simchocolate.com\/es\/"},{"@type":"ListItem","position":2,"name":"Productos","item":"https:\/\/simchocolate.com\/es\/shop\/"},{"@type":"ListItem","position":3,"name":"Vainilla Coco"}]},{"@type":"WebSite","@id":"https:\/\/simchocolate.com\/es\/#website","url":"https:\/\/simchocolate.com\/es\/","name":"SIM Chocolate","description":"Do amor incondicional entre uma m\u00e3e e sua filha, nasce a marca SIM Bombons no Natal de 2014","potentialAction":[{"@type":"SearchAction","target":{"@type":"EntryPoint","urlTemplate":"https:\/\/simchocolate.com\/es\/?s={search_term_string}"},"query-input":{"@type":"PropertyValueSpecification","valueRequired":true,"valueName":"search_term_string"}}],"inLanguage":"es"}]}},"_links":{"self":[{"href":"https:\/\/simchocolate.com\/es\/wp-json\/wp\/v2\/product\/9784","targetHints":{"allow":["GET"]}}],"collection":[{"href":"https:\/\/simchocolate.com\/es\/wp-json\/wp\/v2\/product"}],"about":[{"href":"https:\/\/simchocolate.com\/es\/wp-json\/wp\/v2\/types\/product"}],"replies":[{"embeddable":true,"href":"https:\/\/simchocolate.com\/es\/wp-json\/wp\/v2\/comments?post=9784"}],"wp:featuredmedia":[{"embeddable":true,"href":"https:\/\/simchocolate.com\/es\/wp-json\/wp\/v2\/media\/9791"}],"wp:attachment":[{"href":"https:\/\/simchocolate.com\/es\/wp-json\/wp\/v2\/media?parent=9784"}],"wp:term":[{"taxonomy":"product_brand","embeddable":true,"href":"https:\/\/simchocolate.com\/es\/wp-json\/wp\/v2\/product_brand?post=9784"},{"taxonomy":"product_cat","embeddable":true,"href":"https:\/\/simchocolate.com\/es\/wp-json\/wp\/v2\/product_cat?post=9784"},{"taxonomy":"product_tag","embeddable":true,"href":"https:\/\/simchocolate.com\/es\/wp-json\/wp\/v2\/product_tag?post=9784"}],"curies":[{"name":"wp","href":"https:\/\/api.w.org\/{rel}","templated":true}]}}