{"id":9792,"date":"2023-10-20T16:51:57","date_gmt":"2023-10-20T16:51:57","guid":{"rendered":"https:\/\/simchocolate.com\/produto\/bombon-de-chocolate-blanco-y-avellanas\/"},"modified":"2023-10-20T16:51:57","modified_gmt":"2023-10-20T16:51:57","slug":"bombon-de-chocolate-blanco-y-avellanas","status":"publish","type":"product","link":"https:\/\/simchocolate.com\/es\/produto\/bombon-de-chocolate-blanco-y-avellanas\/","title":{"rendered":"Bomb\u00f3n de chocolate blanco y avellanas"},"content":{"rendered":"<h5 style=\"text-align: left;\">Una experiencia de confiter\u00eda gourmet<\/h5>\n<p style=\"text-align: left;\">Sum\u00e9rgete en un placer supremo con nuestros Bombones de Avellana y Chocolate Blanco, una aut\u00e9ntica obra maestra. Cada bomb\u00f3n<g id=\"gid_0\"> es una combinaci\u00f3n perfecta de crujientes avellanas y suave chocolate blanco<\/g>, creando una experiencia de degustaci\u00f3n \u00fanica que cautiva los sentidos y proporciona un placer incomparable. De hecho, se ha pensado en cada detalle para garantizar una experiencia verdaderamente memorable.  <\/p>\n<p style=\"text-align: left;\">Elaboramos los Bombones de Avellana con Chocolate Blanco con chocolate blanco de alta calidad, conocido por su textura cremosa y su sabor dulce y fundente. Seleccionamos y tostamos cuidadosamente las avellanas para garantizar un crujido irresistible que combina armoniosamente con el chocolate blanco. <\/p>\n<p style=\"text-align: left;\"><strong>Nos dedicamos al detalle en cada fase de la producci\u00f3n para garantizar que elaboramos cada bomb\u00f3n con la m\u00e1xima calidad<\/strong>. Utilizamos ingredientes de primera calidad y t\u00e9cnicas tradicionales para crear un bomb\u00f3n que sea una delicia para el paladar. De este modo, garantizamos que nuestros productos cumplen las normas m\u00e1s exigentes.  <\/p>\n<p style=\"text-align: left;\">El Bomb\u00f3n de avellana y chocolate blanco es ideal para celebrar momentos especiales o simplemente para regalar un capricho \u00fanico. Este bomb\u00f3n proporciona una experiencia gustativa refinada y lujosa, ideal tanto para un regalo sofisticado como para un momento personal de puro placer; sin duda destaca en cualquier ocasi\u00f3n. <\/p>\n<p style=\"text-align: left;\"><strong><span style=\"letter-spacing: 0.01em;\">D\u00e9jate seducir por la irresistible combinaci\u00f3n de chocolate blanco y crujientes avellanas, y descubre por qu\u00e9 nuestros bombones son sin\u00f3nimo de excelencia y sofisticaci\u00f3n gourmet.<\/span><\/strong><\/p>\n","protected":false},"excerpt":{"rendered":"<p>Descubre el placer incomparable de nuestro Bomb\u00f3n de Avellana con Chocolate Blanco.<\/p>\n","protected":false},"featured_media":9797,"comment_status":"closed","ping_status":"closed","template":"","meta":[],"product_brand":[],"product_cat":[187],"product_tag":[],"class_list":{"0":"post-9792","1":"product","2":"type-product","3":"status-publish","4":"has-post-thumbnail","6":"product_cat-bombones","8":"first","9":"instock","10":"shipping-taxable","11":"purchasable","12":"product-type-simple"},"yoast_head":"<!-- This site is optimized with the Yoast SEO plugin v27.2 - https:\/\/yoast.com\/product\/yoast-seo-wordpress\/ -->\n<title>Bomb\u00f3n de chocolate blanco y avellanas | YES Chocolate<\/title>\n<meta name=\"description\" content=\"Descubre el placer de nuestros Bombones de Avellana y Chocolate Blanco. Las crujientes avellanas envueltas en suave chocolate crean una combinaci\u00f3n de texturas y sabores.\" \/>\n<meta name=\"robots\" content=\"index, follow, max-snippet:-1, max-image-preview:large, max-video-preview:-1\" \/>\n<link rel=\"canonical\" href=\"https:\/\/simchocolate.com\/es\/produto\/bombon-de-chocolate-blanco-y-avellanas\/\" \/>\n<meta property=\"og:locale\" content=\"es_ES\" \/>\n<meta property=\"og:type\" content=\"article\" \/>\n<meta property=\"og:title\" content=\"Bomb\u00f3n de chocolate blanco y avellanas | YES Chocolate\" \/>\n<meta property=\"og:description\" content=\"Descubre el placer de nuestros Bombones de Avellana y Chocolate Blanco. Las crujientes avellanas envueltas en suave chocolate crean una combinaci\u00f3n de texturas y sabores.\" \/>\n<meta property=\"og:url\" content=\"https:\/\/simchocolate.com\/es\/produto\/bombon-de-chocolate-blanco-y-avellanas\/\" \/>\n<meta property=\"og:site_name\" content=\"SIM Chocolate\" \/>\n<meta property=\"article:publisher\" content=\"https:\/\/www.facebook.com\/SimBombons\" \/>\n<meta property=\"og:image\" content=\"https:\/\/simchocolate.com\/wp-content\/uploads\/2023\/10\/BOMBOM-FINAL-OPCAO-1-14.jpg\" \/>\n\t<meta property=\"og:image:width\" content=\"1000\" \/>\n\t<meta property=\"og:image:height\" content=\"1000\" \/>\n\t<meta property=\"og:image:type\" content=\"image\/jpeg\" \/>\n<meta name=\"twitter:card\" content=\"summary_large_image\" \/>\n<meta name=\"twitter:label1\" content=\"Tiempo de lectura\" \/>\n\t<meta name=\"twitter:data1\" content=\"1 minuto\" \/>\n<script type=\"application\/ld+json\" class=\"yoast-schema-graph\">{\"@context\":\"https:\/\/schema.org\",\"@graph\":[{\"@type\":\"WebPage\",\"@id\":\"https:\/\/simchocolate.com\/es\/produto\/bombon-de-chocolate-blanco-y-avellanas\/\",\"url\":\"https:\/\/simchocolate.com\/es\/produto\/bombon-de-chocolate-blanco-y-avellanas\/\",\"name\":\"Bomb\u00f3n de chocolate blanco y avellanas | YES Chocolate\",\"isPartOf\":{\"@id\":\"https:\/\/simchocolate.com\/es\/#website\"},\"primaryImageOfPage\":{\"@id\":\"https:\/\/simchocolate.com\/es\/produto\/bombon-de-chocolate-blanco-y-avellanas\/#primaryimage\"},\"image\":{\"@id\":\"https:\/\/simchocolate.com\/es\/produto\/bombon-de-chocolate-blanco-y-avellanas\/#primaryimage\"},\"thumbnailUrl\":\"https:\/\/simchocolate.com\/wp-content\/uploads\/2023\/10\/BOMBOM-FINAL-OPCAO-1-14.jpg\",\"datePublished\":\"2023-10-20T16:51:57+00:00\",\"description\":\"Descubre el placer de nuestros Bombones de Avellana y Chocolate Blanco. Las crujientes avellanas envueltas en suave chocolate crean una combinaci\u00f3n de texturas y sabores.\",\"breadcrumb\":{\"@id\":\"https:\/\/simchocolate.com\/es\/produto\/bombon-de-chocolate-blanco-y-avellanas\/#breadcrumb\"},\"inLanguage\":\"es\",\"potentialAction\":[{\"@type\":\"ReadAction\",\"target\":[\"https:\/\/simchocolate.com\/es\/produto\/bombon-de-chocolate-blanco-y-avellanas\/\"]}]},{\"@type\":\"ImageObject\",\"inLanguage\":\"es\",\"@id\":\"https:\/\/simchocolate.com\/es\/produto\/bombon-de-chocolate-blanco-y-avellanas\/#primaryimage\",\"url\":\"https:\/\/simchocolate.com\/wp-content\/uploads\/2023\/10\/BOMBOM-FINAL-OPCAO-1-14.jpg\",\"contentUrl\":\"https:\/\/simchocolate.com\/wp-content\/uploads\/2023\/10\/BOMBOM-FINAL-OPCAO-1-14.jpg\",\"width\":1000,\"height\":1000},{\"@type\":\"BreadcrumbList\",\"@id\":\"https:\/\/simchocolate.com\/es\/produto\/bombon-de-chocolate-blanco-y-avellanas\/#breadcrumb\",\"itemListElement\":[{\"@type\":\"ListItem\",\"position\":1,\"name\":\"In\u00edcio\",\"item\":\"https:\/\/simchocolate.com\/es\/\"},{\"@type\":\"ListItem\",\"position\":2,\"name\":\"Productos\",\"item\":\"https:\/\/simchocolate.com\/es\/shop\/\"},{\"@type\":\"ListItem\",\"position\":3,\"name\":\"Bomb\u00f3n de chocolate blanco y avellanas\"}]},{\"@type\":\"WebSite\",\"@id\":\"https:\/\/simchocolate.com\/es\/#website\",\"url\":\"https:\/\/simchocolate.com\/es\/\",\"name\":\"SIM Chocolate\",\"description\":\"Do amor incondicional entre uma m\u00e3e e sua filha, nasce a marca SIM Bombons no Natal de 2014\",\"potentialAction\":[{\"@type\":\"SearchAction\",\"target\":{\"@type\":\"EntryPoint\",\"urlTemplate\":\"https:\/\/simchocolate.com\/es\/?s={search_term_string}\"},\"query-input\":{\"@type\":\"PropertyValueSpecification\",\"valueRequired\":true,\"valueName\":\"search_term_string\"}}],\"inLanguage\":\"es\"}]}<\/script>\n<!-- \/ Yoast SEO plugin. -->","yoast_head_json":{"title":"Bomb\u00f3n de chocolate blanco y avellanas | YES Chocolate","description":"Descubre el placer de nuestros Bombones de Avellana y Chocolate Blanco. Las crujientes avellanas envueltas en suave chocolate crean una combinaci\u00f3n de texturas y sabores.","robots":{"index":"index","follow":"follow","max-snippet":"max-snippet:-1","max-image-preview":"max-image-preview:large","max-video-preview":"max-video-preview:-1"},"canonical":"https:\/\/simchocolate.com\/es\/produto\/bombon-de-chocolate-blanco-y-avellanas\/","og_locale":"es_ES","og_type":"article","og_title":"Bomb\u00f3n de chocolate blanco y avellanas | YES Chocolate","og_description":"Descubre el placer de nuestros Bombones de Avellana y Chocolate Blanco. Las crujientes avellanas envueltas en suave chocolate crean una combinaci\u00f3n de texturas y sabores.","og_url":"https:\/\/simchocolate.com\/es\/produto\/bombon-de-chocolate-blanco-y-avellanas\/","og_site_name":"SIM Chocolate","article_publisher":"https:\/\/www.facebook.com\/SimBombons","og_image":[{"width":1000,"height":1000,"url":"https:\/\/simchocolate.com\/wp-content\/uploads\/2023\/10\/BOMBOM-FINAL-OPCAO-1-14.jpg","type":"image\/jpeg"}],"twitter_card":"summary_large_image","twitter_misc":{"Tiempo de lectura":"1 minuto"},"schema":{"@context":"https:\/\/schema.org","@graph":[{"@type":"WebPage","@id":"https:\/\/simchocolate.com\/es\/produto\/bombon-de-chocolate-blanco-y-avellanas\/","url":"https:\/\/simchocolate.com\/es\/produto\/bombon-de-chocolate-blanco-y-avellanas\/","name":"Bomb\u00f3n de chocolate blanco y avellanas | YES Chocolate","isPartOf":{"@id":"https:\/\/simchocolate.com\/es\/#website"},"primaryImageOfPage":{"@id":"https:\/\/simchocolate.com\/es\/produto\/bombon-de-chocolate-blanco-y-avellanas\/#primaryimage"},"image":{"@id":"https:\/\/simchocolate.com\/es\/produto\/bombon-de-chocolate-blanco-y-avellanas\/#primaryimage"},"thumbnailUrl":"https:\/\/simchocolate.com\/wp-content\/uploads\/2023\/10\/BOMBOM-FINAL-OPCAO-1-14.jpg","datePublished":"2023-10-20T16:51:57+00:00","description":"Descubre el placer de nuestros Bombones de Avellana y Chocolate Blanco. Las crujientes avellanas envueltas en suave chocolate crean una combinaci\u00f3n de texturas y sabores.","breadcrumb":{"@id":"https:\/\/simchocolate.com\/es\/produto\/bombon-de-chocolate-blanco-y-avellanas\/#breadcrumb"},"inLanguage":"es","potentialAction":[{"@type":"ReadAction","target":["https:\/\/simchocolate.com\/es\/produto\/bombon-de-chocolate-blanco-y-avellanas\/"]}]},{"@type":"ImageObject","inLanguage":"es","@id":"https:\/\/simchocolate.com\/es\/produto\/bombon-de-chocolate-blanco-y-avellanas\/#primaryimage","url":"https:\/\/simchocolate.com\/wp-content\/uploads\/2023\/10\/BOMBOM-FINAL-OPCAO-1-14.jpg","contentUrl":"https:\/\/simchocolate.com\/wp-content\/uploads\/2023\/10\/BOMBOM-FINAL-OPCAO-1-14.jpg","width":1000,"height":1000},{"@type":"BreadcrumbList","@id":"https:\/\/simchocolate.com\/es\/produto\/bombon-de-chocolate-blanco-y-avellanas\/#breadcrumb","itemListElement":[{"@type":"ListItem","position":1,"name":"In\u00edcio","item":"https:\/\/simchocolate.com\/es\/"},{"@type":"ListItem","position":2,"name":"Productos","item":"https:\/\/simchocolate.com\/es\/shop\/"},{"@type":"ListItem","position":3,"name":"Bomb\u00f3n de chocolate blanco y avellanas"}]},{"@type":"WebSite","@id":"https:\/\/simchocolate.com\/es\/#website","url":"https:\/\/simchocolate.com\/es\/","name":"SIM Chocolate","description":"Do amor incondicional entre uma m\u00e3e e sua filha, nasce a marca SIM Bombons no Natal de 2014","potentialAction":[{"@type":"SearchAction","target":{"@type":"EntryPoint","urlTemplate":"https:\/\/simchocolate.com\/es\/?s={search_term_string}"},"query-input":{"@type":"PropertyValueSpecification","valueRequired":true,"valueName":"search_term_string"}}],"inLanguage":"es"}]}},"_links":{"self":[{"href":"https:\/\/simchocolate.com\/es\/wp-json\/wp\/v2\/product\/9792","targetHints":{"allow":["GET"]}}],"collection":[{"href":"https:\/\/simchocolate.com\/es\/wp-json\/wp\/v2\/product"}],"about":[{"href":"https:\/\/simchocolate.com\/es\/wp-json\/wp\/v2\/types\/product"}],"replies":[{"embeddable":true,"href":"https:\/\/simchocolate.com\/es\/wp-json\/wp\/v2\/comments?post=9792"}],"wp:featuredmedia":[{"embeddable":true,"href":"https:\/\/simchocolate.com\/es\/wp-json\/wp\/v2\/media\/9797"}],"wp:attachment":[{"href":"https:\/\/simchocolate.com\/es\/wp-json\/wp\/v2\/media?parent=9792"}],"wp:term":[{"taxonomy":"product_brand","embeddable":true,"href":"https:\/\/simchocolate.com\/es\/wp-json\/wp\/v2\/product_brand?post=9792"},{"taxonomy":"product_cat","embeddable":true,"href":"https:\/\/simchocolate.com\/es\/wp-json\/wp\/v2\/product_cat?post=9792"},{"taxonomy":"product_tag","embeddable":true,"href":"https:\/\/simchocolate.com\/es\/wp-json\/wp\/v2\/product_tag?post=9792"}],"curies":[{"name":"wp","href":"https:\/\/api.w.org\/{rel}","templated":true}]}}