{"id":9793,"date":"2023-10-20T16:52:33","date_gmt":"2023-10-20T16:52:33","guid":{"rendered":"https:\/\/simchocolate.com\/produto\/licor-vino-miel-canela\/"},"modified":"2023-10-20T16:52:33","modified_gmt":"2023-10-20T16:52:33","slug":"licor-vino-miel-canela","status":"publish","type":"product","link":"https:\/\/simchocolate.com\/es\/produto\/licor-vino-miel-canela\/","title":{"rendered":"Licor Vino Miel Canela"},"content":{"rendered":"<h5 style=\"text-align: left;\">Un Encuentro de Sabores Tradicionales y Lujosos<\/h5>\n<p style=\"text-align: left;\">Bombom Licoroso do Douro Mel e Canela ofrece una experiencia sensorial \u00fanica que combina el robusto sabor del vino licoroso de la regi\u00f3n del Duero con la dulce suavidad de la miel y el toque arom\u00e1tico de la canela. Hecho a mano, <strong>este bomb\u00f3n combina lo mejor del chocolate de alta calidad con ingredientes aut\u00e9nticos de la tradici\u00f3n portuguesa.<\/strong> <\/p>\n<p style=\"text-align: left;\">Al morderlo, se revela un relleno licoroso, donde destaca el equilibrio entre el vino y la miel, complementado por la ligereza y calidez de la canela, que a\u00f1ade un toque ex\u00f3tico y reconfortante. Esta armoniosa fusi\u00f3n crea un delicioso contraste con el exterior de chocolate, ofreciendo una experiencia compleja y refinada para el paladar. <\/p>\n<p style=\"text-align: left;\">Ideal como regalo para ocasiones especiales o como capricho sofisticado, el Bombom Vinho Licoroso do Douro Mel Canela <strong>es perfecto para quienes aprecian los sabores ricos y aut\u00e9nticos<\/strong>, elaborados con excelente confiter\u00eda. Es una celebraci\u00f3n de los sabores tradicionales portugueses, transformados en un trocito de lujo. <\/p>\n<p style=\"text-align: left;\">Apto tanto para los amantes del chocolate como para los que valoran los productos regionales y artesanales, este bomb\u00f3n re\u00fane lo mejor de los ingredientes locales, garantizando una experiencia notable y memorable.<\/p>\n","protected":false},"excerpt":{"rendered":"<p>Bomb\u00f3n de Vino con Licor de Miel y Canela, elaborado con chocolate artesano y un sabor \u00fanico.<\/p>\n","protected":false},"featured_media":9801,"comment_status":"closed","ping_status":"closed","template":"","meta":[],"product_brand":[],"product_cat":[187],"product_tag":[],"class_list":{"0":"post-9793","1":"product","2":"type-product","3":"status-publish","4":"has-post-thumbnail","6":"product_cat-bombones","7":"edicoes-navidad","9":"first","10":"instock","11":"shipping-taxable","12":"purchasable","13":"product-type-simple"},"yoast_head":"<!-- This site is optimized with the Yoast SEO plugin v27.2 - https:\/\/yoast.com\/product\/yoast-seo-wordpress\/ -->\n<title>Licor Vino Miel Canela | S\u00cd Chocolate<\/title>\n<meta name=\"description\" content=\"Disfruta del Bomb\u00f3n de Vino con Licor de Miel y Canela, una sofisticada combinaci\u00f3n de chocolate artesano, miel y un toque de canela.\" \/>\n<meta name=\"robots\" content=\"index, follow, max-snippet:-1, max-image-preview:large, max-video-preview:-1\" \/>\n<link rel=\"canonical\" href=\"https:\/\/simchocolate.com\/es\/produto\/licor-vino-miel-canela\/\" \/>\n<meta property=\"og:locale\" content=\"es_ES\" \/>\n<meta property=\"og:type\" content=\"article\" \/>\n<meta property=\"og:title\" content=\"Licor Vino Miel Canela | S\u00cd Chocolate\" \/>\n<meta property=\"og:description\" content=\"Disfruta del Bomb\u00f3n de Vino con Licor de Miel y Canela, una sofisticada combinaci\u00f3n de chocolate artesano, miel y un toque de canela.\" \/>\n<meta property=\"og:url\" content=\"https:\/\/simchocolate.com\/es\/produto\/licor-vino-miel-canela\/\" \/>\n<meta property=\"og:site_name\" content=\"SIM Chocolate\" \/>\n<meta property=\"article:publisher\" content=\"https:\/\/www.facebook.com\/SimBombons\" \/>\n<meta property=\"og:image\" content=\"https:\/\/simchocolate.com\/wp-content\/uploads\/2023\/10\/FINAL-INTEIRO-10.jpg\" \/>\n\t<meta property=\"og:image:width\" content=\"1000\" \/>\n\t<meta property=\"og:image:height\" content=\"1000\" \/>\n\t<meta property=\"og:image:type\" content=\"image\/jpeg\" \/>\n<meta name=\"twitter:card\" content=\"summary_large_image\" \/>\n<meta name=\"twitter:label1\" content=\"Tiempo de lectura\" \/>\n\t<meta name=\"twitter:data1\" content=\"1 minuto\" \/>\n<script type=\"application\/ld+json\" class=\"yoast-schema-graph\">{\"@context\":\"https:\/\/schema.org\",\"@graph\":[{\"@type\":\"WebPage\",\"@id\":\"https:\/\/simchocolate.com\/es\/produto\/licor-vino-miel-canela\/\",\"url\":\"https:\/\/simchocolate.com\/es\/produto\/licor-vino-miel-canela\/\",\"name\":\"Licor Vino Miel Canela | S\u00cd Chocolate\",\"isPartOf\":{\"@id\":\"https:\/\/simchocolate.com\/es\/#website\"},\"primaryImageOfPage\":{\"@id\":\"https:\/\/simchocolate.com\/es\/produto\/licor-vino-miel-canela\/#primaryimage\"},\"image\":{\"@id\":\"https:\/\/simchocolate.com\/es\/produto\/licor-vino-miel-canela\/#primaryimage\"},\"thumbnailUrl\":\"https:\/\/simchocolate.com\/wp-content\/uploads\/2023\/10\/FINAL-INTEIRO-10.jpg\",\"datePublished\":\"2023-10-20T16:52:33+00:00\",\"description\":\"Disfruta del Bomb\u00f3n de Vino con Licor de Miel y Canela, una sofisticada combinaci\u00f3n de chocolate artesano, miel y un toque de canela.\",\"breadcrumb\":{\"@id\":\"https:\/\/simchocolate.com\/es\/produto\/licor-vino-miel-canela\/#breadcrumb\"},\"inLanguage\":\"es\",\"potentialAction\":[{\"@type\":\"ReadAction\",\"target\":[\"https:\/\/simchocolate.com\/es\/produto\/licor-vino-miel-canela\/\"]}]},{\"@type\":\"ImageObject\",\"inLanguage\":\"es\",\"@id\":\"https:\/\/simchocolate.com\/es\/produto\/licor-vino-miel-canela\/#primaryimage\",\"url\":\"https:\/\/simchocolate.com\/wp-content\/uploads\/2023\/10\/FINAL-INTEIRO-10.jpg\",\"contentUrl\":\"https:\/\/simchocolate.com\/wp-content\/uploads\/2023\/10\/FINAL-INTEIRO-10.jpg\",\"width\":1000,\"height\":1000,\"caption\":\"bombom vinho licoroso mel canela\"},{\"@type\":\"BreadcrumbList\",\"@id\":\"https:\/\/simchocolate.com\/es\/produto\/licor-vino-miel-canela\/#breadcrumb\",\"itemListElement\":[{\"@type\":\"ListItem\",\"position\":1,\"name\":\"In\u00edcio\",\"item\":\"https:\/\/simchocolate.com\/es\/\"},{\"@type\":\"ListItem\",\"position\":2,\"name\":\"Productos\",\"item\":\"https:\/\/simchocolate.com\/es\/shop\/\"},{\"@type\":\"ListItem\",\"position\":3,\"name\":\"Licor Vino Miel Canela\"}]},{\"@type\":\"WebSite\",\"@id\":\"https:\/\/simchocolate.com\/es\/#website\",\"url\":\"https:\/\/simchocolate.com\/es\/\",\"name\":\"SIM Chocolate\",\"description\":\"Do amor incondicional entre uma m\u00e3e e sua filha, nasce a marca SIM Bombons no Natal de 2014\",\"potentialAction\":[{\"@type\":\"SearchAction\",\"target\":{\"@type\":\"EntryPoint\",\"urlTemplate\":\"https:\/\/simchocolate.com\/es\/?s={search_term_string}\"},\"query-input\":{\"@type\":\"PropertyValueSpecification\",\"valueRequired\":true,\"valueName\":\"search_term_string\"}}],\"inLanguage\":\"es\"}]}<\/script>\n<!-- \/ Yoast SEO plugin. -->","yoast_head_json":{"title":"Licor Vino Miel Canela | S\u00cd Chocolate","description":"Disfruta del Bomb\u00f3n de Vino con Licor de Miel y Canela, una sofisticada combinaci\u00f3n de chocolate artesano, miel y un toque de canela.","robots":{"index":"index","follow":"follow","max-snippet":"max-snippet:-1","max-image-preview":"max-image-preview:large","max-video-preview":"max-video-preview:-1"},"canonical":"https:\/\/simchocolate.com\/es\/produto\/licor-vino-miel-canela\/","og_locale":"es_ES","og_type":"article","og_title":"Licor Vino Miel Canela | S\u00cd Chocolate","og_description":"Disfruta del Bomb\u00f3n de Vino con Licor de Miel y Canela, una sofisticada combinaci\u00f3n de chocolate artesano, miel y un toque de canela.","og_url":"https:\/\/simchocolate.com\/es\/produto\/licor-vino-miel-canela\/","og_site_name":"SIM Chocolate","article_publisher":"https:\/\/www.facebook.com\/SimBombons","og_image":[{"width":1000,"height":1000,"url":"https:\/\/simchocolate.com\/wp-content\/uploads\/2023\/10\/FINAL-INTEIRO-10.jpg","type":"image\/jpeg"}],"twitter_card":"summary_large_image","twitter_misc":{"Tiempo de lectura":"1 minuto"},"schema":{"@context":"https:\/\/schema.org","@graph":[{"@type":"WebPage","@id":"https:\/\/simchocolate.com\/es\/produto\/licor-vino-miel-canela\/","url":"https:\/\/simchocolate.com\/es\/produto\/licor-vino-miel-canela\/","name":"Licor Vino Miel Canela | S\u00cd Chocolate","isPartOf":{"@id":"https:\/\/simchocolate.com\/es\/#website"},"primaryImageOfPage":{"@id":"https:\/\/simchocolate.com\/es\/produto\/licor-vino-miel-canela\/#primaryimage"},"image":{"@id":"https:\/\/simchocolate.com\/es\/produto\/licor-vino-miel-canela\/#primaryimage"},"thumbnailUrl":"https:\/\/simchocolate.com\/wp-content\/uploads\/2023\/10\/FINAL-INTEIRO-10.jpg","datePublished":"2023-10-20T16:52:33+00:00","description":"Disfruta del Bomb\u00f3n de Vino con Licor de Miel y Canela, una sofisticada combinaci\u00f3n de chocolate artesano, miel y un toque de canela.","breadcrumb":{"@id":"https:\/\/simchocolate.com\/es\/produto\/licor-vino-miel-canela\/#breadcrumb"},"inLanguage":"es","potentialAction":[{"@type":"ReadAction","target":["https:\/\/simchocolate.com\/es\/produto\/licor-vino-miel-canela\/"]}]},{"@type":"ImageObject","inLanguage":"es","@id":"https:\/\/simchocolate.com\/es\/produto\/licor-vino-miel-canela\/#primaryimage","url":"https:\/\/simchocolate.com\/wp-content\/uploads\/2023\/10\/FINAL-INTEIRO-10.jpg","contentUrl":"https:\/\/simchocolate.com\/wp-content\/uploads\/2023\/10\/FINAL-INTEIRO-10.jpg","width":1000,"height":1000,"caption":"bombom vinho licoroso mel canela"},{"@type":"BreadcrumbList","@id":"https:\/\/simchocolate.com\/es\/produto\/licor-vino-miel-canela\/#breadcrumb","itemListElement":[{"@type":"ListItem","position":1,"name":"In\u00edcio","item":"https:\/\/simchocolate.com\/es\/"},{"@type":"ListItem","position":2,"name":"Productos","item":"https:\/\/simchocolate.com\/es\/shop\/"},{"@type":"ListItem","position":3,"name":"Licor Vino Miel Canela"}]},{"@type":"WebSite","@id":"https:\/\/simchocolate.com\/es\/#website","url":"https:\/\/simchocolate.com\/es\/","name":"SIM Chocolate","description":"Do amor incondicional entre uma m\u00e3e e sua filha, nasce a marca SIM Bombons no Natal de 2014","potentialAction":[{"@type":"SearchAction","target":{"@type":"EntryPoint","urlTemplate":"https:\/\/simchocolate.com\/es\/?s={search_term_string}"},"query-input":{"@type":"PropertyValueSpecification","valueRequired":true,"valueName":"search_term_string"}}],"inLanguage":"es"}]}},"_links":{"self":[{"href":"https:\/\/simchocolate.com\/es\/wp-json\/wp\/v2\/product\/9793","targetHints":{"allow":["GET"]}}],"collection":[{"href":"https:\/\/simchocolate.com\/es\/wp-json\/wp\/v2\/product"}],"about":[{"href":"https:\/\/simchocolate.com\/es\/wp-json\/wp\/v2\/types\/product"}],"replies":[{"embeddable":true,"href":"https:\/\/simchocolate.com\/es\/wp-json\/wp\/v2\/comments?post=9793"}],"wp:featuredmedia":[{"embeddable":true,"href":"https:\/\/simchocolate.com\/es\/wp-json\/wp\/v2\/media\/9801"}],"wp:attachment":[{"href":"https:\/\/simchocolate.com\/es\/wp-json\/wp\/v2\/media?parent=9793"}],"wp:term":[{"taxonomy":"product_brand","embeddable":true,"href":"https:\/\/simchocolate.com\/es\/wp-json\/wp\/v2\/product_brand?post=9793"},{"taxonomy":"product_cat","embeddable":true,"href":"https:\/\/simchocolate.com\/es\/wp-json\/wp\/v2\/product_cat?post=9793"},{"taxonomy":"product_tag","embeddable":true,"href":"https:\/\/simchocolate.com\/es\/wp-json\/wp\/v2\/product_tag?post=9793"}],"curies":[{"name":"wp","href":"https:\/\/api.w.org\/{rel}","templated":true}]}}