{"id":9802,"date":"2023-10-20T16:52:02","date_gmt":"2023-10-20T16:52:02","guid":{"rendered":"https:\/\/simchocolate.com\/produto\/bombon-de-lima-y-limon\/"},"modified":"2023-10-20T16:52:02","modified_gmt":"2023-10-20T16:52:02","slug":"bombon-de-lima-y-limon","status":"publish","type":"product","link":"https:\/\/simchocolate.com\/es\/produto\/bombon-de-lima-y-limon\/","title":{"rendered":"Bomb\u00f3n de lima y lim\u00f3n"},"content":{"rendered":"<p style=\"text-align: left;\">Disfruta de un refresco c\u00edtrico con los Bombones de Lima Lim\u00f3n, <strong>una creaci\u00f3n gourmet que combina lo mejor de la vibrante acidez de las limas y los limones con la lujosa suavidad del chocolate.<\/strong> Cada bomb\u00f3n es una aut\u00e9ntica obra maestra de confiter\u00eda, meticulosamente elaborada para proporcionar una experiencia sensorial \u00fanica.<\/p>\n<p style=\"text-align: left;\">Bombom Lima Lim\u00e3o est\u00e1 envuelto en una capa de chocolate de primera calidad, cuya textura aterciopelada contrasta perfectamente con el relleno de lima y lim\u00f3n. Este relleno est\u00e1 hecho con una mezcla especial de c\u00edtricos, que aportan una explosi\u00f3n de frescor y acidez, equilibrada por el suave dulzor del chocolate. La combinaci\u00f3n da como resultado una sinfon\u00eda de sabores tan vigorizante como indulgente.  <\/p>\n<p style=\"text-align: left;\">Los ingredientes se seleccionan con sumo cuidado, garantizando que s\u00f3lo se utilicen los mejores limones y limas para crear un relleno que mantenga la autenticidad y la intensidad de los sabores naturales. El chocolate que envuelve el bomb\u00f3n se elige por su calidad superior, fundi\u00e9ndose perfectamente en la boca y complementando la explosi\u00f3n c\u00edtrica del relleno. <\/p>\n<p style=\"text-align: left;\">Ideal para quienes disfrutan con una mezcla de sabores frescos y sofisticados, el Bomb\u00f3n de Lim\u00f3n y Lima es perfecto tanto para ocasiones especiales como para un momento de indulgencia personal. Ya sea como elegante regalo para alguien especial o como capricho para ti mismo, este bomb\u00f3n es la elecci\u00f3n perfecta para quien busque una experiencia de chocolate verdaderamente refrescante y distintiva. <\/p>\n<p style=\"text-align: left;\">Eleva tus momentos de degustaci\u00f3n con la combinaci\u00f3n perfecta de sabores y texturas que s\u00f3lo el Lim\u00f3n Lima Bombom puede ofrecer.<\/p>\n<p style=\"text-align: left;\"><strong>*Mantener a una temperatura de entre 16\u00ba y 20\u00ba grados.<\/strong><\/p>\n","protected":false},"excerpt":{"rendered":"<p>Una fusi\u00f3n perfecta de chocolate y el refrescante sabor de la lima y el lim\u00f3n.<\/p>\n","protected":false},"featured_media":9808,"comment_status":"closed","ping_status":"closed","template":"","meta":[],"product_brand":[],"product_cat":[187],"product_tag":[236,237],"class_list":{"0":"post-9802","1":"product","2":"type-product","3":"status-publish","4":"has-post-thumbnail","6":"product_cat-bombones","7":"product_tag-cal","8":"product_tag-limon","10":"first","11":"instock","12":"shipping-taxable","13":"purchasable","14":"product-type-simple"},"yoast_head":"<!-- This site is optimized with the Yoast SEO plugin v27.2 - https:\/\/yoast.com\/product\/yoast-seo-wordpress\/ -->\n<title>Bomb\u00f3n de lima y lim\u00f3n | S\u00cd Chocolate<\/title>\n<meta name=\"description\" content=\"Prueba Bombom Lima Lim\u00e3o, una deliciosa combinaci\u00f3n de chocolate con el refrescante sabor de la lima y el lim\u00f3n. Un toque c\u00edtrico para una delicia \u00fanica.\" \/>\n<meta name=\"robots\" content=\"index, follow, max-snippet:-1, max-image-preview:large, max-video-preview:-1\" \/>\n<link rel=\"canonical\" href=\"https:\/\/simchocolate.com\/es\/produto\/bombon-de-lima-y-limon\/\" \/>\n<meta property=\"og:locale\" content=\"es_ES\" \/>\n<meta property=\"og:type\" content=\"article\" \/>\n<meta property=\"og:title\" content=\"Bomb\u00f3n de lima y lim\u00f3n | S\u00cd Chocolate\" \/>\n<meta property=\"og:description\" content=\"Prueba Bombom Lima Lim\u00e3o, una deliciosa combinaci\u00f3n de chocolate con el refrescante sabor de la lima y el lim\u00f3n. Un toque c\u00edtrico para una delicia \u00fanica.\" \/>\n<meta property=\"og:url\" content=\"https:\/\/simchocolate.com\/es\/produto\/bombon-de-lima-y-limon\/\" \/>\n<meta property=\"og:site_name\" content=\"SIM Chocolate\" \/>\n<meta property=\"article:publisher\" content=\"https:\/\/www.facebook.com\/SimBombons\" \/>\n<meta property=\"og:image\" content=\"https:\/\/simchocolate.com\/wp-content\/uploads\/2023\/10\/BOMBOM-FINAL-OPCAO-1-18.jpg\" \/>\n\t<meta property=\"og:image:width\" content=\"1000\" \/>\n\t<meta property=\"og:image:height\" content=\"1000\" \/>\n\t<meta property=\"og:image:type\" content=\"image\/jpeg\" \/>\n<meta name=\"twitter:card\" content=\"summary_large_image\" \/>\n<meta name=\"twitter:label1\" content=\"Tiempo de lectura\" \/>\n\t<meta name=\"twitter:data1\" content=\"1 minuto\" \/>\n<script type=\"application\/ld+json\" class=\"yoast-schema-graph\">{\"@context\":\"https:\/\/schema.org\",\"@graph\":[{\"@type\":\"WebPage\",\"@id\":\"https:\/\/simchocolate.com\/es\/produto\/bombon-de-lima-y-limon\/\",\"url\":\"https:\/\/simchocolate.com\/es\/produto\/bombon-de-lima-y-limon\/\",\"name\":\"Bomb\u00f3n de lima y lim\u00f3n | S\u00cd Chocolate\",\"isPartOf\":{\"@id\":\"https:\/\/simchocolate.com\/es\/#website\"},\"primaryImageOfPage\":{\"@id\":\"https:\/\/simchocolate.com\/es\/produto\/bombon-de-lima-y-limon\/#primaryimage\"},\"image\":{\"@id\":\"https:\/\/simchocolate.com\/es\/produto\/bombon-de-lima-y-limon\/#primaryimage\"},\"thumbnailUrl\":\"https:\/\/simchocolate.com\/wp-content\/uploads\/2023\/10\/BOMBOM-FINAL-OPCAO-1-18.jpg\",\"datePublished\":\"2023-10-20T16:52:02+00:00\",\"description\":\"Prueba Bombom Lima Lim\u00e3o, una deliciosa combinaci\u00f3n de chocolate con el refrescante sabor de la lima y el lim\u00f3n. Un toque c\u00edtrico para una delicia \u00fanica.\",\"breadcrumb\":{\"@id\":\"https:\/\/simchocolate.com\/es\/produto\/bombon-de-lima-y-limon\/#breadcrumb\"},\"inLanguage\":\"es\",\"potentialAction\":[{\"@type\":\"ReadAction\",\"target\":[\"https:\/\/simchocolate.com\/es\/produto\/bombon-de-lima-y-limon\/\"]}]},{\"@type\":\"ImageObject\",\"inLanguage\":\"es\",\"@id\":\"https:\/\/simchocolate.com\/es\/produto\/bombon-de-lima-y-limon\/#primaryimage\",\"url\":\"https:\/\/simchocolate.com\/wp-content\/uploads\/2023\/10\/BOMBOM-FINAL-OPCAO-1-18.jpg\",\"contentUrl\":\"https:\/\/simchocolate.com\/wp-content\/uploads\/2023\/10\/BOMBOM-FINAL-OPCAO-1-18.jpg\",\"width\":1000,\"height\":1000,\"caption\":\"bombom lima lim\u00e3o\"},{\"@type\":\"BreadcrumbList\",\"@id\":\"https:\/\/simchocolate.com\/es\/produto\/bombon-de-lima-y-limon\/#breadcrumb\",\"itemListElement\":[{\"@type\":\"ListItem\",\"position\":1,\"name\":\"In\u00edcio\",\"item\":\"https:\/\/simchocolate.com\/es\/\"},{\"@type\":\"ListItem\",\"position\":2,\"name\":\"Productos\",\"item\":\"https:\/\/simchocolate.com\/es\/shop\/\"},{\"@type\":\"ListItem\",\"position\":3,\"name\":\"Bomb\u00f3n de lima y lim\u00f3n\"}]},{\"@type\":\"WebSite\",\"@id\":\"https:\/\/simchocolate.com\/es\/#website\",\"url\":\"https:\/\/simchocolate.com\/es\/\",\"name\":\"SIM Chocolate\",\"description\":\"Do amor incondicional entre uma m\u00e3e e sua filha, nasce a marca SIM Bombons no Natal de 2014\",\"potentialAction\":[{\"@type\":\"SearchAction\",\"target\":{\"@type\":\"EntryPoint\",\"urlTemplate\":\"https:\/\/simchocolate.com\/es\/?s={search_term_string}\"},\"query-input\":{\"@type\":\"PropertyValueSpecification\",\"valueRequired\":true,\"valueName\":\"search_term_string\"}}],\"inLanguage\":\"es\"}]}<\/script>\n<!-- \/ Yoast SEO plugin. -->","yoast_head_json":{"title":"Bomb\u00f3n de lima y lim\u00f3n | S\u00cd Chocolate","description":"Prueba Bombom Lima Lim\u00e3o, una deliciosa combinaci\u00f3n de chocolate con el refrescante sabor de la lima y el lim\u00f3n. Un toque c\u00edtrico para una delicia \u00fanica.","robots":{"index":"index","follow":"follow","max-snippet":"max-snippet:-1","max-image-preview":"max-image-preview:large","max-video-preview":"max-video-preview:-1"},"canonical":"https:\/\/simchocolate.com\/es\/produto\/bombon-de-lima-y-limon\/","og_locale":"es_ES","og_type":"article","og_title":"Bomb\u00f3n de lima y lim\u00f3n | S\u00cd Chocolate","og_description":"Prueba Bombom Lima Lim\u00e3o, una deliciosa combinaci\u00f3n de chocolate con el refrescante sabor de la lima y el lim\u00f3n. Un toque c\u00edtrico para una delicia \u00fanica.","og_url":"https:\/\/simchocolate.com\/es\/produto\/bombon-de-lima-y-limon\/","og_site_name":"SIM Chocolate","article_publisher":"https:\/\/www.facebook.com\/SimBombons","og_image":[{"width":1000,"height":1000,"url":"https:\/\/simchocolate.com\/wp-content\/uploads\/2023\/10\/BOMBOM-FINAL-OPCAO-1-18.jpg","type":"image\/jpeg"}],"twitter_card":"summary_large_image","twitter_misc":{"Tiempo de lectura":"1 minuto"},"schema":{"@context":"https:\/\/schema.org","@graph":[{"@type":"WebPage","@id":"https:\/\/simchocolate.com\/es\/produto\/bombon-de-lima-y-limon\/","url":"https:\/\/simchocolate.com\/es\/produto\/bombon-de-lima-y-limon\/","name":"Bomb\u00f3n de lima y lim\u00f3n | S\u00cd Chocolate","isPartOf":{"@id":"https:\/\/simchocolate.com\/es\/#website"},"primaryImageOfPage":{"@id":"https:\/\/simchocolate.com\/es\/produto\/bombon-de-lima-y-limon\/#primaryimage"},"image":{"@id":"https:\/\/simchocolate.com\/es\/produto\/bombon-de-lima-y-limon\/#primaryimage"},"thumbnailUrl":"https:\/\/simchocolate.com\/wp-content\/uploads\/2023\/10\/BOMBOM-FINAL-OPCAO-1-18.jpg","datePublished":"2023-10-20T16:52:02+00:00","description":"Prueba Bombom Lima Lim\u00e3o, una deliciosa combinaci\u00f3n de chocolate con el refrescante sabor de la lima y el lim\u00f3n. Un toque c\u00edtrico para una delicia \u00fanica.","breadcrumb":{"@id":"https:\/\/simchocolate.com\/es\/produto\/bombon-de-lima-y-limon\/#breadcrumb"},"inLanguage":"es","potentialAction":[{"@type":"ReadAction","target":["https:\/\/simchocolate.com\/es\/produto\/bombon-de-lima-y-limon\/"]}]},{"@type":"ImageObject","inLanguage":"es","@id":"https:\/\/simchocolate.com\/es\/produto\/bombon-de-lima-y-limon\/#primaryimage","url":"https:\/\/simchocolate.com\/wp-content\/uploads\/2023\/10\/BOMBOM-FINAL-OPCAO-1-18.jpg","contentUrl":"https:\/\/simchocolate.com\/wp-content\/uploads\/2023\/10\/BOMBOM-FINAL-OPCAO-1-18.jpg","width":1000,"height":1000,"caption":"bombom lima lim\u00e3o"},{"@type":"BreadcrumbList","@id":"https:\/\/simchocolate.com\/es\/produto\/bombon-de-lima-y-limon\/#breadcrumb","itemListElement":[{"@type":"ListItem","position":1,"name":"In\u00edcio","item":"https:\/\/simchocolate.com\/es\/"},{"@type":"ListItem","position":2,"name":"Productos","item":"https:\/\/simchocolate.com\/es\/shop\/"},{"@type":"ListItem","position":3,"name":"Bomb\u00f3n de lima y lim\u00f3n"}]},{"@type":"WebSite","@id":"https:\/\/simchocolate.com\/es\/#website","url":"https:\/\/simchocolate.com\/es\/","name":"SIM Chocolate","description":"Do amor incondicional entre uma m\u00e3e e sua filha, nasce a marca SIM Bombons no Natal de 2014","potentialAction":[{"@type":"SearchAction","target":{"@type":"EntryPoint","urlTemplate":"https:\/\/simchocolate.com\/es\/?s={search_term_string}"},"query-input":{"@type":"PropertyValueSpecification","valueRequired":true,"valueName":"search_term_string"}}],"inLanguage":"es"}]}},"_links":{"self":[{"href":"https:\/\/simchocolate.com\/es\/wp-json\/wp\/v2\/product\/9802","targetHints":{"allow":["GET"]}}],"collection":[{"href":"https:\/\/simchocolate.com\/es\/wp-json\/wp\/v2\/product"}],"about":[{"href":"https:\/\/simchocolate.com\/es\/wp-json\/wp\/v2\/types\/product"}],"replies":[{"embeddable":true,"href":"https:\/\/simchocolate.com\/es\/wp-json\/wp\/v2\/comments?post=9802"}],"wp:featuredmedia":[{"embeddable":true,"href":"https:\/\/simchocolate.com\/es\/wp-json\/wp\/v2\/media\/9808"}],"wp:attachment":[{"href":"https:\/\/simchocolate.com\/es\/wp-json\/wp\/v2\/media?parent=9802"}],"wp:term":[{"taxonomy":"product_brand","embeddable":true,"href":"https:\/\/simchocolate.com\/es\/wp-json\/wp\/v2\/product_brand?post=9802"},{"taxonomy":"product_cat","embeddable":true,"href":"https:\/\/simchocolate.com\/es\/wp-json\/wp\/v2\/product_cat?post=9802"},{"taxonomy":"product_tag","embeddable":true,"href":"https:\/\/simchocolate.com\/es\/wp-json\/wp\/v2\/product_tag?post=9802"}],"curies":[{"name":"wp","href":"https:\/\/api.w.org\/{rel}","templated":true}]}}