{"id":9810,"date":"2023-10-20T16:52:09","date_gmt":"2023-10-20T16:52:09","guid":{"rendered":"https:\/\/simchocolate.com\/produto\/bombones-de-moscatel\/"},"modified":"2023-10-20T16:52:09","modified_gmt":"2023-10-20T16:52:09","slug":"bombones-de-moscatel","status":"publish","type":"product","link":"https:\/\/simchocolate.com\/es\/produto\/bombones-de-moscatel\/","title":{"rendered":"Bombones de moscatel"},"content":{"rendered":"<p style=\"text-align: left;\">Prueba el sofisticado Bomb\u00f3n Moscatel,<strong> una aut\u00e9ntica obra maestra de la reposter\u00eda gourmet que combina lo mejor del chocolate con el refinamiento del vino moscatel.<\/strong> Este bomb\u00f3n est\u00e1 cuidadosamente elaborado para proporcionar una experiencia gustativa excepcional, ideal para los conocedores de sabores refinados.<\/p>\n<p style=\"text-align: left;\">Cada bomb\u00f3n est\u00e1 recubierto de chocolate de primera calidad, que sirve de elegante cobertura para el lujoso relleno de vino moscatel. El relleno, enriquecido con la suavidad y las notas afrutadas del Moscatel, ofrece un sublime contraste con la textura aterciopelada del chocolate. La armoniosa combinaci\u00f3n de chocolate y vino moscatel crea un sabor profundo y complejo que deleita el paladar a cada bocado.  <\/p>\n<p style=\"text-align: left;\">El vino moscatel se selecciona con precisi\u00f3n para garantizar que el perfil arom\u00e1tico y el dulzor caracter\u00edstico del vino combinen perfectamente con el chocolate, creando una experiencia de degustaci\u00f3n \u00fanica y memorable.<\/p>\n<p style=\"text-align: left;\"><strong>*Mantener a una temperatura entre 16\u00ba &#8211; 20\u00ba grados<\/strong><\/p>\n","protected":false},"excerpt":{"rendered":"<p>Bomb\u00f3n de moscatel, relleno de vino moscatel y chocolate de alta calidad. Una golosina sofisticada para los amantes de los sabores refinados. <\/p>\n","protected":false},"featured_media":9815,"comment_status":"closed","ping_status":"closed","template":"","meta":[],"product_brand":[],"product_cat":[187],"product_tag":[227,238],"class_list":{"0":"post-9810","1":"product","2":"type-product","3":"status-publish","4":"has-post-thumbnail","6":"product_cat-bombones","7":"product_tag-chocolates","8":"product_tag-moscatel","10":"first","11":"instock","12":"shipping-taxable","13":"purchasable","14":"product-type-simple"},"yoast_head":"<!-- This site is optimized with the Yoast SEO plugin v27.2 - https:\/\/yoast.com\/product\/yoast-seo-wordpress\/ -->\n<title>Bombones de moscatel | S\u00cd Chocolate<\/title>\n<meta name=\"description\" content=\"Bombom Moscatel, una sofisticada combinaci\u00f3n de chocolate y vino Moscatel. Una experiencia gourmet que deleita el paladar con un toque de elegancia\" \/>\n<meta name=\"robots\" content=\"index, follow, max-snippet:-1, max-image-preview:large, max-video-preview:-1\" \/>\n<link rel=\"canonical\" href=\"https:\/\/simchocolate.com\/es\/produto\/bombones-de-moscatel\/\" \/>\n<meta property=\"og:locale\" content=\"es_ES\" \/>\n<meta property=\"og:type\" content=\"article\" \/>\n<meta property=\"og:title\" content=\"Bombones de moscatel | S\u00cd Chocolate\" \/>\n<meta property=\"og:description\" content=\"Bombom Moscatel, una sofisticada combinaci\u00f3n de chocolate y vino Moscatel. Una experiencia gourmet que deleita el paladar con un toque de elegancia\" \/>\n<meta property=\"og:url\" content=\"https:\/\/simchocolate.com\/es\/produto\/bombones-de-moscatel\/\" \/>\n<meta property=\"og:site_name\" content=\"SIM Chocolate\" \/>\n<meta property=\"article:publisher\" content=\"https:\/\/www.facebook.com\/SimBombons\" \/>\n<meta property=\"og:image\" content=\"https:\/\/simchocolate.com\/wp-content\/uploads\/2023\/10\/BOMBOM-FINAL-OPCAO-1-26.jpg\" \/>\n\t<meta property=\"og:image:width\" content=\"1000\" \/>\n\t<meta property=\"og:image:height\" content=\"1000\" \/>\n\t<meta property=\"og:image:type\" content=\"image\/jpeg\" \/>\n<meta name=\"twitter:card\" content=\"summary_large_image\" \/>\n<meta name=\"twitter:label1\" content=\"Tiempo de lectura\" \/>\n\t<meta name=\"twitter:data1\" content=\"1 minuto\" \/>\n<script type=\"application\/ld+json\" class=\"yoast-schema-graph\">{\"@context\":\"https:\/\/schema.org\",\"@graph\":[{\"@type\":\"WebPage\",\"@id\":\"https:\/\/simchocolate.com\/es\/produto\/bombones-de-moscatel\/\",\"url\":\"https:\/\/simchocolate.com\/es\/produto\/bombones-de-moscatel\/\",\"name\":\"Bombones de moscatel | S\u00cd Chocolate\",\"isPartOf\":{\"@id\":\"https:\/\/simchocolate.com\/es\/#website\"},\"primaryImageOfPage\":{\"@id\":\"https:\/\/simchocolate.com\/es\/produto\/bombones-de-moscatel\/#primaryimage\"},\"image\":{\"@id\":\"https:\/\/simchocolate.com\/es\/produto\/bombones-de-moscatel\/#primaryimage\"},\"thumbnailUrl\":\"https:\/\/simchocolate.com\/wp-content\/uploads\/2023\/10\/BOMBOM-FINAL-OPCAO-1-26.jpg\",\"datePublished\":\"2023-10-20T16:52:09+00:00\",\"description\":\"Bombom Moscatel, una sofisticada combinaci\u00f3n de chocolate y vino Moscatel. Una experiencia gourmet que deleita el paladar con un toque de elegancia\",\"breadcrumb\":{\"@id\":\"https:\/\/simchocolate.com\/es\/produto\/bombones-de-moscatel\/#breadcrumb\"},\"inLanguage\":\"es\",\"potentialAction\":[{\"@type\":\"ReadAction\",\"target\":[\"https:\/\/simchocolate.com\/es\/produto\/bombones-de-moscatel\/\"]}]},{\"@type\":\"ImageObject\",\"inLanguage\":\"es\",\"@id\":\"https:\/\/simchocolate.com\/es\/produto\/bombones-de-moscatel\/#primaryimage\",\"url\":\"https:\/\/simchocolate.com\/wp-content\/uploads\/2023\/10\/BOMBOM-FINAL-OPCAO-1-26.jpg\",\"contentUrl\":\"https:\/\/simchocolate.com\/wp-content\/uploads\/2023\/10\/BOMBOM-FINAL-OPCAO-1-26.jpg\",\"width\":1000,\"height\":1000,\"caption\":\"bombom moscatel\"},{\"@type\":\"BreadcrumbList\",\"@id\":\"https:\/\/simchocolate.com\/es\/produto\/bombones-de-moscatel\/#breadcrumb\",\"itemListElement\":[{\"@type\":\"ListItem\",\"position\":1,\"name\":\"In\u00edcio\",\"item\":\"https:\/\/simchocolate.com\/es\/\"},{\"@type\":\"ListItem\",\"position\":2,\"name\":\"Productos\",\"item\":\"https:\/\/simchocolate.com\/es\/shop\/\"},{\"@type\":\"ListItem\",\"position\":3,\"name\":\"Bombones de moscatel\"}]},{\"@type\":\"WebSite\",\"@id\":\"https:\/\/simchocolate.com\/es\/#website\",\"url\":\"https:\/\/simchocolate.com\/es\/\",\"name\":\"SIM Chocolate\",\"description\":\"Do amor incondicional entre uma m\u00e3e e sua filha, nasce a marca SIM Bombons no Natal de 2014\",\"potentialAction\":[{\"@type\":\"SearchAction\",\"target\":{\"@type\":\"EntryPoint\",\"urlTemplate\":\"https:\/\/simchocolate.com\/es\/?s={search_term_string}\"},\"query-input\":{\"@type\":\"PropertyValueSpecification\",\"valueRequired\":true,\"valueName\":\"search_term_string\"}}],\"inLanguage\":\"es\"}]}<\/script>\n<!-- \/ Yoast SEO plugin. -->","yoast_head_json":{"title":"Bombones de moscatel | S\u00cd Chocolate","description":"Bombom Moscatel, una sofisticada combinaci\u00f3n de chocolate y vino Moscatel. Una experiencia gourmet que deleita el paladar con un toque de elegancia","robots":{"index":"index","follow":"follow","max-snippet":"max-snippet:-1","max-image-preview":"max-image-preview:large","max-video-preview":"max-video-preview:-1"},"canonical":"https:\/\/simchocolate.com\/es\/produto\/bombones-de-moscatel\/","og_locale":"es_ES","og_type":"article","og_title":"Bombones de moscatel | S\u00cd Chocolate","og_description":"Bombom Moscatel, una sofisticada combinaci\u00f3n de chocolate y vino Moscatel. Una experiencia gourmet que deleita el paladar con un toque de elegancia","og_url":"https:\/\/simchocolate.com\/es\/produto\/bombones-de-moscatel\/","og_site_name":"SIM Chocolate","article_publisher":"https:\/\/www.facebook.com\/SimBombons","og_image":[{"width":1000,"height":1000,"url":"https:\/\/simchocolate.com\/wp-content\/uploads\/2023\/10\/BOMBOM-FINAL-OPCAO-1-26.jpg","type":"image\/jpeg"}],"twitter_card":"summary_large_image","twitter_misc":{"Tiempo de lectura":"1 minuto"},"schema":{"@context":"https:\/\/schema.org","@graph":[{"@type":"WebPage","@id":"https:\/\/simchocolate.com\/es\/produto\/bombones-de-moscatel\/","url":"https:\/\/simchocolate.com\/es\/produto\/bombones-de-moscatel\/","name":"Bombones de moscatel | S\u00cd Chocolate","isPartOf":{"@id":"https:\/\/simchocolate.com\/es\/#website"},"primaryImageOfPage":{"@id":"https:\/\/simchocolate.com\/es\/produto\/bombones-de-moscatel\/#primaryimage"},"image":{"@id":"https:\/\/simchocolate.com\/es\/produto\/bombones-de-moscatel\/#primaryimage"},"thumbnailUrl":"https:\/\/simchocolate.com\/wp-content\/uploads\/2023\/10\/BOMBOM-FINAL-OPCAO-1-26.jpg","datePublished":"2023-10-20T16:52:09+00:00","description":"Bombom Moscatel, una sofisticada combinaci\u00f3n de chocolate y vino Moscatel. Una experiencia gourmet que deleita el paladar con un toque de elegancia","breadcrumb":{"@id":"https:\/\/simchocolate.com\/es\/produto\/bombones-de-moscatel\/#breadcrumb"},"inLanguage":"es","potentialAction":[{"@type":"ReadAction","target":["https:\/\/simchocolate.com\/es\/produto\/bombones-de-moscatel\/"]}]},{"@type":"ImageObject","inLanguage":"es","@id":"https:\/\/simchocolate.com\/es\/produto\/bombones-de-moscatel\/#primaryimage","url":"https:\/\/simchocolate.com\/wp-content\/uploads\/2023\/10\/BOMBOM-FINAL-OPCAO-1-26.jpg","contentUrl":"https:\/\/simchocolate.com\/wp-content\/uploads\/2023\/10\/BOMBOM-FINAL-OPCAO-1-26.jpg","width":1000,"height":1000,"caption":"bombom moscatel"},{"@type":"BreadcrumbList","@id":"https:\/\/simchocolate.com\/es\/produto\/bombones-de-moscatel\/#breadcrumb","itemListElement":[{"@type":"ListItem","position":1,"name":"In\u00edcio","item":"https:\/\/simchocolate.com\/es\/"},{"@type":"ListItem","position":2,"name":"Productos","item":"https:\/\/simchocolate.com\/es\/shop\/"},{"@type":"ListItem","position":3,"name":"Bombones de moscatel"}]},{"@type":"WebSite","@id":"https:\/\/simchocolate.com\/es\/#website","url":"https:\/\/simchocolate.com\/es\/","name":"SIM Chocolate","description":"Do amor incondicional entre uma m\u00e3e e sua filha, nasce a marca SIM Bombons no Natal de 2014","potentialAction":[{"@type":"SearchAction","target":{"@type":"EntryPoint","urlTemplate":"https:\/\/simchocolate.com\/es\/?s={search_term_string}"},"query-input":{"@type":"PropertyValueSpecification","valueRequired":true,"valueName":"search_term_string"}}],"inLanguage":"es"}]}},"_links":{"self":[{"href":"https:\/\/simchocolate.com\/es\/wp-json\/wp\/v2\/product\/9810","targetHints":{"allow":["GET"]}}],"collection":[{"href":"https:\/\/simchocolate.com\/es\/wp-json\/wp\/v2\/product"}],"about":[{"href":"https:\/\/simchocolate.com\/es\/wp-json\/wp\/v2\/types\/product"}],"replies":[{"embeddable":true,"href":"https:\/\/simchocolate.com\/es\/wp-json\/wp\/v2\/comments?post=9810"}],"wp:featuredmedia":[{"embeddable":true,"href":"https:\/\/simchocolate.com\/es\/wp-json\/wp\/v2\/media\/9815"}],"wp:attachment":[{"href":"https:\/\/simchocolate.com\/es\/wp-json\/wp\/v2\/media?parent=9810"}],"wp:term":[{"taxonomy":"product_brand","embeddable":true,"href":"https:\/\/simchocolate.com\/es\/wp-json\/wp\/v2\/product_brand?post=9810"},{"taxonomy":"product_cat","embeddable":true,"href":"https:\/\/simchocolate.com\/es\/wp-json\/wp\/v2\/product_cat?post=9810"},{"taxonomy":"product_tag","embeddable":true,"href":"https:\/\/simchocolate.com\/es\/wp-json\/wp\/v2\/product_tag?post=9810"}],"curies":[{"name":"wp","href":"https:\/\/api.w.org\/{rel}","templated":true}]}}