{"id":9811,"date":"2023-10-20T16:52:43","date_gmt":"2023-10-20T16:52:43","guid":{"rendered":"https:\/\/simchocolate.com\/produto\/bombon-de-naranja\/"},"modified":"2023-10-20T16:52:43","modified_gmt":"2023-10-20T16:52:43","slug":"bombon-de-naranja","status":"publish","type":"product","link":"https:\/\/simchocolate.com\/es\/produto\/bombon-de-naranja\/","title":{"rendered":"Bomb\u00f3n de naranja"},"content":{"rendered":"<h5 style=\"text-align: left;\">Una explosi\u00f3n de c\u00edtricos con un sabor irresistible<\/h5>\n<p style=\"text-align: left;\">Bombom de Laranja es <strong>una combinaci\u00f3n \u00fanica que armoniza el rico dulzor del chocolate de primera calidad con el sabor fresco y c\u00edtrico de las naranjas<\/strong>. Cada bomb\u00f3n se elabora cuidadosamente, <strong>aportando<\/strong> un <strong>equilibrio perfecto entre la cremosidad del chocolate y la ligereza de la fruta<\/strong>, creando una irresistible explosi\u00f3n de sabores en cada bocado. <\/p>\n<p style=\"text-align: left;\">El relleno de naranja se elabora con ingredientes naturales, preservando la frescura y el vibrante sabor de la fruta. Envuelto en una fina capa de chocolate de alta calidad, el bomb\u00f3n ofrece una experiencia de sabor que sorprende al paladar por su complejidad y frescura. La suave acidez de la naranja contrasta con el dulzor del chocolate, creando un sabor equilibrado y refrescante.  <\/p>\n<p style=\"text-align: left;\">Este bomb\u00f3n artesanal no s\u00f3lo encanta por su sabor, sino tambi\u00e9n por su refinada presentaci\u00f3n. Cada detalle, desde la selecci\u00f3n de los ingredientes hasta el proceso de elaboraci\u00f3n, est\u00e1 pensado para ofrecer una experiencia gourmet inolvidable. D\u00e9jate sorprender por la suavidad y la intensidad de los sabores del Bomb\u00f3n de Naranja.  <\/p>\n<p style=\"text-align: left;\"><strong>*Mantener a una temperatura entre 16\u00ba &#8211; 20\u00ba grados<\/strong><\/p>\n<p style=\"text-align: left;\">\n","protected":false},"excerpt":{"rendered":"<p>Bombones de naranja con un toque c\u00edtrico, combinados con chocolate artesano de alta calidad, perfectos para los amantes de los sabores frescos e intensos.<\/p>\n","protected":false},"featured_media":9819,"comment_status":"closed","ping_status":"closed","template":"","meta":[],"product_brand":[],"product_cat":[187],"product_tag":[239],"class_list":{"0":"post-9811","1":"product","2":"type-product","3":"status-publish","4":"has-post-thumbnail","6":"product_cat-bombones","7":"product_tag-naranja","9":"first","10":"outofstock","11":"shipping-taxable","12":"purchasable","13":"product-type-simple"},"yoast_head":"<!-- This site is optimized with the Yoast SEO plugin v27.5 - https:\/\/yoast.com\/product\/yoast-seo-wordpress\/ -->\n<title>Bomb\u00f3n de naranja | S\u00cd Chocolate<\/title>\n<meta name=\"description\" content=\"Descubre Orange Bombom, una irresistible combinaci\u00f3n de chocolate gourmet de alta calidad y el sabor fresco y c\u00edtrico de las naranjas.\" \/>\n<meta name=\"robots\" content=\"index, follow, max-snippet:-1, max-image-preview:large, max-video-preview:-1\" \/>\n<link rel=\"canonical\" href=\"https:\/\/simchocolate.com\/es\/produto\/bombon-de-naranja\/\" \/>\n<meta property=\"og:locale\" content=\"es_ES\" \/>\n<meta property=\"og:type\" content=\"article\" \/>\n<meta property=\"og:title\" content=\"Bomb\u00f3n de naranja | S\u00cd Chocolate\" \/>\n<meta property=\"og:description\" content=\"Descubre Orange Bombom, una irresistible combinaci\u00f3n de chocolate gourmet de alta calidad y el sabor fresco y c\u00edtrico de las naranjas.\" \/>\n<meta property=\"og:url\" content=\"https:\/\/simchocolate.com\/es\/produto\/bombon-de-naranja\/\" \/>\n<meta property=\"og:site_name\" content=\"SIM Chocolate\" \/>\n<meta property=\"article:publisher\" content=\"https:\/\/www.facebook.com\/SimBombons\" \/>\n<meta property=\"og:image\" content=\"https:\/\/simchocolate.com\/wp-content\/uploads\/2023\/10\/BOMBOM-FINAL-OPCAO-1-35.jpg\" \/>\n\t<meta property=\"og:image:width\" content=\"1000\" \/>\n\t<meta property=\"og:image:height\" content=\"1000\" \/>\n\t<meta property=\"og:image:type\" content=\"image\/jpeg\" \/>\n<meta name=\"twitter:card\" content=\"summary_large_image\" \/>\n<meta name=\"twitter:label1\" content=\"Tiempo de lectura\" \/>\n\t<meta name=\"twitter:data1\" content=\"1 minuto\" \/>\n<script type=\"application\/ld+json\" class=\"yoast-schema-graph\">{\"@context\":\"https:\\\/\\\/schema.org\",\"@graph\":[{\"@type\":\"WebPage\",\"@id\":\"https:\\\/\\\/simchocolate.com\\\/es\\\/produto\\\/bombon-de-naranja\\\/\",\"url\":\"https:\\\/\\\/simchocolate.com\\\/es\\\/produto\\\/bombon-de-naranja\\\/\",\"name\":\"Bomb\u00f3n de naranja | S\u00cd Chocolate\",\"isPartOf\":{\"@id\":\"https:\\\/\\\/simchocolate.com\\\/es\\\/#website\"},\"primaryImageOfPage\":{\"@id\":\"https:\\\/\\\/simchocolate.com\\\/es\\\/produto\\\/bombon-de-naranja\\\/#primaryimage\"},\"image\":{\"@id\":\"https:\\\/\\\/simchocolate.com\\\/es\\\/produto\\\/bombon-de-naranja\\\/#primaryimage\"},\"thumbnailUrl\":\"https:\\\/\\\/simchocolate.com\\\/wp-content\\\/uploads\\\/2023\\\/10\\\/BOMBOM-FINAL-OPCAO-1-35.jpg\",\"datePublished\":\"2023-10-20T16:52:43+00:00\",\"description\":\"Descubre Orange Bombom, una irresistible combinaci\u00f3n de chocolate gourmet de alta calidad y el sabor fresco y c\u00edtrico de las naranjas.\",\"breadcrumb\":{\"@id\":\"https:\\\/\\\/simchocolate.com\\\/es\\\/produto\\\/bombon-de-naranja\\\/#breadcrumb\"},\"inLanguage\":\"es\",\"potentialAction\":[{\"@type\":\"ReadAction\",\"target\":[\"https:\\\/\\\/simchocolate.com\\\/es\\\/produto\\\/bombon-de-naranja\\\/\"]}]},{\"@type\":\"ImageObject\",\"inLanguage\":\"es\",\"@id\":\"https:\\\/\\\/simchocolate.com\\\/es\\\/produto\\\/bombon-de-naranja\\\/#primaryimage\",\"url\":\"https:\\\/\\\/simchocolate.com\\\/wp-content\\\/uploads\\\/2023\\\/10\\\/BOMBOM-FINAL-OPCAO-1-35.jpg\",\"contentUrl\":\"https:\\\/\\\/simchocolate.com\\\/wp-content\\\/uploads\\\/2023\\\/10\\\/BOMBOM-FINAL-OPCAO-1-35.jpg\",\"width\":1000,\"height\":1000,\"caption\":\"bombom de laranja\"},{\"@type\":\"BreadcrumbList\",\"@id\":\"https:\\\/\\\/simchocolate.com\\\/es\\\/produto\\\/bombon-de-naranja\\\/#breadcrumb\",\"itemListElement\":[{\"@type\":\"ListItem\",\"position\":1,\"name\":\"In\u00edcio\",\"item\":\"https:\\\/\\\/simchocolate.com\\\/es\\\/\"},{\"@type\":\"ListItem\",\"position\":2,\"name\":\"Productos\",\"item\":\"https:\\\/\\\/simchocolate.com\\\/es\\\/shop\\\/\"},{\"@type\":\"ListItem\",\"position\":3,\"name\":\"Bomb\u00f3n de naranja\"}]},{\"@type\":\"WebSite\",\"@id\":\"https:\\\/\\\/simchocolate.com\\\/es\\\/#website\",\"url\":\"https:\\\/\\\/simchocolate.com\\\/es\\\/\",\"name\":\"SIM Chocolate\",\"description\":\"Do amor incondicional entre uma m\u00e3e e sua filha, nasce a marca SIM Bombons no Natal de 2014\",\"potentialAction\":[{\"@type\":\"SearchAction\",\"target\":{\"@type\":\"EntryPoint\",\"urlTemplate\":\"https:\\\/\\\/simchocolate.com\\\/es\\\/?s={search_term_string}\"},\"query-input\":{\"@type\":\"PropertyValueSpecification\",\"valueRequired\":true,\"valueName\":\"search_term_string\"}}],\"inLanguage\":\"es\"}]}<\/script>\n<!-- \/ Yoast SEO plugin. -->","yoast_head_json":{"title":"Bomb\u00f3n de naranja | S\u00cd Chocolate","description":"Descubre Orange Bombom, una irresistible combinaci\u00f3n de chocolate gourmet de alta calidad y el sabor fresco y c\u00edtrico de las naranjas.","robots":{"index":"index","follow":"follow","max-snippet":"max-snippet:-1","max-image-preview":"max-image-preview:large","max-video-preview":"max-video-preview:-1"},"canonical":"https:\/\/simchocolate.com\/es\/produto\/bombon-de-naranja\/","og_locale":"es_ES","og_type":"article","og_title":"Bomb\u00f3n de naranja | S\u00cd Chocolate","og_description":"Descubre Orange Bombom, una irresistible combinaci\u00f3n de chocolate gourmet de alta calidad y el sabor fresco y c\u00edtrico de las naranjas.","og_url":"https:\/\/simchocolate.com\/es\/produto\/bombon-de-naranja\/","og_site_name":"SIM Chocolate","article_publisher":"https:\/\/www.facebook.com\/SimBombons","og_image":[{"width":1000,"height":1000,"url":"https:\/\/simchocolate.com\/wp-content\/uploads\/2023\/10\/BOMBOM-FINAL-OPCAO-1-35.jpg","type":"image\/jpeg"}],"twitter_card":"summary_large_image","twitter_misc":{"Tiempo de lectura":"1 minuto"},"schema":{"@context":"https:\/\/schema.org","@graph":[{"@type":"WebPage","@id":"https:\/\/simchocolate.com\/es\/produto\/bombon-de-naranja\/","url":"https:\/\/simchocolate.com\/es\/produto\/bombon-de-naranja\/","name":"Bomb\u00f3n de naranja | S\u00cd Chocolate","isPartOf":{"@id":"https:\/\/simchocolate.com\/es\/#website"},"primaryImageOfPage":{"@id":"https:\/\/simchocolate.com\/es\/produto\/bombon-de-naranja\/#primaryimage"},"image":{"@id":"https:\/\/simchocolate.com\/es\/produto\/bombon-de-naranja\/#primaryimage"},"thumbnailUrl":"https:\/\/simchocolate.com\/wp-content\/uploads\/2023\/10\/BOMBOM-FINAL-OPCAO-1-35.jpg","datePublished":"2023-10-20T16:52:43+00:00","description":"Descubre Orange Bombom, una irresistible combinaci\u00f3n de chocolate gourmet de alta calidad y el sabor fresco y c\u00edtrico de las naranjas.","breadcrumb":{"@id":"https:\/\/simchocolate.com\/es\/produto\/bombon-de-naranja\/#breadcrumb"},"inLanguage":"es","potentialAction":[{"@type":"ReadAction","target":["https:\/\/simchocolate.com\/es\/produto\/bombon-de-naranja\/"]}]},{"@type":"ImageObject","inLanguage":"es","@id":"https:\/\/simchocolate.com\/es\/produto\/bombon-de-naranja\/#primaryimage","url":"https:\/\/simchocolate.com\/wp-content\/uploads\/2023\/10\/BOMBOM-FINAL-OPCAO-1-35.jpg","contentUrl":"https:\/\/simchocolate.com\/wp-content\/uploads\/2023\/10\/BOMBOM-FINAL-OPCAO-1-35.jpg","width":1000,"height":1000,"caption":"bombom de laranja"},{"@type":"BreadcrumbList","@id":"https:\/\/simchocolate.com\/es\/produto\/bombon-de-naranja\/#breadcrumb","itemListElement":[{"@type":"ListItem","position":1,"name":"In\u00edcio","item":"https:\/\/simchocolate.com\/es\/"},{"@type":"ListItem","position":2,"name":"Productos","item":"https:\/\/simchocolate.com\/es\/shop\/"},{"@type":"ListItem","position":3,"name":"Bomb\u00f3n de naranja"}]},{"@type":"WebSite","@id":"https:\/\/simchocolate.com\/es\/#website","url":"https:\/\/simchocolate.com\/es\/","name":"SIM Chocolate","description":"Do amor incondicional entre uma m\u00e3e e sua filha, nasce a marca SIM Bombons no Natal de 2014","potentialAction":[{"@type":"SearchAction","target":{"@type":"EntryPoint","urlTemplate":"https:\/\/simchocolate.com\/es\/?s={search_term_string}"},"query-input":{"@type":"PropertyValueSpecification","valueRequired":true,"valueName":"search_term_string"}}],"inLanguage":"es"}]}},"_links":{"self":[{"href":"https:\/\/simchocolate.com\/es\/wp-json\/wp\/v2\/product\/9811","targetHints":{"allow":["GET"]}}],"collection":[{"href":"https:\/\/simchocolate.com\/es\/wp-json\/wp\/v2\/product"}],"about":[{"href":"https:\/\/simchocolate.com\/es\/wp-json\/wp\/v2\/types\/product"}],"replies":[{"embeddable":true,"href":"https:\/\/simchocolate.com\/es\/wp-json\/wp\/v2\/comments?post=9811"}],"wp:featuredmedia":[{"embeddable":true,"href":"https:\/\/simchocolate.com\/es\/wp-json\/wp\/v2\/media\/9819"}],"wp:attachment":[{"href":"https:\/\/simchocolate.com\/es\/wp-json\/wp\/v2\/media?parent=9811"}],"wp:term":[{"taxonomy":"product_brand","embeddable":true,"href":"https:\/\/simchocolate.com\/es\/wp-json\/wp\/v2\/product_brand?post=9811"},{"taxonomy":"product_cat","embeddable":true,"href":"https:\/\/simchocolate.com\/es\/wp-json\/wp\/v2\/product_cat?post=9811"},{"taxonomy":"product_tag","embeddable":true,"href":"https:\/\/simchocolate.com\/es\/wp-json\/wp\/v2\/product_tag?post=9811"}],"curies":[{"name":"wp","href":"https:\/\/api.w.org\/{rel}","templated":true}]}}