{"id":9820,"date":"2023-10-20T16:52:22","date_gmt":"2023-10-20T16:52:22","guid":{"rendered":"https:\/\/simchocolate.com\/produto\/bombon-de-calabaza\/"},"modified":"2023-10-20T16:52:22","modified_gmt":"2023-10-20T16:52:22","slug":"bombon-de-calabaza","status":"publish","type":"product","link":"https:\/\/simchocolate.com\/es\/produto\/bombon-de-calabaza\/","title":{"rendered":"Bomb\u00f3n de calabaza"},"content":{"rendered":"<h5 style=\"text-align: left\">El mejor sabor del oto\u00f1o<\/h5>\n<p style=\"text-align: left\">El Bomb\u00f3n de Calabaza es una aut\u00e9ntica celebraci\u00f3n de los sabores oto\u00f1ales, que aporta una fusi\u00f3n creativa entre el chocolate artesano y el sabor dulce y delicado de la calabaza. Elaborado con ingredientes seleccionados, este bomb\u00f3n combina el toque suave y aterciopelado del chocolate de primera calidad con un relleno de calabaza cuidadosamente preparado para resaltar su textura cremosa y su sabor envolvente. La calabaza, conocida por su ligero dulzor natural y sus propiedades nutritivas, armoniza perfectamente con el chocolate, creando una experiencia gustativa \u00fanica y memorable.  <\/p>\n<p style=\"text-align: left\">Adem\u00e1s de su original perfil de sabor, este bomb\u00f3n ofrece una textura irresistible que se deshace en la boca, proporcionando un aut\u00e9ntico viaje sensorial con cada bocado. Ideal para quienes disfrutan con sabores innovadores y quieren probar algo diferente y exquisito, el Bomb\u00f3n de Calabaza es perfecto para regalos especiales o para a\u00f1adir un toque sofisticado a cualquier ocasi\u00f3n. Combinando innovaci\u00f3n culinaria y arte gourmet, este bomb\u00f3n transforma un simple ingrediente en una obra maestra de reposter\u00eda.  <\/p>\n<p style=\"text-align: left\"><strong style=\"letter-spacing: 0.01em\">*Mantener a una temperatura entre 16\u00ba &#8211; 20\u00ba grados<\/strong><\/p>\n","protected":false},"excerpt":{"rendered":"<p>Elaborado con chocolate de primera calidad y un relleno cremoso, aporta una experiencia \u00fanica con el sabor natural y delicado de la calabaza.<\/p>\n","protected":false},"featured_media":9822,"comment_status":"closed","ping_status":"closed","template":"","meta":[],"product_brand":[],"product_cat":[187],"product_tag":[],"class_list":{"0":"post-9820","1":"product","2":"type-product","3":"status-publish","4":"has-post-thumbnail","6":"product_cat-bombones","8":"first","9":"outofstock","10":"shipping-taxable","11":"purchasable","12":"product-type-simple"},"yoast_head":"<!-- This site is optimized with the Yoast SEO plugin v27.5 - https:\/\/yoast.com\/product\/yoast-seo-wordpress\/ -->\n<title>Bomb\u00f3n de calabaza | S\u00cd Chocolate<\/title>\n<meta name=\"description\" content=\"Bomb\u00f3n de whisky, donde el chocolate de primera calidad se une al intenso sabor del whisky. Un regalo perfecto para los amantes del chocolate y las bebidas.\" \/>\n<meta name=\"robots\" content=\"index, follow, max-snippet:-1, max-image-preview:large, max-video-preview:-1\" \/>\n<link rel=\"canonical\" href=\"https:\/\/simchocolate.com\/es\/produto\/bombon-de-calabaza\/\" \/>\n<meta property=\"og:locale\" content=\"es_ES\" \/>\n<meta property=\"og:type\" content=\"article\" \/>\n<meta property=\"og:title\" content=\"Bomb\u00f3n de calabaza | S\u00cd Chocolate\" \/>\n<meta property=\"og:description\" content=\"Bomb\u00f3n de whisky, donde el chocolate de primera calidad se une al intenso sabor del whisky. Un regalo perfecto para los amantes del chocolate y las bebidas.\" \/>\n<meta property=\"og:url\" content=\"https:\/\/simchocolate.com\/es\/produto\/bombon-de-calabaza\/\" \/>\n<meta property=\"og:site_name\" content=\"SIM Chocolate\" \/>\n<meta property=\"article:publisher\" content=\"https:\/\/www.facebook.com\/SimBombons\" \/>\n<meta property=\"og:image\" content=\"https:\/\/simchocolate.com\/wp-content\/uploads\/2024\/10\/1114.jpg\" \/>\n\t<meta property=\"og:image:width\" content=\"1280\" \/>\n\t<meta property=\"og:image:height\" content=\"1280\" \/>\n\t<meta property=\"og:image:type\" content=\"image\/jpeg\" \/>\n<meta name=\"twitter:card\" content=\"summary_large_image\" \/>\n<meta name=\"twitter:label1\" content=\"Tiempo de lectura\" \/>\n\t<meta name=\"twitter:data1\" content=\"1 minuto\" \/>\n<script type=\"application\/ld+json\" class=\"yoast-schema-graph\">{\"@context\":\"https:\\\/\\\/schema.org\",\"@graph\":[{\"@type\":\"WebPage\",\"@id\":\"https:\\\/\\\/simchocolate.com\\\/es\\\/produto\\\/bombon-de-calabaza\\\/\",\"url\":\"https:\\\/\\\/simchocolate.com\\\/es\\\/produto\\\/bombon-de-calabaza\\\/\",\"name\":\"Bomb\u00f3n de calabaza | S\u00cd Chocolate\",\"isPartOf\":{\"@id\":\"https:\\\/\\\/simchocolate.com\\\/es\\\/#website\"},\"primaryImageOfPage\":{\"@id\":\"https:\\\/\\\/simchocolate.com\\\/es\\\/produto\\\/bombon-de-calabaza\\\/#primaryimage\"},\"image\":{\"@id\":\"https:\\\/\\\/simchocolate.com\\\/es\\\/produto\\\/bombon-de-calabaza\\\/#primaryimage\"},\"thumbnailUrl\":\"https:\\\/\\\/simchocolate.com\\\/wp-content\\\/uploads\\\/2024\\\/10\\\/1114.jpg\",\"datePublished\":\"2023-10-20T16:52:22+00:00\",\"description\":\"Bomb\u00f3n de whisky, donde el chocolate de primera calidad se une al intenso sabor del whisky. Un regalo perfecto para los amantes del chocolate y las bebidas.\",\"breadcrumb\":{\"@id\":\"https:\\\/\\\/simchocolate.com\\\/es\\\/produto\\\/bombon-de-calabaza\\\/#breadcrumb\"},\"inLanguage\":\"es\",\"potentialAction\":[{\"@type\":\"ReadAction\",\"target\":[\"https:\\\/\\\/simchocolate.com\\\/es\\\/produto\\\/bombon-de-calabaza\\\/\"]}]},{\"@type\":\"ImageObject\",\"inLanguage\":\"es\",\"@id\":\"https:\\\/\\\/simchocolate.com\\\/es\\\/produto\\\/bombon-de-calabaza\\\/#primaryimage\",\"url\":\"https:\\\/\\\/simchocolate.com\\\/wp-content\\\/uploads\\\/2024\\\/10\\\/1114.jpg\",\"contentUrl\":\"https:\\\/\\\/simchocolate.com\\\/wp-content\\\/uploads\\\/2024\\\/10\\\/1114.jpg\",\"width\":1280,\"height\":1280,\"caption\":\"bomb\u00f3n de calabaza\"},{\"@type\":\"BreadcrumbList\",\"@id\":\"https:\\\/\\\/simchocolate.com\\\/es\\\/produto\\\/bombon-de-calabaza\\\/#breadcrumb\",\"itemListElement\":[{\"@type\":\"ListItem\",\"position\":1,\"name\":\"In\u00edcio\",\"item\":\"https:\\\/\\\/simchocolate.com\\\/es\\\/\"},{\"@type\":\"ListItem\",\"position\":2,\"name\":\"Productos\",\"item\":\"https:\\\/\\\/simchocolate.com\\\/es\\\/shop\\\/\"},{\"@type\":\"ListItem\",\"position\":3,\"name\":\"Bomb\u00f3n de calabaza\"}]},{\"@type\":\"WebSite\",\"@id\":\"https:\\\/\\\/simchocolate.com\\\/es\\\/#website\",\"url\":\"https:\\\/\\\/simchocolate.com\\\/es\\\/\",\"name\":\"SIM Chocolate\",\"description\":\"Do amor incondicional entre uma m\u00e3e e sua filha, nasce a marca SIM Bombons no Natal de 2014\",\"potentialAction\":[{\"@type\":\"SearchAction\",\"target\":{\"@type\":\"EntryPoint\",\"urlTemplate\":\"https:\\\/\\\/simchocolate.com\\\/es\\\/?s={search_term_string}\"},\"query-input\":{\"@type\":\"PropertyValueSpecification\",\"valueRequired\":true,\"valueName\":\"search_term_string\"}}],\"inLanguage\":\"es\"}]}<\/script>\n<!-- \/ Yoast SEO plugin. -->","yoast_head_json":{"title":"Bomb\u00f3n de calabaza | S\u00cd Chocolate","description":"Bomb\u00f3n de whisky, donde el chocolate de primera calidad se une al intenso sabor del whisky. Un regalo perfecto para los amantes del chocolate y las bebidas.","robots":{"index":"index","follow":"follow","max-snippet":"max-snippet:-1","max-image-preview":"max-image-preview:large","max-video-preview":"max-video-preview:-1"},"canonical":"https:\/\/simchocolate.com\/es\/produto\/bombon-de-calabaza\/","og_locale":"es_ES","og_type":"article","og_title":"Bomb\u00f3n de calabaza | S\u00cd Chocolate","og_description":"Bomb\u00f3n de whisky, donde el chocolate de primera calidad se une al intenso sabor del whisky. Un regalo perfecto para los amantes del chocolate y las bebidas.","og_url":"https:\/\/simchocolate.com\/es\/produto\/bombon-de-calabaza\/","og_site_name":"SIM Chocolate","article_publisher":"https:\/\/www.facebook.com\/SimBombons","og_image":[{"width":1280,"height":1280,"url":"https:\/\/simchocolate.com\/wp-content\/uploads\/2024\/10\/1114.jpg","type":"image\/jpeg"}],"twitter_card":"summary_large_image","twitter_misc":{"Tiempo de lectura":"1 minuto"},"schema":{"@context":"https:\/\/schema.org","@graph":[{"@type":"WebPage","@id":"https:\/\/simchocolate.com\/es\/produto\/bombon-de-calabaza\/","url":"https:\/\/simchocolate.com\/es\/produto\/bombon-de-calabaza\/","name":"Bomb\u00f3n de calabaza | S\u00cd Chocolate","isPartOf":{"@id":"https:\/\/simchocolate.com\/es\/#website"},"primaryImageOfPage":{"@id":"https:\/\/simchocolate.com\/es\/produto\/bombon-de-calabaza\/#primaryimage"},"image":{"@id":"https:\/\/simchocolate.com\/es\/produto\/bombon-de-calabaza\/#primaryimage"},"thumbnailUrl":"https:\/\/simchocolate.com\/wp-content\/uploads\/2024\/10\/1114.jpg","datePublished":"2023-10-20T16:52:22+00:00","description":"Bomb\u00f3n de whisky, donde el chocolate de primera calidad se une al intenso sabor del whisky. Un regalo perfecto para los amantes del chocolate y las bebidas.","breadcrumb":{"@id":"https:\/\/simchocolate.com\/es\/produto\/bombon-de-calabaza\/#breadcrumb"},"inLanguage":"es","potentialAction":[{"@type":"ReadAction","target":["https:\/\/simchocolate.com\/es\/produto\/bombon-de-calabaza\/"]}]},{"@type":"ImageObject","inLanguage":"es","@id":"https:\/\/simchocolate.com\/es\/produto\/bombon-de-calabaza\/#primaryimage","url":"https:\/\/simchocolate.com\/wp-content\/uploads\/2024\/10\/1114.jpg","contentUrl":"https:\/\/simchocolate.com\/wp-content\/uploads\/2024\/10\/1114.jpg","width":1280,"height":1280,"caption":"bomb\u00f3n de calabaza"},{"@type":"BreadcrumbList","@id":"https:\/\/simchocolate.com\/es\/produto\/bombon-de-calabaza\/#breadcrumb","itemListElement":[{"@type":"ListItem","position":1,"name":"In\u00edcio","item":"https:\/\/simchocolate.com\/es\/"},{"@type":"ListItem","position":2,"name":"Productos","item":"https:\/\/simchocolate.com\/es\/shop\/"},{"@type":"ListItem","position":3,"name":"Bomb\u00f3n de calabaza"}]},{"@type":"WebSite","@id":"https:\/\/simchocolate.com\/es\/#website","url":"https:\/\/simchocolate.com\/es\/","name":"SIM Chocolate","description":"Do amor incondicional entre uma m\u00e3e e sua filha, nasce a marca SIM Bombons no Natal de 2014","potentialAction":[{"@type":"SearchAction","target":{"@type":"EntryPoint","urlTemplate":"https:\/\/simchocolate.com\/es\/?s={search_term_string}"},"query-input":{"@type":"PropertyValueSpecification","valueRequired":true,"valueName":"search_term_string"}}],"inLanguage":"es"}]}},"_links":{"self":[{"href":"https:\/\/simchocolate.com\/es\/wp-json\/wp\/v2\/product\/9820","targetHints":{"allow":["GET"]}}],"collection":[{"href":"https:\/\/simchocolate.com\/es\/wp-json\/wp\/v2\/product"}],"about":[{"href":"https:\/\/simchocolate.com\/es\/wp-json\/wp\/v2\/types\/product"}],"replies":[{"embeddable":true,"href":"https:\/\/simchocolate.com\/es\/wp-json\/wp\/v2\/comments?post=9820"}],"wp:featuredmedia":[{"embeddable":true,"href":"https:\/\/simchocolate.com\/es\/wp-json\/wp\/v2\/media\/9822"}],"wp:attachment":[{"href":"https:\/\/simchocolate.com\/es\/wp-json\/wp\/v2\/media?parent=9820"}],"wp:term":[{"taxonomy":"product_brand","embeddable":true,"href":"https:\/\/simchocolate.com\/es\/wp-json\/wp\/v2\/product_brand?post=9820"},{"taxonomy":"product_cat","embeddable":true,"href":"https:\/\/simchocolate.com\/es\/wp-json\/wp\/v2\/product_cat?post=9820"},{"taxonomy":"product_tag","embeddable":true,"href":"https:\/\/simchocolate.com\/es\/wp-json\/wp\/v2\/product_tag?post=9820"}],"curies":[{"name":"wp","href":"https:\/\/api.w.org\/{rel}","templated":true}]}}