{"id":9823,"date":"2023-10-20T16:53:16","date_gmt":"2023-10-20T16:53:16","guid":{"rendered":"https:\/\/simchocolate.com\/produto\/palito-de-malvavisco\/"},"modified":"2023-10-20T16:53:16","modified_gmt":"2023-10-20T16:53:16","slug":"palito-de-malvavisco","status":"publish","type":"product","link":"https:\/\/simchocolate.com\/es\/produto\/palito-de-malvavisco\/","title":{"rendered":"Palito de malvavisco"},"content":{"rendered":"<div class=\"qodef-content-grid qodef-description--in-grid\">\n<div class=\"woocommerce-tabs wc-tabs-wrapper\">\n<div id=\"tab-description\" class=\"woocommerce-Tabs-panel woocommerce-Tabs-panel--description panel entry-content wc-tab\" role=\"tabpanel\" aria-labelledby=\"tab-title-description\">\n<div class=\"qodef-content-grid qodef-description--in-grid\">\n<div class=\"woocommerce-tabs wc-tabs-wrapper\">\n<div id=\"tab-description\" class=\"woocommerce-Tabs-panel woocommerce-Tabs-panel--description panel entry-content wc-tab\" role=\"tabpanel\" aria-labelledby=\"tab-title-description\">\n<h5 style=\"text-align: left\">Una explosi\u00f3n de sabor y diversi\u00f3n<\/h5>\n<p style=\"text-align: left\">Bombom Estalinhos Marshmallow es una creaci\u00f3n innovadora que aporta una experiencia \u00fanica combinando diferentes texturas y sensaciones. Imagina la combinaci\u00f3n de suave malvavisco y delicioso chocolate artesanal, rodeado de crujientes palitos. Esta inesperada mezcla de suave y crujiente crea una explosi\u00f3n divertida e irresistible, que aumenta el placer de saborear un bomb\u00f3n.  <\/p>\n<p style=\"text-align: left\">Perfecto para quienes desean un toque de originalidad en sus dulces, el Bomb\u00f3n de Malvavisco Estalinhos es ideal tanto para regalar como para agasajar en momentos especiales. Elaborado con ingredientes de alta calidad, cada bomb\u00f3n ofrece un viaje sensorial en el que lo dulce y lo crujiente se encuentran en armon\u00eda. <\/p>\n<p style=\"text-align: left\">Ya sea como sorpresa en fiestas, eventos o simplemente como forma divertida de satisfacer los antojos de chocolate, este bomb\u00f3n destaca por su creatividad y sabor. Prueba algo diferente y d\u00e9jate encantar por esta innovadora combinaci\u00f3n que, adem\u00e1s de deliciosa, ofrece una experiencia inolvidable. <\/p>\n<p style=\"text-align: left\"><strong>*Mantener a una temperatura entre 16\u00ba &#8211; 20\u00ba grados<\/strong><\/p>\n<\/div>\n<\/div>\n<\/div>\n<div class=\"qodef-content-grid\" style=\"text-align: left\"><\/div>\n<\/div>\n<\/div>\n<\/div>\n<div class=\"qodef-content-grid\" style=\"text-align: left\"><\/div>\n","protected":false},"excerpt":{"rendered":"<p>Bombom Estalinhos Marshmallow combina chocolate, suave malvavisco y crujientes pops, creando una explosi\u00f3n de sabor divertida e irresistible.<\/p>\n","protected":false},"featured_media":9826,"comment_status":"closed","ping_status":"closed","template":"","meta":[],"product_brand":[],"product_cat":[187],"product_tag":[240],"class_list":{"0":"post-9823","1":"product","2":"type-product","3":"status-publish","4":"has-post-thumbnail","6":"product_cat-bombones","7":"product_tag-paletas-de-malvavisco","9":"first","10":"outofstock","11":"shipping-taxable","12":"purchasable","13":"product-type-simple"},"yoast_head":"<!-- This site is optimized with the Yoast SEO plugin v27.2 - https:\/\/yoast.com\/product\/yoast-seo-wordpress\/ -->\n<title>Palito de malvavisco | S\u00cd Chocolate<\/title>\n<meta name=\"description\" content=\"Descubre Bombom Estalinhos Marshmallow, una explosi\u00f3n de sabor y diversi\u00f3n con chocolate, malvavisco y crujientes pops.\" \/>\n<meta name=\"robots\" content=\"index, follow, max-snippet:-1, max-image-preview:large, max-video-preview:-1\" \/>\n<link rel=\"canonical\" href=\"https:\/\/simchocolate.com\/es\/produto\/palito-de-malvavisco\/\" \/>\n<meta property=\"og:locale\" content=\"es_ES\" \/>\n<meta property=\"og:type\" content=\"article\" \/>\n<meta property=\"og:title\" content=\"Palito de malvavisco | S\u00cd Chocolate\" \/>\n<meta property=\"og:description\" content=\"Descubre Bombom Estalinhos Marshmallow, una explosi\u00f3n de sabor y diversi\u00f3n con chocolate, malvavisco y crujientes pops.\" \/>\n<meta property=\"og:url\" content=\"https:\/\/simchocolate.com\/es\/produto\/palito-de-malvavisco\/\" \/>\n<meta property=\"og:site_name\" content=\"SIM Chocolate\" \/>\n<meta property=\"article:publisher\" content=\"https:\/\/www.facebook.com\/SimBombons\" \/>\n<meta property=\"og:image\" content=\"https:\/\/simchocolate.com\/wp-content\/uploads\/2023\/10\/BB0032-1.jpg\" \/>\n\t<meta property=\"og:image:width\" content=\"1280\" \/>\n\t<meta property=\"og:image:height\" content=\"1280\" \/>\n\t<meta property=\"og:image:type\" content=\"image\/jpeg\" \/>\n<meta name=\"twitter:card\" content=\"summary_large_image\" \/>\n<meta name=\"twitter:label1\" content=\"Tiempo de lectura\" \/>\n\t<meta name=\"twitter:data1\" content=\"1 minuto\" \/>\n<script type=\"application\/ld+json\" class=\"yoast-schema-graph\">{\"@context\":\"https:\/\/schema.org\",\"@graph\":[{\"@type\":\"WebPage\",\"@id\":\"https:\/\/simchocolate.com\/es\/produto\/palito-de-malvavisco\/\",\"url\":\"https:\/\/simchocolate.com\/es\/produto\/palito-de-malvavisco\/\",\"name\":\"Palito de malvavisco | S\u00cd Chocolate\",\"isPartOf\":{\"@id\":\"https:\/\/simchocolate.com\/es\/#website\"},\"primaryImageOfPage\":{\"@id\":\"https:\/\/simchocolate.com\/es\/produto\/palito-de-malvavisco\/#primaryimage\"},\"image\":{\"@id\":\"https:\/\/simchocolate.com\/es\/produto\/palito-de-malvavisco\/#primaryimage\"},\"thumbnailUrl\":\"https:\/\/simchocolate.com\/wp-content\/uploads\/2023\/10\/BB0032-1.jpg\",\"datePublished\":\"2023-10-20T16:53:16+00:00\",\"description\":\"Descubre Bombom Estalinhos Marshmallow, una explosi\u00f3n de sabor y diversi\u00f3n con chocolate, malvavisco y crujientes pops.\",\"breadcrumb\":{\"@id\":\"https:\/\/simchocolate.com\/es\/produto\/palito-de-malvavisco\/#breadcrumb\"},\"inLanguage\":\"es\",\"potentialAction\":[{\"@type\":\"ReadAction\",\"target\":[\"https:\/\/simchocolate.com\/es\/produto\/palito-de-malvavisco\/\"]}]},{\"@type\":\"ImageObject\",\"inLanguage\":\"es\",\"@id\":\"https:\/\/simchocolate.com\/es\/produto\/palito-de-malvavisco\/#primaryimage\",\"url\":\"https:\/\/simchocolate.com\/wp-content\/uploads\/2023\/10\/BB0032-1.jpg\",\"contentUrl\":\"https:\/\/simchocolate.com\/wp-content\/uploads\/2023\/10\/BB0032-1.jpg\",\"width\":1280,\"height\":1280,\"caption\":\"Bombom Estalinhos Marshmallow\"},{\"@type\":\"BreadcrumbList\",\"@id\":\"https:\/\/simchocolate.com\/es\/produto\/palito-de-malvavisco\/#breadcrumb\",\"itemListElement\":[{\"@type\":\"ListItem\",\"position\":1,\"name\":\"In\u00edcio\",\"item\":\"https:\/\/simchocolate.com\/es\/\"},{\"@type\":\"ListItem\",\"position\":2,\"name\":\"Productos\",\"item\":\"https:\/\/simchocolate.com\/es\/shop\/\"},{\"@type\":\"ListItem\",\"position\":3,\"name\":\"Palito de malvavisco\"}]},{\"@type\":\"WebSite\",\"@id\":\"https:\/\/simchocolate.com\/es\/#website\",\"url\":\"https:\/\/simchocolate.com\/es\/\",\"name\":\"SIM Chocolate\",\"description\":\"Do amor incondicional entre uma m\u00e3e e sua filha, nasce a marca SIM Bombons no Natal de 2014\",\"potentialAction\":[{\"@type\":\"SearchAction\",\"target\":{\"@type\":\"EntryPoint\",\"urlTemplate\":\"https:\/\/simchocolate.com\/es\/?s={search_term_string}\"},\"query-input\":{\"@type\":\"PropertyValueSpecification\",\"valueRequired\":true,\"valueName\":\"search_term_string\"}}],\"inLanguage\":\"es\"}]}<\/script>\n<!-- \/ Yoast SEO plugin. -->","yoast_head_json":{"title":"Palito de malvavisco | S\u00cd Chocolate","description":"Descubre Bombom Estalinhos Marshmallow, una explosi\u00f3n de sabor y diversi\u00f3n con chocolate, malvavisco y crujientes pops.","robots":{"index":"index","follow":"follow","max-snippet":"max-snippet:-1","max-image-preview":"max-image-preview:large","max-video-preview":"max-video-preview:-1"},"canonical":"https:\/\/simchocolate.com\/es\/produto\/palito-de-malvavisco\/","og_locale":"es_ES","og_type":"article","og_title":"Palito de malvavisco | S\u00cd Chocolate","og_description":"Descubre Bombom Estalinhos Marshmallow, una explosi\u00f3n de sabor y diversi\u00f3n con chocolate, malvavisco y crujientes pops.","og_url":"https:\/\/simchocolate.com\/es\/produto\/palito-de-malvavisco\/","og_site_name":"SIM Chocolate","article_publisher":"https:\/\/www.facebook.com\/SimBombons","og_image":[{"width":1280,"height":1280,"url":"https:\/\/simchocolate.com\/wp-content\/uploads\/2023\/10\/BB0032-1.jpg","type":"image\/jpeg"}],"twitter_card":"summary_large_image","twitter_misc":{"Tiempo de lectura":"1 minuto"},"schema":{"@context":"https:\/\/schema.org","@graph":[{"@type":"WebPage","@id":"https:\/\/simchocolate.com\/es\/produto\/palito-de-malvavisco\/","url":"https:\/\/simchocolate.com\/es\/produto\/palito-de-malvavisco\/","name":"Palito de malvavisco | S\u00cd Chocolate","isPartOf":{"@id":"https:\/\/simchocolate.com\/es\/#website"},"primaryImageOfPage":{"@id":"https:\/\/simchocolate.com\/es\/produto\/palito-de-malvavisco\/#primaryimage"},"image":{"@id":"https:\/\/simchocolate.com\/es\/produto\/palito-de-malvavisco\/#primaryimage"},"thumbnailUrl":"https:\/\/simchocolate.com\/wp-content\/uploads\/2023\/10\/BB0032-1.jpg","datePublished":"2023-10-20T16:53:16+00:00","description":"Descubre Bombom Estalinhos Marshmallow, una explosi\u00f3n de sabor y diversi\u00f3n con chocolate, malvavisco y crujientes pops.","breadcrumb":{"@id":"https:\/\/simchocolate.com\/es\/produto\/palito-de-malvavisco\/#breadcrumb"},"inLanguage":"es","potentialAction":[{"@type":"ReadAction","target":["https:\/\/simchocolate.com\/es\/produto\/palito-de-malvavisco\/"]}]},{"@type":"ImageObject","inLanguage":"es","@id":"https:\/\/simchocolate.com\/es\/produto\/palito-de-malvavisco\/#primaryimage","url":"https:\/\/simchocolate.com\/wp-content\/uploads\/2023\/10\/BB0032-1.jpg","contentUrl":"https:\/\/simchocolate.com\/wp-content\/uploads\/2023\/10\/BB0032-1.jpg","width":1280,"height":1280,"caption":"Bombom Estalinhos Marshmallow"},{"@type":"BreadcrumbList","@id":"https:\/\/simchocolate.com\/es\/produto\/palito-de-malvavisco\/#breadcrumb","itemListElement":[{"@type":"ListItem","position":1,"name":"In\u00edcio","item":"https:\/\/simchocolate.com\/es\/"},{"@type":"ListItem","position":2,"name":"Productos","item":"https:\/\/simchocolate.com\/es\/shop\/"},{"@type":"ListItem","position":3,"name":"Palito de malvavisco"}]},{"@type":"WebSite","@id":"https:\/\/simchocolate.com\/es\/#website","url":"https:\/\/simchocolate.com\/es\/","name":"SIM Chocolate","description":"Do amor incondicional entre uma m\u00e3e e sua filha, nasce a marca SIM Bombons no Natal de 2014","potentialAction":[{"@type":"SearchAction","target":{"@type":"EntryPoint","urlTemplate":"https:\/\/simchocolate.com\/es\/?s={search_term_string}"},"query-input":{"@type":"PropertyValueSpecification","valueRequired":true,"valueName":"search_term_string"}}],"inLanguage":"es"}]}},"_links":{"self":[{"href":"https:\/\/simchocolate.com\/es\/wp-json\/wp\/v2\/product\/9823","targetHints":{"allow":["GET"]}}],"collection":[{"href":"https:\/\/simchocolate.com\/es\/wp-json\/wp\/v2\/product"}],"about":[{"href":"https:\/\/simchocolate.com\/es\/wp-json\/wp\/v2\/types\/product"}],"replies":[{"embeddable":true,"href":"https:\/\/simchocolate.com\/es\/wp-json\/wp\/v2\/comments?post=9823"}],"wp:featuredmedia":[{"embeddable":true,"href":"https:\/\/simchocolate.com\/es\/wp-json\/wp\/v2\/media\/9826"}],"wp:attachment":[{"href":"https:\/\/simchocolate.com\/es\/wp-json\/wp\/v2\/media?parent=9823"}],"wp:term":[{"taxonomy":"product_brand","embeddable":true,"href":"https:\/\/simchocolate.com\/es\/wp-json\/wp\/v2\/product_brand?post=9823"},{"taxonomy":"product_cat","embeddable":true,"href":"https:\/\/simchocolate.com\/es\/wp-json\/wp\/v2\/product_cat?post=9823"},{"taxonomy":"product_tag","embeddable":true,"href":"https:\/\/simchocolate.com\/es\/wp-json\/wp\/v2\/product_tag?post=9823"}],"curies":[{"name":"wp","href":"https:\/\/api.w.org\/{rel}","templated":true}]}}