{"id":9833,"date":"2023-10-20T16:52:51","date_gmt":"2023-10-20T16:52:51","guid":{"rendered":"https:\/\/simchocolate.com\/produto\/bombon-de-frutas-tropicales\/"},"modified":"2023-10-20T16:52:51","modified_gmt":"2023-10-20T16:52:51","slug":"bombon-de-frutas-tropicales","status":"publish","type":"product","link":"https:\/\/simchocolate.com\/es\/produto\/bombon-de-frutas-tropicales\/","title":{"rendered":"Bomb\u00f3n de frutas tropicales"},"content":{"rendered":"<h5 style=\"text-align: left;\">Un viaje a los tr\u00f3picos<\/h5>\n<p style=\"text-align: left;\">Bombom Frutos Tropicais es <strong>una aut\u00e9ntica celebraci\u00f3n de sabores ex\u00f3ticos<\/strong>, que lleva la frescura e intensidad de las frutas tropicales al universo gourmet del chocolate. Cada bomb\u00f3n se elabora cuidadosamente con chocolate de alta calidad, <g id=\"gid_1\">rodeando un relleno vibrante y refrescante que combina dulce y \u00e1cido en perfecta armon\u00eda<\/g>. La mezcla de frutas tropicales, como mango, fruta de la pasi\u00f3n, pi\u00f1a y coco, crea una explosi\u00f3n de sabores que transporta el paladar a climas c\u00e1lidos y soleados.  <\/p>\n<p style=\"text-align: left;\">La suave textura del chocolate contrasta con el relleno afrutado y jugoso, creando una experiencia de sabor compleja y equilibrada. Este bomb\u00f3n de frutas tropicales es ideal para quienes buscan algo diferente y sofisticado, con una combinaci\u00f3n \u00fanica de sabores ex\u00f3ticos que combinan a la perfecci\u00f3n con el chocolate artesano. <\/p>\n<p style=\"text-align: left;\">Cada bomb\u00f3n se crea utilizando t\u00e9cnicas artesanales e ingredientes seleccionados, garantizando una experiencia lujosa y fresca en cada bocado. Perfecto para fiestas, eventos o simplemente para saborear un momento de placer tropical, este bomb\u00f3n destaca por su sabor original y cautivador, refrescante e irresistible. <\/p>\n<p style=\"text-align: left;\"><strong>*Mantener a una temperatura entre 16\u00ba &#8211; 20\u00ba grados<\/strong><\/p>\n","protected":false},"excerpt":{"rendered":"<p>Bombones rellenos de fruta tropical envueltos en chocolate de alta calidad, una explosi\u00f3n de frescura y sabor.<\/p>\n","protected":false},"featured_media":9836,"comment_status":"closed","ping_status":"closed","template":"","meta":[],"product_brand":[],"product_cat":[187],"product_tag":[],"class_list":{"0":"post-9833","1":"product","2":"type-product","3":"status-publish","4":"has-post-thumbnail","6":"product_cat-bombones","8":"first","9":"instock","10":"shipping-taxable","11":"purchasable","12":"product-type-simple"},"yoast_head":"<!-- This site is optimized with the Yoast SEO plugin v27.5 - https:\/\/yoast.com\/product\/yoast-seo-wordpress\/ -->\n<title>Bomb\u00f3n de frutas tropicales | S\u00cd Chocolate<\/title>\n<meta name=\"description\" content=\"Saborea el Bomb\u00f3n de Frutas Tropicales, una deliciosa combinaci\u00f3n de frutas tropicales y chocolate de primera calidad que ofrece una experiencia de sabor \u00fanica.\" \/>\n<meta name=\"robots\" content=\"index, follow, max-snippet:-1, max-image-preview:large, max-video-preview:-1\" \/>\n<link rel=\"canonical\" href=\"https:\/\/simchocolate.com\/es\/produto\/bombon-de-frutas-tropicales\/\" \/>\n<meta property=\"og:locale\" content=\"es_ES\" \/>\n<meta property=\"og:type\" content=\"article\" \/>\n<meta property=\"og:title\" content=\"Bomb\u00f3n de frutas tropicales | S\u00cd Chocolate\" \/>\n<meta property=\"og:description\" content=\"Saborea el Bomb\u00f3n de Frutas Tropicales, una deliciosa combinaci\u00f3n de frutas tropicales y chocolate de primera calidad que ofrece una experiencia de sabor \u00fanica.\" \/>\n<meta property=\"og:url\" content=\"https:\/\/simchocolate.com\/es\/produto\/bombon-de-frutas-tropicales\/\" \/>\n<meta property=\"og:site_name\" content=\"SIM Chocolate\" \/>\n<meta property=\"article:publisher\" content=\"https:\/\/www.facebook.com\/SimBombons\" \/>\n<meta property=\"og:image\" content=\"https:\/\/simchocolate.com\/wp-content\/uploads\/2023\/10\/BOMBOM-FINAL-OPCAO-1-30.jpg\" \/>\n\t<meta property=\"og:image:width\" content=\"1000\" \/>\n\t<meta property=\"og:image:height\" content=\"1000\" \/>\n\t<meta property=\"og:image:type\" content=\"image\/jpeg\" \/>\n<meta name=\"twitter:card\" content=\"summary_large_image\" \/>\n<meta name=\"twitter:label1\" content=\"Tiempo de lectura\" \/>\n\t<meta name=\"twitter:data1\" content=\"1 minuto\" \/>\n<script type=\"application\/ld+json\" class=\"yoast-schema-graph\">{\"@context\":\"https:\\\/\\\/schema.org\",\"@graph\":[{\"@type\":\"WebPage\",\"@id\":\"https:\\\/\\\/simchocolate.com\\\/es\\\/produto\\\/bombon-de-frutas-tropicales\\\/\",\"url\":\"https:\\\/\\\/simchocolate.com\\\/es\\\/produto\\\/bombon-de-frutas-tropicales\\\/\",\"name\":\"Bomb\u00f3n de frutas tropicales | S\u00cd Chocolate\",\"isPartOf\":{\"@id\":\"https:\\\/\\\/simchocolate.com\\\/es\\\/#website\"},\"primaryImageOfPage\":{\"@id\":\"https:\\\/\\\/simchocolate.com\\\/es\\\/produto\\\/bombon-de-frutas-tropicales\\\/#primaryimage\"},\"image\":{\"@id\":\"https:\\\/\\\/simchocolate.com\\\/es\\\/produto\\\/bombon-de-frutas-tropicales\\\/#primaryimage\"},\"thumbnailUrl\":\"https:\\\/\\\/simchocolate.com\\\/wp-content\\\/uploads\\\/2023\\\/10\\\/BOMBOM-FINAL-OPCAO-1-30.jpg\",\"datePublished\":\"2023-10-20T16:52:51+00:00\",\"description\":\"Saborea el Bomb\u00f3n de Frutas Tropicales, una deliciosa combinaci\u00f3n de frutas tropicales y chocolate de primera calidad que ofrece una experiencia de sabor \u00fanica.\",\"breadcrumb\":{\"@id\":\"https:\\\/\\\/simchocolate.com\\\/es\\\/produto\\\/bombon-de-frutas-tropicales\\\/#breadcrumb\"},\"inLanguage\":\"es\",\"potentialAction\":[{\"@type\":\"ReadAction\",\"target\":[\"https:\\\/\\\/simchocolate.com\\\/es\\\/produto\\\/bombon-de-frutas-tropicales\\\/\"]}]},{\"@type\":\"ImageObject\",\"inLanguage\":\"es\",\"@id\":\"https:\\\/\\\/simchocolate.com\\\/es\\\/produto\\\/bombon-de-frutas-tropicales\\\/#primaryimage\",\"url\":\"https:\\\/\\\/simchocolate.com\\\/wp-content\\\/uploads\\\/2023\\\/10\\\/BOMBOM-FINAL-OPCAO-1-30.jpg\",\"contentUrl\":\"https:\\\/\\\/simchocolate.com\\\/wp-content\\\/uploads\\\/2023\\\/10\\\/BOMBOM-FINAL-OPCAO-1-30.jpg\",\"width\":1000,\"height\":1000,\"caption\":\"bombom frutos tropicais\"},{\"@type\":\"BreadcrumbList\",\"@id\":\"https:\\\/\\\/simchocolate.com\\\/es\\\/produto\\\/bombon-de-frutas-tropicales\\\/#breadcrumb\",\"itemListElement\":[{\"@type\":\"ListItem\",\"position\":1,\"name\":\"In\u00edcio\",\"item\":\"https:\\\/\\\/simchocolate.com\\\/es\\\/\"},{\"@type\":\"ListItem\",\"position\":2,\"name\":\"Productos\",\"item\":\"https:\\\/\\\/simchocolate.com\\\/es\\\/shop\\\/\"},{\"@type\":\"ListItem\",\"position\":3,\"name\":\"Bomb\u00f3n de frutas tropicales\"}]},{\"@type\":\"WebSite\",\"@id\":\"https:\\\/\\\/simchocolate.com\\\/es\\\/#website\",\"url\":\"https:\\\/\\\/simchocolate.com\\\/es\\\/\",\"name\":\"SIM Chocolate\",\"description\":\"Do amor incondicional entre uma m\u00e3e e sua filha, nasce a marca SIM Bombons no Natal de 2014\",\"potentialAction\":[{\"@type\":\"SearchAction\",\"target\":{\"@type\":\"EntryPoint\",\"urlTemplate\":\"https:\\\/\\\/simchocolate.com\\\/es\\\/?s={search_term_string}\"},\"query-input\":{\"@type\":\"PropertyValueSpecification\",\"valueRequired\":true,\"valueName\":\"search_term_string\"}}],\"inLanguage\":\"es\"}]}<\/script>\n<!-- \/ Yoast SEO plugin. -->","yoast_head_json":{"title":"Bomb\u00f3n de frutas tropicales | S\u00cd Chocolate","description":"Saborea el Bomb\u00f3n de Frutas Tropicales, una deliciosa combinaci\u00f3n de frutas tropicales y chocolate de primera calidad que ofrece una experiencia de sabor \u00fanica.","robots":{"index":"index","follow":"follow","max-snippet":"max-snippet:-1","max-image-preview":"max-image-preview:large","max-video-preview":"max-video-preview:-1"},"canonical":"https:\/\/simchocolate.com\/es\/produto\/bombon-de-frutas-tropicales\/","og_locale":"es_ES","og_type":"article","og_title":"Bomb\u00f3n de frutas tropicales | S\u00cd Chocolate","og_description":"Saborea el Bomb\u00f3n de Frutas Tropicales, una deliciosa combinaci\u00f3n de frutas tropicales y chocolate de primera calidad que ofrece una experiencia de sabor \u00fanica.","og_url":"https:\/\/simchocolate.com\/es\/produto\/bombon-de-frutas-tropicales\/","og_site_name":"SIM Chocolate","article_publisher":"https:\/\/www.facebook.com\/SimBombons","og_image":[{"width":1000,"height":1000,"url":"https:\/\/simchocolate.com\/wp-content\/uploads\/2023\/10\/BOMBOM-FINAL-OPCAO-1-30.jpg","type":"image\/jpeg"}],"twitter_card":"summary_large_image","twitter_misc":{"Tiempo de lectura":"1 minuto"},"schema":{"@context":"https:\/\/schema.org","@graph":[{"@type":"WebPage","@id":"https:\/\/simchocolate.com\/es\/produto\/bombon-de-frutas-tropicales\/","url":"https:\/\/simchocolate.com\/es\/produto\/bombon-de-frutas-tropicales\/","name":"Bomb\u00f3n de frutas tropicales | S\u00cd Chocolate","isPartOf":{"@id":"https:\/\/simchocolate.com\/es\/#website"},"primaryImageOfPage":{"@id":"https:\/\/simchocolate.com\/es\/produto\/bombon-de-frutas-tropicales\/#primaryimage"},"image":{"@id":"https:\/\/simchocolate.com\/es\/produto\/bombon-de-frutas-tropicales\/#primaryimage"},"thumbnailUrl":"https:\/\/simchocolate.com\/wp-content\/uploads\/2023\/10\/BOMBOM-FINAL-OPCAO-1-30.jpg","datePublished":"2023-10-20T16:52:51+00:00","description":"Saborea el Bomb\u00f3n de Frutas Tropicales, una deliciosa combinaci\u00f3n de frutas tropicales y chocolate de primera calidad que ofrece una experiencia de sabor \u00fanica.","breadcrumb":{"@id":"https:\/\/simchocolate.com\/es\/produto\/bombon-de-frutas-tropicales\/#breadcrumb"},"inLanguage":"es","potentialAction":[{"@type":"ReadAction","target":["https:\/\/simchocolate.com\/es\/produto\/bombon-de-frutas-tropicales\/"]}]},{"@type":"ImageObject","inLanguage":"es","@id":"https:\/\/simchocolate.com\/es\/produto\/bombon-de-frutas-tropicales\/#primaryimage","url":"https:\/\/simchocolate.com\/wp-content\/uploads\/2023\/10\/BOMBOM-FINAL-OPCAO-1-30.jpg","contentUrl":"https:\/\/simchocolate.com\/wp-content\/uploads\/2023\/10\/BOMBOM-FINAL-OPCAO-1-30.jpg","width":1000,"height":1000,"caption":"bombom frutos tropicais"},{"@type":"BreadcrumbList","@id":"https:\/\/simchocolate.com\/es\/produto\/bombon-de-frutas-tropicales\/#breadcrumb","itemListElement":[{"@type":"ListItem","position":1,"name":"In\u00edcio","item":"https:\/\/simchocolate.com\/es\/"},{"@type":"ListItem","position":2,"name":"Productos","item":"https:\/\/simchocolate.com\/es\/shop\/"},{"@type":"ListItem","position":3,"name":"Bomb\u00f3n de frutas tropicales"}]},{"@type":"WebSite","@id":"https:\/\/simchocolate.com\/es\/#website","url":"https:\/\/simchocolate.com\/es\/","name":"SIM Chocolate","description":"Do amor incondicional entre uma m\u00e3e e sua filha, nasce a marca SIM Bombons no Natal de 2014","potentialAction":[{"@type":"SearchAction","target":{"@type":"EntryPoint","urlTemplate":"https:\/\/simchocolate.com\/es\/?s={search_term_string}"},"query-input":{"@type":"PropertyValueSpecification","valueRequired":true,"valueName":"search_term_string"}}],"inLanguage":"es"}]}},"_links":{"self":[{"href":"https:\/\/simchocolate.com\/es\/wp-json\/wp\/v2\/product\/9833","targetHints":{"allow":["GET"]}}],"collection":[{"href":"https:\/\/simchocolate.com\/es\/wp-json\/wp\/v2\/product"}],"about":[{"href":"https:\/\/simchocolate.com\/es\/wp-json\/wp\/v2\/types\/product"}],"replies":[{"embeddable":true,"href":"https:\/\/simchocolate.com\/es\/wp-json\/wp\/v2\/comments?post=9833"}],"wp:featuredmedia":[{"embeddable":true,"href":"https:\/\/simchocolate.com\/es\/wp-json\/wp\/v2\/media\/9836"}],"wp:attachment":[{"href":"https:\/\/simchocolate.com\/es\/wp-json\/wp\/v2\/media?parent=9833"}],"wp:term":[{"taxonomy":"product_brand","embeddable":true,"href":"https:\/\/simchocolate.com\/es\/wp-json\/wp\/v2\/product_brand?post=9833"},{"taxonomy":"product_cat","embeddable":true,"href":"https:\/\/simchocolate.com\/es\/wp-json\/wp\/v2\/product_cat?post=9833"},{"taxonomy":"product_tag","embeddable":true,"href":"https:\/\/simchocolate.com\/es\/wp-json\/wp\/v2\/product_tag?post=9833"}],"curies":[{"name":"wp","href":"https:\/\/api.w.org\/{rel}","templated":true}]}}