{"id":9838,"date":"2023-10-20T16:52:55","date_gmt":"2023-10-20T16:52:55","guid":{"rendered":"https:\/\/simchocolate.com\/produto\/huevos-blandos\/"},"modified":"2023-10-20T16:52:55","modified_gmt":"2023-10-20T16:52:55","slug":"huevos-blandos","status":"publish","type":"product","link":"https:\/\/simchocolate.com\/es\/produto\/huevos-blandos\/","title":{"rendered":"Huevos blandos"},"content":{"rendered":"<h5 style=\"text-align: left;\">El arte del chocolate y los rellenos tradicionales<\/h5>\n<p style=\"text-align: left;\">Experimenta el refinamiento y la tradici\u00f3n con Bombom Ovos Moles, una aut\u00e9ntica delicia que rinde homenaje a la reposter\u00eda cl\u00e1sica portuguesa. <strong>Cada bomb\u00f3n es una obra maestra<\/strong> elaborada con la mejor selecci\u00f3n de ingredientes, que <strong>aporta el aut\u00e9ntico sabor de los tradicionales ovos moles en una forma moderna e irresistible.<\/strong><\/p>\n<p style=\"text-align: left;\">Elaborado con un relleno rico y aterciopelado, este bomb\u00f3n combina la suavidad de las natillas con la textura crujiente del chocolate de alta calidad. La fina capa de chocolate rodea delicadamente el relleno, proporcionando una experiencia gustativa que combina la dulzura de las natillas con el toque sofisticado del chocolate. <\/p>\n<p style=\"text-align: left;\"><strong>La receta de los ovos moles es una tradici\u00f3n que se remonta a los or\u00edgenes de la reposter\u00eda portuguesa, y este bomb\u00f3n recoge toda la esencia de esa tradici\u00f3n con un toque de innovaci\u00f3n.<\/strong>  El resultado no s\u00f3lo ofrece un sabor inigualable, sino tambi\u00e9n una presentaci\u00f3n elegante y refinada.<\/p>\n<p style=\"text-align: left;\"><strong>*Mantener a una temperatura entre 16\u00ba &#8211; 20\u00ba grados<\/strong><\/p>\n","protected":false},"excerpt":{"rendered":"<p>Un chocolate gourmet relleno de huevos blandos, una combinaci\u00f3n perfecta de sabor y textura.<\/p>\n","protected":false},"featured_media":9845,"comment_status":"closed","ping_status":"closed","template":"","meta":[],"product_brand":[],"product_cat":[187],"product_tag":[244],"class_list":{"0":"post-9838","1":"product","2":"type-product","3":"status-publish","4":"has-post-thumbnail","6":"product_cat-bombones","7":"product_tag-huevos-blandos","9":"first","10":"instock","11":"shipping-taxable","12":"purchasable","13":"product-type-simple"},"yoast_head":"<!-- This site is optimized with the Yoast SEO plugin v27.2 - https:\/\/yoast.com\/product\/yoast-seo-wordpress\/ -->\n<title>Huevos blandos | S\u00cd Chocolate<\/title>\n<meta name=\"description\" content=\"Prueba Bombom Ovos Moles, una irresistible golosina que combina lo mejor del chocolate con la dulzura tradicional de los huevos tiernos.\" \/>\n<meta name=\"robots\" content=\"index, follow, max-snippet:-1, max-image-preview:large, max-video-preview:-1\" \/>\n<link rel=\"canonical\" href=\"https:\/\/simchocolate.com\/es\/produto\/huevos-blandos\/\" \/>\n<meta property=\"og:locale\" content=\"es_ES\" \/>\n<meta property=\"og:type\" content=\"article\" \/>\n<meta property=\"og:title\" content=\"Huevos blandos | S\u00cd Chocolate\" \/>\n<meta property=\"og:description\" content=\"Prueba Bombom Ovos Moles, una irresistible golosina que combina lo mejor del chocolate con la dulzura tradicional de los huevos tiernos.\" \/>\n<meta property=\"og:url\" content=\"https:\/\/simchocolate.com\/es\/produto\/huevos-blandos\/\" \/>\n<meta property=\"og:site_name\" content=\"SIM Chocolate\" \/>\n<meta property=\"article:publisher\" content=\"https:\/\/www.facebook.com\/SimBombons\" \/>\n<meta property=\"og:image\" content=\"https:\/\/simchocolate.com\/wp-content\/uploads\/2023\/10\/FINAL-INTEIRO-13.jpg\" \/>\n\t<meta property=\"og:image:width\" content=\"1000\" \/>\n\t<meta property=\"og:image:height\" content=\"1000\" \/>\n\t<meta property=\"og:image:type\" content=\"image\/jpeg\" \/>\n<meta name=\"twitter:card\" content=\"summary_large_image\" \/>\n<meta name=\"twitter:label1\" content=\"Tiempo de lectura\" \/>\n\t<meta name=\"twitter:data1\" content=\"1 minuto\" \/>\n<script type=\"application\/ld+json\" class=\"yoast-schema-graph\">{\"@context\":\"https:\/\/schema.org\",\"@graph\":[{\"@type\":\"WebPage\",\"@id\":\"https:\/\/simchocolate.com\/es\/produto\/huevos-blandos\/\",\"url\":\"https:\/\/simchocolate.com\/es\/produto\/huevos-blandos\/\",\"name\":\"Huevos blandos | S\u00cd Chocolate\",\"isPartOf\":{\"@id\":\"https:\/\/simchocolate.com\/es\/#website\"},\"primaryImageOfPage\":{\"@id\":\"https:\/\/simchocolate.com\/es\/produto\/huevos-blandos\/#primaryimage\"},\"image\":{\"@id\":\"https:\/\/simchocolate.com\/es\/produto\/huevos-blandos\/#primaryimage\"},\"thumbnailUrl\":\"https:\/\/simchocolate.com\/wp-content\/uploads\/2023\/10\/FINAL-INTEIRO-13.jpg\",\"datePublished\":\"2023-10-20T16:52:55+00:00\",\"description\":\"Prueba Bombom Ovos Moles, una irresistible golosina que combina lo mejor del chocolate con la dulzura tradicional de los huevos tiernos.\",\"breadcrumb\":{\"@id\":\"https:\/\/simchocolate.com\/es\/produto\/huevos-blandos\/#breadcrumb\"},\"inLanguage\":\"es\",\"potentialAction\":[{\"@type\":\"ReadAction\",\"target\":[\"https:\/\/simchocolate.com\/es\/produto\/huevos-blandos\/\"]}]},{\"@type\":\"ImageObject\",\"inLanguage\":\"es\",\"@id\":\"https:\/\/simchocolate.com\/es\/produto\/huevos-blandos\/#primaryimage\",\"url\":\"https:\/\/simchocolate.com\/wp-content\/uploads\/2023\/10\/FINAL-INTEIRO-13.jpg\",\"contentUrl\":\"https:\/\/simchocolate.com\/wp-content\/uploads\/2023\/10\/FINAL-INTEIRO-13.jpg\",\"width\":1000,\"height\":1000,\"caption\":\"bombom ovos moles\"},{\"@type\":\"BreadcrumbList\",\"@id\":\"https:\/\/simchocolate.com\/es\/produto\/huevos-blandos\/#breadcrumb\",\"itemListElement\":[{\"@type\":\"ListItem\",\"position\":1,\"name\":\"In\u00edcio\",\"item\":\"https:\/\/simchocolate.com\/es\/\"},{\"@type\":\"ListItem\",\"position\":2,\"name\":\"Productos\",\"item\":\"https:\/\/simchocolate.com\/es\/shop\/\"},{\"@type\":\"ListItem\",\"position\":3,\"name\":\"Huevos blandos\"}]},{\"@type\":\"WebSite\",\"@id\":\"https:\/\/simchocolate.com\/es\/#website\",\"url\":\"https:\/\/simchocolate.com\/es\/\",\"name\":\"SIM Chocolate\",\"description\":\"Do amor incondicional entre uma m\u00e3e e sua filha, nasce a marca SIM Bombons no Natal de 2014\",\"potentialAction\":[{\"@type\":\"SearchAction\",\"target\":{\"@type\":\"EntryPoint\",\"urlTemplate\":\"https:\/\/simchocolate.com\/es\/?s={search_term_string}\"},\"query-input\":{\"@type\":\"PropertyValueSpecification\",\"valueRequired\":true,\"valueName\":\"search_term_string\"}}],\"inLanguage\":\"es\"}]}<\/script>\n<!-- \/ Yoast SEO plugin. -->","yoast_head_json":{"title":"Huevos blandos | S\u00cd Chocolate","description":"Prueba Bombom Ovos Moles, una irresistible golosina que combina lo mejor del chocolate con la dulzura tradicional de los huevos tiernos.","robots":{"index":"index","follow":"follow","max-snippet":"max-snippet:-1","max-image-preview":"max-image-preview:large","max-video-preview":"max-video-preview:-1"},"canonical":"https:\/\/simchocolate.com\/es\/produto\/huevos-blandos\/","og_locale":"es_ES","og_type":"article","og_title":"Huevos blandos | S\u00cd Chocolate","og_description":"Prueba Bombom Ovos Moles, una irresistible golosina que combina lo mejor del chocolate con la dulzura tradicional de los huevos tiernos.","og_url":"https:\/\/simchocolate.com\/es\/produto\/huevos-blandos\/","og_site_name":"SIM Chocolate","article_publisher":"https:\/\/www.facebook.com\/SimBombons","og_image":[{"width":1000,"height":1000,"url":"https:\/\/simchocolate.com\/wp-content\/uploads\/2023\/10\/FINAL-INTEIRO-13.jpg","type":"image\/jpeg"}],"twitter_card":"summary_large_image","twitter_misc":{"Tiempo de lectura":"1 minuto"},"schema":{"@context":"https:\/\/schema.org","@graph":[{"@type":"WebPage","@id":"https:\/\/simchocolate.com\/es\/produto\/huevos-blandos\/","url":"https:\/\/simchocolate.com\/es\/produto\/huevos-blandos\/","name":"Huevos blandos | S\u00cd Chocolate","isPartOf":{"@id":"https:\/\/simchocolate.com\/es\/#website"},"primaryImageOfPage":{"@id":"https:\/\/simchocolate.com\/es\/produto\/huevos-blandos\/#primaryimage"},"image":{"@id":"https:\/\/simchocolate.com\/es\/produto\/huevos-blandos\/#primaryimage"},"thumbnailUrl":"https:\/\/simchocolate.com\/wp-content\/uploads\/2023\/10\/FINAL-INTEIRO-13.jpg","datePublished":"2023-10-20T16:52:55+00:00","description":"Prueba Bombom Ovos Moles, una irresistible golosina que combina lo mejor del chocolate con la dulzura tradicional de los huevos tiernos.","breadcrumb":{"@id":"https:\/\/simchocolate.com\/es\/produto\/huevos-blandos\/#breadcrumb"},"inLanguage":"es","potentialAction":[{"@type":"ReadAction","target":["https:\/\/simchocolate.com\/es\/produto\/huevos-blandos\/"]}]},{"@type":"ImageObject","inLanguage":"es","@id":"https:\/\/simchocolate.com\/es\/produto\/huevos-blandos\/#primaryimage","url":"https:\/\/simchocolate.com\/wp-content\/uploads\/2023\/10\/FINAL-INTEIRO-13.jpg","contentUrl":"https:\/\/simchocolate.com\/wp-content\/uploads\/2023\/10\/FINAL-INTEIRO-13.jpg","width":1000,"height":1000,"caption":"bombom ovos moles"},{"@type":"BreadcrumbList","@id":"https:\/\/simchocolate.com\/es\/produto\/huevos-blandos\/#breadcrumb","itemListElement":[{"@type":"ListItem","position":1,"name":"In\u00edcio","item":"https:\/\/simchocolate.com\/es\/"},{"@type":"ListItem","position":2,"name":"Productos","item":"https:\/\/simchocolate.com\/es\/shop\/"},{"@type":"ListItem","position":3,"name":"Huevos blandos"}]},{"@type":"WebSite","@id":"https:\/\/simchocolate.com\/es\/#website","url":"https:\/\/simchocolate.com\/es\/","name":"SIM Chocolate","description":"Do amor incondicional entre uma m\u00e3e e sua filha, nasce a marca SIM Bombons no Natal de 2014","potentialAction":[{"@type":"SearchAction","target":{"@type":"EntryPoint","urlTemplate":"https:\/\/simchocolate.com\/es\/?s={search_term_string}"},"query-input":{"@type":"PropertyValueSpecification","valueRequired":true,"valueName":"search_term_string"}}],"inLanguage":"es"}]}},"_links":{"self":[{"href":"https:\/\/simchocolate.com\/es\/wp-json\/wp\/v2\/product\/9838","targetHints":{"allow":["GET"]}}],"collection":[{"href":"https:\/\/simchocolate.com\/es\/wp-json\/wp\/v2\/product"}],"about":[{"href":"https:\/\/simchocolate.com\/es\/wp-json\/wp\/v2\/types\/product"}],"replies":[{"embeddable":true,"href":"https:\/\/simchocolate.com\/es\/wp-json\/wp\/v2\/comments?post=9838"}],"wp:featuredmedia":[{"embeddable":true,"href":"https:\/\/simchocolate.com\/es\/wp-json\/wp\/v2\/media\/9845"}],"wp:attachment":[{"href":"https:\/\/simchocolate.com\/es\/wp-json\/wp\/v2\/media?parent=9838"}],"wp:term":[{"taxonomy":"product_brand","embeddable":true,"href":"https:\/\/simchocolate.com\/es\/wp-json\/wp\/v2\/product_brand?post=9838"},{"taxonomy":"product_cat","embeddable":true,"href":"https:\/\/simchocolate.com\/es\/wp-json\/wp\/v2\/product_cat?post=9838"},{"taxonomy":"product_tag","embeddable":true,"href":"https:\/\/simchocolate.com\/es\/wp-json\/wp\/v2\/product_tag?post=9838"}],"curies":[{"name":"wp","href":"https:\/\/api.w.org\/{rel}","templated":true}]}}