{"id":9839,"date":"2023-10-20T16:53:24","date_gmt":"2023-10-20T16:53:24","guid":{"rendered":"https:\/\/simchocolate.com\/produto\/bombon-de-frutos-rojos\/"},"modified":"2023-10-20T16:53:24","modified_gmt":"2023-10-20T16:53:24","slug":"bombon-de-frutos-rojos","status":"publish","type":"product","link":"https:\/\/simchocolate.com\/es\/produto\/bombon-de-frutos-rojos\/","title":{"rendered":"Bomb\u00f3n de frutos rojos"},"content":{"rendered":"<h5 style=\"text-align: left;\">Explosi\u00f3n de sabor y diversi\u00f3n<\/h5>\n<p style=\"text-align: left;\">Bombom Red Snaps es una aut\u00e9ntica aventura sensorial que combina el irresistible sabor del chocolate y los frutos rojos. Cuando lo muerdes, el suave chocolate se funde, revelando una capa de palitos rojos que crean una sensaci\u00f3n vibrante en tu boca. <\/p>\n<p style=\"text-align: left;\">Ideal para quienes buscan algo diferente e innovador, este bomb\u00f3n combina una textura crujiente con la cremosidad del relleno, ofreciendo una experiencia \u00fanica de diversi\u00f3n y sabor. Perfecto para sorprender en ocasiones especiales, \u00a1este bomb\u00f3n es una elecci\u00f3n deliciosa e inolvidable! <\/p>\n<p style=\"text-align: left;\"><strong>*Mantener a una temperatura entre 16\u00ba &#8211; 20\u00ba grados<\/strong><\/p>\n","protected":false},"excerpt":{"rendered":"<p>Bomb\u00f3n Estalinhos Vermelhos, elaborado con chocolate de primera calidad, ideal para quienes buscan una experiencia \u00fanica y sorprendente.<\/p>\n","protected":false},"featured_media":9851,"comment_status":"closed","ping_status":"closed","template":"","meta":[],"product_brand":[],"product_cat":[187],"product_tag":[],"class_list":{"0":"post-9839","1":"product","2":"type-product","3":"status-publish","4":"has-post-thumbnail","6":"product_cat-bombones","8":"first","9":"instock","10":"shipping-taxable","11":"purchasable","12":"product-type-simple"},"yoast_head":"<!-- This site is optimized with the Yoast SEO plugin v27.5 - https:\/\/yoast.com\/product\/yoast-seo-wordpress\/ -->\n<title>Bomb\u00f3n de frutos rojos | S\u00cd Chocolate<\/title>\n<meta name=\"description\" content=\"Descubre Bombom Estalinhos Vermelhos, una divertida combinaci\u00f3n de chocolate y polos que proporciona una explosi\u00f3n de sabor y sensaciones.\" \/>\n<meta name=\"robots\" content=\"index, follow, max-snippet:-1, max-image-preview:large, max-video-preview:-1\" \/>\n<link rel=\"canonical\" href=\"https:\/\/simchocolate.com\/es\/produto\/bombon-de-frutos-rojos\/\" \/>\n<meta property=\"og:locale\" content=\"es_ES\" \/>\n<meta property=\"og:type\" content=\"article\" \/>\n<meta property=\"og:title\" content=\"Bomb\u00f3n de frutos rojos | S\u00cd Chocolate\" \/>\n<meta property=\"og:description\" content=\"Descubre Bombom Estalinhos Vermelhos, una divertida combinaci\u00f3n de chocolate y polos que proporciona una explosi\u00f3n de sabor y sensaciones.\" \/>\n<meta property=\"og:url\" content=\"https:\/\/simchocolate.com\/es\/produto\/bombon-de-frutos-rojos\/\" \/>\n<meta property=\"og:site_name\" content=\"SIM Chocolate\" \/>\n<meta property=\"article:publisher\" content=\"https:\/\/www.facebook.com\/SimBombons\" \/>\n<meta property=\"og:image\" content=\"https:\/\/simchocolate.com\/wp-content\/uploads\/2023\/10\/FINAL-INTEIRO-3.jpg\" \/>\n\t<meta property=\"og:image:width\" content=\"1000\" \/>\n\t<meta property=\"og:image:height\" content=\"1000\" \/>\n\t<meta property=\"og:image:type\" content=\"image\/jpeg\" \/>\n<meta name=\"twitter:card\" content=\"summary_large_image\" \/>\n<meta name=\"twitter:label1\" content=\"Tiempo de lectura\" \/>\n\t<meta name=\"twitter:data1\" content=\"1 minuto\" \/>\n<script type=\"application\/ld+json\" class=\"yoast-schema-graph\">{\"@context\":\"https:\\\/\\\/schema.org\",\"@graph\":[{\"@type\":\"WebPage\",\"@id\":\"https:\\\/\\\/simchocolate.com\\\/es\\\/produto\\\/bombon-de-frutos-rojos\\\/\",\"url\":\"https:\\\/\\\/simchocolate.com\\\/es\\\/produto\\\/bombon-de-frutos-rojos\\\/\",\"name\":\"Bomb\u00f3n de frutos rojos | S\u00cd Chocolate\",\"isPartOf\":{\"@id\":\"https:\\\/\\\/simchocolate.com\\\/es\\\/#website\"},\"primaryImageOfPage\":{\"@id\":\"https:\\\/\\\/simchocolate.com\\\/es\\\/produto\\\/bombon-de-frutos-rojos\\\/#primaryimage\"},\"image\":{\"@id\":\"https:\\\/\\\/simchocolate.com\\\/es\\\/produto\\\/bombon-de-frutos-rojos\\\/#primaryimage\"},\"thumbnailUrl\":\"https:\\\/\\\/simchocolate.com\\\/wp-content\\\/uploads\\\/2023\\\/10\\\/FINAL-INTEIRO-3.jpg\",\"datePublished\":\"2023-10-20T16:53:24+00:00\",\"description\":\"Descubre Bombom Estalinhos Vermelhos, una divertida combinaci\u00f3n de chocolate y polos que proporciona una explosi\u00f3n de sabor y sensaciones.\",\"breadcrumb\":{\"@id\":\"https:\\\/\\\/simchocolate.com\\\/es\\\/produto\\\/bombon-de-frutos-rojos\\\/#breadcrumb\"},\"inLanguage\":\"es\",\"potentialAction\":[{\"@type\":\"ReadAction\",\"target\":[\"https:\\\/\\\/simchocolate.com\\\/es\\\/produto\\\/bombon-de-frutos-rojos\\\/\"]}]},{\"@type\":\"ImageObject\",\"inLanguage\":\"es\",\"@id\":\"https:\\\/\\\/simchocolate.com\\\/es\\\/produto\\\/bombon-de-frutos-rojos\\\/#primaryimage\",\"url\":\"https:\\\/\\\/simchocolate.com\\\/wp-content\\\/uploads\\\/2023\\\/10\\\/FINAL-INTEIRO-3.jpg\",\"contentUrl\":\"https:\\\/\\\/simchocolate.com\\\/wp-content\\\/uploads\\\/2023\\\/10\\\/FINAL-INTEIRO-3.jpg\",\"width\":1000,\"height\":1000,\"caption\":\"bombom estalinhos frutos vermelhos\"},{\"@type\":\"BreadcrumbList\",\"@id\":\"https:\\\/\\\/simchocolate.com\\\/es\\\/produto\\\/bombon-de-frutos-rojos\\\/#breadcrumb\",\"itemListElement\":[{\"@type\":\"ListItem\",\"position\":1,\"name\":\"In\u00edcio\",\"item\":\"https:\\\/\\\/simchocolate.com\\\/es\\\/\"},{\"@type\":\"ListItem\",\"position\":2,\"name\":\"Productos\",\"item\":\"https:\\\/\\\/simchocolate.com\\\/es\\\/shop\\\/\"},{\"@type\":\"ListItem\",\"position\":3,\"name\":\"Bomb\u00f3n de frutos rojos\"}]},{\"@type\":\"WebSite\",\"@id\":\"https:\\\/\\\/simchocolate.com\\\/es\\\/#website\",\"url\":\"https:\\\/\\\/simchocolate.com\\\/es\\\/\",\"name\":\"SIM Chocolate\",\"description\":\"Do amor incondicional entre uma m\u00e3e e sua filha, nasce a marca SIM Bombons no Natal de 2014\",\"potentialAction\":[{\"@type\":\"SearchAction\",\"target\":{\"@type\":\"EntryPoint\",\"urlTemplate\":\"https:\\\/\\\/simchocolate.com\\\/es\\\/?s={search_term_string}\"},\"query-input\":{\"@type\":\"PropertyValueSpecification\",\"valueRequired\":true,\"valueName\":\"search_term_string\"}}],\"inLanguage\":\"es\"}]}<\/script>\n<!-- \/ Yoast SEO plugin. -->","yoast_head_json":{"title":"Bomb\u00f3n de frutos rojos | S\u00cd Chocolate","description":"Descubre Bombom Estalinhos Vermelhos, una divertida combinaci\u00f3n de chocolate y polos que proporciona una explosi\u00f3n de sabor y sensaciones.","robots":{"index":"index","follow":"follow","max-snippet":"max-snippet:-1","max-image-preview":"max-image-preview:large","max-video-preview":"max-video-preview:-1"},"canonical":"https:\/\/simchocolate.com\/es\/produto\/bombon-de-frutos-rojos\/","og_locale":"es_ES","og_type":"article","og_title":"Bomb\u00f3n de frutos rojos | S\u00cd Chocolate","og_description":"Descubre Bombom Estalinhos Vermelhos, una divertida combinaci\u00f3n de chocolate y polos que proporciona una explosi\u00f3n de sabor y sensaciones.","og_url":"https:\/\/simchocolate.com\/es\/produto\/bombon-de-frutos-rojos\/","og_site_name":"SIM Chocolate","article_publisher":"https:\/\/www.facebook.com\/SimBombons","og_image":[{"width":1000,"height":1000,"url":"https:\/\/simchocolate.com\/wp-content\/uploads\/2023\/10\/FINAL-INTEIRO-3.jpg","type":"image\/jpeg"}],"twitter_card":"summary_large_image","twitter_misc":{"Tiempo de lectura":"1 minuto"},"schema":{"@context":"https:\/\/schema.org","@graph":[{"@type":"WebPage","@id":"https:\/\/simchocolate.com\/es\/produto\/bombon-de-frutos-rojos\/","url":"https:\/\/simchocolate.com\/es\/produto\/bombon-de-frutos-rojos\/","name":"Bomb\u00f3n de frutos rojos | S\u00cd Chocolate","isPartOf":{"@id":"https:\/\/simchocolate.com\/es\/#website"},"primaryImageOfPage":{"@id":"https:\/\/simchocolate.com\/es\/produto\/bombon-de-frutos-rojos\/#primaryimage"},"image":{"@id":"https:\/\/simchocolate.com\/es\/produto\/bombon-de-frutos-rojos\/#primaryimage"},"thumbnailUrl":"https:\/\/simchocolate.com\/wp-content\/uploads\/2023\/10\/FINAL-INTEIRO-3.jpg","datePublished":"2023-10-20T16:53:24+00:00","description":"Descubre Bombom Estalinhos Vermelhos, una divertida combinaci\u00f3n de chocolate y polos que proporciona una explosi\u00f3n de sabor y sensaciones.","breadcrumb":{"@id":"https:\/\/simchocolate.com\/es\/produto\/bombon-de-frutos-rojos\/#breadcrumb"},"inLanguage":"es","potentialAction":[{"@type":"ReadAction","target":["https:\/\/simchocolate.com\/es\/produto\/bombon-de-frutos-rojos\/"]}]},{"@type":"ImageObject","inLanguage":"es","@id":"https:\/\/simchocolate.com\/es\/produto\/bombon-de-frutos-rojos\/#primaryimage","url":"https:\/\/simchocolate.com\/wp-content\/uploads\/2023\/10\/FINAL-INTEIRO-3.jpg","contentUrl":"https:\/\/simchocolate.com\/wp-content\/uploads\/2023\/10\/FINAL-INTEIRO-3.jpg","width":1000,"height":1000,"caption":"bombom estalinhos frutos vermelhos"},{"@type":"BreadcrumbList","@id":"https:\/\/simchocolate.com\/es\/produto\/bombon-de-frutos-rojos\/#breadcrumb","itemListElement":[{"@type":"ListItem","position":1,"name":"In\u00edcio","item":"https:\/\/simchocolate.com\/es\/"},{"@type":"ListItem","position":2,"name":"Productos","item":"https:\/\/simchocolate.com\/es\/shop\/"},{"@type":"ListItem","position":3,"name":"Bomb\u00f3n de frutos rojos"}]},{"@type":"WebSite","@id":"https:\/\/simchocolate.com\/es\/#website","url":"https:\/\/simchocolate.com\/es\/","name":"SIM Chocolate","description":"Do amor incondicional entre uma m\u00e3e e sua filha, nasce a marca SIM Bombons no Natal de 2014","potentialAction":[{"@type":"SearchAction","target":{"@type":"EntryPoint","urlTemplate":"https:\/\/simchocolate.com\/es\/?s={search_term_string}"},"query-input":{"@type":"PropertyValueSpecification","valueRequired":true,"valueName":"search_term_string"}}],"inLanguage":"es"}]}},"_links":{"self":[{"href":"https:\/\/simchocolate.com\/es\/wp-json\/wp\/v2\/product\/9839","targetHints":{"allow":["GET"]}}],"collection":[{"href":"https:\/\/simchocolate.com\/es\/wp-json\/wp\/v2\/product"}],"about":[{"href":"https:\/\/simchocolate.com\/es\/wp-json\/wp\/v2\/types\/product"}],"replies":[{"embeddable":true,"href":"https:\/\/simchocolate.com\/es\/wp-json\/wp\/v2\/comments?post=9839"}],"wp:featuredmedia":[{"embeddable":true,"href":"https:\/\/simchocolate.com\/es\/wp-json\/wp\/v2\/media\/9851"}],"wp:attachment":[{"href":"https:\/\/simchocolate.com\/es\/wp-json\/wp\/v2\/media?parent=9839"}],"wp:term":[{"taxonomy":"product_brand","embeddable":true,"href":"https:\/\/simchocolate.com\/es\/wp-json\/wp\/v2\/product_brand?post=9839"},{"taxonomy":"product_cat","embeddable":true,"href":"https:\/\/simchocolate.com\/es\/wp-json\/wp\/v2\/product_cat?post=9839"},{"taxonomy":"product_tag","embeddable":true,"href":"https:\/\/simchocolate.com\/es\/wp-json\/wp\/v2\/product_tag?post=9839"}],"curies":[{"name":"wp","href":"https:\/\/api.w.org\/{rel}","templated":true}]}}