{"id":9862,"date":"2023-10-20T16:53:35","date_gmt":"2023-10-20T16:53:35","guid":{"rendered":"https:\/\/simchocolate.com\/produto\/bombon-de-almendra\/"},"modified":"2023-10-20T16:53:35","modified_gmt":"2023-10-20T16:53:35","slug":"bombon-de-almendra","status":"publish","type":"product","link":"https:\/\/simchocolate.com\/es\/produto\/bombon-de-almendra\/","title":{"rendered":"Bomb\u00f3n de almendra"},"content":{"rendered":"<h5 style=\"text-align: left\"><span style=\"letter-spacing: 0.01em\">Lo mejor de ambos mundos: delicioso y vegano<\/span><\/h5>\n<p style=\"text-align: left\">Descubre la excelencia del <strong>Bomb\u00f3n de Almendra<\/strong>, una aut\u00e9ntica obra maestra que combina la suavidad del chocolate con el irresistible crujido de las almendras tostadas. Hemos elaborado cuidadosamente este bomb\u00f3n para proporcionar una experiencia de degustaci\u00f3n inigualable, satisfaciendo incluso a los paladares m\u00e1s exigentes y asegur\u00e1ndonos de que sea <strong>totalmente vegano<\/strong>. <\/p>\n<p style=\"text-align: left\"><strong>Este bomb\u00f3n est\u00e1 hecho con chocolate de alta calidad, que envuelve delicadamente cada almendra tostada.<\/strong>  La meticulosa selecci\u00f3n de las almendras y su perfecto tostado garantizan una textura crujiente que complementa armoniosamente el suave y cremoso chocolate. Cada bocado revela una sinfon\u00eda de sabores, donde la riqueza del chocolate vegano se encuentra con la nota terrosa y ligeramente dulce de las almendras. <\/p>\n<p style=\"text-align: left\">La atenci\u00f3n al detalle en cada fase de la producci\u00f3n hace que cada bomb\u00f3n sea una peque\u00f1a obra maestra. <strong>S\u00f3lo utilizamos ingredientes veganos y de primera calidad,<\/strong> garantizando que cada bomb\u00f3n de almendra ofrezca una experiencia de sabor refinada y lujosa.<\/p>\n<p style=\"text-align: left\">Empaquetamos cada bomb\u00f3n con sumo cuidado, asegur\u00e1ndonos de que te llegue en perfectas condiciones, listo para ser disfrutado.<\/p>\n<p style=\"text-align: left\">D\u00e9jate llevar por la irresistible combinaci\u00f3n de crujido y suavidad, y descubre por qu\u00e9 nuestros bombones son sin\u00f3nimo de excelencia y sofisticaci\u00f3n, satisfaciendo a todos tus consumidores.<\/p>\n<p><strong>*Mantener a una temperatura entre 16\u00ba &#8211; 20\u00ba grados<\/strong><\/p>\n","protected":false},"excerpt":{"rendered":"<p>Bomb\u00f3n de Almendra, donde el chocolate gourmet envuelve almendras tostadas para una combinaci\u00f3n perfecta de crujido y suavidad.<\/p>\n","protected":false},"featured_media":9865,"comment_status":"closed","ping_status":"closed","template":"","meta":[],"product_brand":[],"product_cat":[187],"product_tag":[],"class_list":{"0":"post-9862","1":"product","2":"type-product","3":"status-publish","4":"has-post-thumbnail","6":"product_cat-bombones","8":"first","9":"outofstock","10":"shipping-taxable","11":"purchasable","12":"product-type-simple"},"yoast_head":"<!-- This site is optimized with the Yoast SEO plugin v27.5 - https:\/\/yoast.com\/product\/yoast-seo-wordpress\/ -->\n<title>Bomb\u00f3n de Almendra | YES Chocolate<\/title>\n<meta name=\"description\" content=\"Disfruta de nuestro delicioso Bomb\u00f3n de Almendra, donde el chocolate gourmet envuelve almendras tostadas para una combinaci\u00f3n perfecta de crujido y suavidad.\" \/>\n<meta name=\"robots\" content=\"index, follow, max-snippet:-1, max-image-preview:large, max-video-preview:-1\" \/>\n<link rel=\"canonical\" href=\"https:\/\/simchocolate.com\/es\/produto\/bombon-de-almendra\/\" \/>\n<meta property=\"og:locale\" content=\"es_ES\" \/>\n<meta property=\"og:type\" content=\"article\" \/>\n<meta property=\"og:title\" content=\"Bomb\u00f3n de Almendra | YES Chocolate\" \/>\n<meta property=\"og:description\" content=\"Disfruta de nuestro delicioso Bomb\u00f3n de Almendra, donde el chocolate gourmet envuelve almendras tostadas para una combinaci\u00f3n perfecta de crujido y suavidad.\" \/>\n<meta property=\"og:url\" content=\"https:\/\/simchocolate.com\/es\/produto\/bombon-de-almendra\/\" \/>\n<meta property=\"og:site_name\" content=\"SIM Chocolate\" \/>\n<meta property=\"article:publisher\" content=\"https:\/\/www.facebook.com\/SimBombons\" \/>\n<meta property=\"og:image\" content=\"https:\/\/simchocolate.com\/wp-content\/uploads\/2023\/10\/BB0036-1.jpg\" \/>\n\t<meta property=\"og:image:width\" content=\"1280\" \/>\n\t<meta property=\"og:image:height\" content=\"1280\" \/>\n\t<meta property=\"og:image:type\" content=\"image\/jpeg\" \/>\n<meta name=\"twitter:card\" content=\"summary_large_image\" \/>\n<meta name=\"twitter:label1\" content=\"Tiempo de lectura\" \/>\n\t<meta name=\"twitter:data1\" content=\"1 minuto\" \/>\n<script type=\"application\/ld+json\" class=\"yoast-schema-graph\">{\"@context\":\"https:\\\/\\\/schema.org\",\"@graph\":[{\"@type\":\"WebPage\",\"@id\":\"https:\\\/\\\/simchocolate.com\\\/es\\\/produto\\\/bombon-de-almendra\\\/\",\"url\":\"https:\\\/\\\/simchocolate.com\\\/es\\\/produto\\\/bombon-de-almendra\\\/\",\"name\":\"Bomb\u00f3n de Almendra | YES Chocolate\",\"isPartOf\":{\"@id\":\"https:\\\/\\\/simchocolate.com\\\/es\\\/#website\"},\"primaryImageOfPage\":{\"@id\":\"https:\\\/\\\/simchocolate.com\\\/es\\\/produto\\\/bombon-de-almendra\\\/#primaryimage\"},\"image\":{\"@id\":\"https:\\\/\\\/simchocolate.com\\\/es\\\/produto\\\/bombon-de-almendra\\\/#primaryimage\"},\"thumbnailUrl\":\"https:\\\/\\\/simchocolate.com\\\/wp-content\\\/uploads\\\/2023\\\/10\\\/BB0036-1.jpg\",\"datePublished\":\"2023-10-20T16:53:35+00:00\",\"description\":\"Disfruta de nuestro delicioso Bomb\u00f3n de Almendra, donde el chocolate gourmet envuelve almendras tostadas para una combinaci\u00f3n perfecta de crujido y suavidad.\",\"breadcrumb\":{\"@id\":\"https:\\\/\\\/simchocolate.com\\\/es\\\/produto\\\/bombon-de-almendra\\\/#breadcrumb\"},\"inLanguage\":\"es\",\"potentialAction\":[{\"@type\":\"ReadAction\",\"target\":[\"https:\\\/\\\/simchocolate.com\\\/es\\\/produto\\\/bombon-de-almendra\\\/\"]}]},{\"@type\":\"ImageObject\",\"inLanguage\":\"es\",\"@id\":\"https:\\\/\\\/simchocolate.com\\\/es\\\/produto\\\/bombon-de-almendra\\\/#primaryimage\",\"url\":\"https:\\\/\\\/simchocolate.com\\\/wp-content\\\/uploads\\\/2023\\\/10\\\/BB0036-1.jpg\",\"contentUrl\":\"https:\\\/\\\/simchocolate.com\\\/wp-content\\\/uploads\\\/2023\\\/10\\\/BB0036-1.jpg\",\"width\":1280,\"height\":1280,\"caption\":\"bombom am\u00eandoa\"},{\"@type\":\"BreadcrumbList\",\"@id\":\"https:\\\/\\\/simchocolate.com\\\/es\\\/produto\\\/bombon-de-almendra\\\/#breadcrumb\",\"itemListElement\":[{\"@type\":\"ListItem\",\"position\":1,\"name\":\"In\u00edcio\",\"item\":\"https:\\\/\\\/simchocolate.com\\\/es\\\/\"},{\"@type\":\"ListItem\",\"position\":2,\"name\":\"Productos\",\"item\":\"https:\\\/\\\/simchocolate.com\\\/es\\\/shop\\\/\"},{\"@type\":\"ListItem\",\"position\":3,\"name\":\"Bomb\u00f3n de almendra\"}]},{\"@type\":\"WebSite\",\"@id\":\"https:\\\/\\\/simchocolate.com\\\/es\\\/#website\",\"url\":\"https:\\\/\\\/simchocolate.com\\\/es\\\/\",\"name\":\"SIM Chocolate\",\"description\":\"Do amor incondicional entre uma m\u00e3e e sua filha, nasce a marca SIM Bombons no Natal de 2014\",\"potentialAction\":[{\"@type\":\"SearchAction\",\"target\":{\"@type\":\"EntryPoint\",\"urlTemplate\":\"https:\\\/\\\/simchocolate.com\\\/es\\\/?s={search_term_string}\"},\"query-input\":{\"@type\":\"PropertyValueSpecification\",\"valueRequired\":true,\"valueName\":\"search_term_string\"}}],\"inLanguage\":\"es\"}]}<\/script>\n<!-- \/ Yoast SEO plugin. -->","yoast_head_json":{"title":"Bomb\u00f3n de Almendra | YES Chocolate","description":"Disfruta de nuestro delicioso Bomb\u00f3n de Almendra, donde el chocolate gourmet envuelve almendras tostadas para una combinaci\u00f3n perfecta de crujido y suavidad.","robots":{"index":"index","follow":"follow","max-snippet":"max-snippet:-1","max-image-preview":"max-image-preview:large","max-video-preview":"max-video-preview:-1"},"canonical":"https:\/\/simchocolate.com\/es\/produto\/bombon-de-almendra\/","og_locale":"es_ES","og_type":"article","og_title":"Bomb\u00f3n de Almendra | YES Chocolate","og_description":"Disfruta de nuestro delicioso Bomb\u00f3n de Almendra, donde el chocolate gourmet envuelve almendras tostadas para una combinaci\u00f3n perfecta de crujido y suavidad.","og_url":"https:\/\/simchocolate.com\/es\/produto\/bombon-de-almendra\/","og_site_name":"SIM Chocolate","article_publisher":"https:\/\/www.facebook.com\/SimBombons","og_image":[{"width":1280,"height":1280,"url":"https:\/\/simchocolate.com\/wp-content\/uploads\/2023\/10\/BB0036-1.jpg","type":"image\/jpeg"}],"twitter_card":"summary_large_image","twitter_misc":{"Tiempo de lectura":"1 minuto"},"schema":{"@context":"https:\/\/schema.org","@graph":[{"@type":"WebPage","@id":"https:\/\/simchocolate.com\/es\/produto\/bombon-de-almendra\/","url":"https:\/\/simchocolate.com\/es\/produto\/bombon-de-almendra\/","name":"Bomb\u00f3n de Almendra | YES Chocolate","isPartOf":{"@id":"https:\/\/simchocolate.com\/es\/#website"},"primaryImageOfPage":{"@id":"https:\/\/simchocolate.com\/es\/produto\/bombon-de-almendra\/#primaryimage"},"image":{"@id":"https:\/\/simchocolate.com\/es\/produto\/bombon-de-almendra\/#primaryimage"},"thumbnailUrl":"https:\/\/simchocolate.com\/wp-content\/uploads\/2023\/10\/BB0036-1.jpg","datePublished":"2023-10-20T16:53:35+00:00","description":"Disfruta de nuestro delicioso Bomb\u00f3n de Almendra, donde el chocolate gourmet envuelve almendras tostadas para una combinaci\u00f3n perfecta de crujido y suavidad.","breadcrumb":{"@id":"https:\/\/simchocolate.com\/es\/produto\/bombon-de-almendra\/#breadcrumb"},"inLanguage":"es","potentialAction":[{"@type":"ReadAction","target":["https:\/\/simchocolate.com\/es\/produto\/bombon-de-almendra\/"]}]},{"@type":"ImageObject","inLanguage":"es","@id":"https:\/\/simchocolate.com\/es\/produto\/bombon-de-almendra\/#primaryimage","url":"https:\/\/simchocolate.com\/wp-content\/uploads\/2023\/10\/BB0036-1.jpg","contentUrl":"https:\/\/simchocolate.com\/wp-content\/uploads\/2023\/10\/BB0036-1.jpg","width":1280,"height":1280,"caption":"bombom am\u00eandoa"},{"@type":"BreadcrumbList","@id":"https:\/\/simchocolate.com\/es\/produto\/bombon-de-almendra\/#breadcrumb","itemListElement":[{"@type":"ListItem","position":1,"name":"In\u00edcio","item":"https:\/\/simchocolate.com\/es\/"},{"@type":"ListItem","position":2,"name":"Productos","item":"https:\/\/simchocolate.com\/es\/shop\/"},{"@type":"ListItem","position":3,"name":"Bomb\u00f3n de almendra"}]},{"@type":"WebSite","@id":"https:\/\/simchocolate.com\/es\/#website","url":"https:\/\/simchocolate.com\/es\/","name":"SIM Chocolate","description":"Do amor incondicional entre uma m\u00e3e e sua filha, nasce a marca SIM Bombons no Natal de 2014","potentialAction":[{"@type":"SearchAction","target":{"@type":"EntryPoint","urlTemplate":"https:\/\/simchocolate.com\/es\/?s={search_term_string}"},"query-input":{"@type":"PropertyValueSpecification","valueRequired":true,"valueName":"search_term_string"}}],"inLanguage":"es"}]}},"_links":{"self":[{"href":"https:\/\/simchocolate.com\/es\/wp-json\/wp\/v2\/product\/9862","targetHints":{"allow":["GET"]}}],"collection":[{"href":"https:\/\/simchocolate.com\/es\/wp-json\/wp\/v2\/product"}],"about":[{"href":"https:\/\/simchocolate.com\/es\/wp-json\/wp\/v2\/types\/product"}],"replies":[{"embeddable":true,"href":"https:\/\/simchocolate.com\/es\/wp-json\/wp\/v2\/comments?post=9862"}],"wp:featuredmedia":[{"embeddable":true,"href":"https:\/\/simchocolate.com\/es\/wp-json\/wp\/v2\/media\/9865"}],"wp:attachment":[{"href":"https:\/\/simchocolate.com\/es\/wp-json\/wp\/v2\/media?parent=9862"}],"wp:term":[{"taxonomy":"product_brand","embeddable":true,"href":"https:\/\/simchocolate.com\/es\/wp-json\/wp\/v2\/product_brand?post=9862"},{"taxonomy":"product_cat","embeddable":true,"href":"https:\/\/simchocolate.com\/es\/wp-json\/wp\/v2\/product_cat?post=9862"},{"taxonomy":"product_tag","embeddable":true,"href":"https:\/\/simchocolate.com\/es\/wp-json\/wp\/v2\/product_tag?post=9862"}],"curies":[{"name":"wp","href":"https:\/\/api.w.org\/{rel}","templated":true}]}}