{"id":9870,"date":"2024-03-21T11:13:54","date_gmt":"2024-03-21T11:13:54","guid":{"rendered":"https:\/\/simchocolate.com\/produto\/conejo-de-pascua-de-chocolate-con-leche-violeta\/"},"modified":"2024-03-21T11:13:54","modified_gmt":"2024-03-21T11:13:54","slug":"conejo-de-pascua-de-chocolate-con-leche-violeta","status":"publish","type":"product","link":"https:\/\/simchocolate.com\/es\/produto\/conejo-de-pascua-de-chocolate-con-leche-violeta\/","title":{"rendered":"Conejo de Pascua de Chocolate con Leche Violeta"},"content":{"rendered":"","protected":false},"excerpt":{"rendered":"<p>Conejito de Pascua de Chocolate con Leche Violeta. Figura Chocolate con leche de caracter\u00edsticas \u00fanicas, exaltado por la perfecta armon\u00eda entre la leche y el cacao. El equilibrio de leche y cacao, con un bajo contenido en az\u00facar, ofrece una combinaci\u00f3n de sabores de la que emergen agradables notas de caramelo.  <\/p>\n","protected":false},"featured_media":11149,"comment_status":"open","ping_status":"closed","template":"","meta":[],"product_brand":[],"product_cat":[190],"product_tag":[],"class_list":{"0":"post-9870","1":"product","2":"type-product","3":"status-publish","4":"has-post-thumbnail","6":"product_cat-todo-el-chocolate","7":"edicoes-pascua","9":"first","10":"instock","11":"shipping-taxable","12":"purchasable","13":"product-type-simple"},"yoast_head":"<!-- This site is optimized with the Yoast SEO plugin v27.2 - https:\/\/yoast.com\/product\/yoast-seo-wordpress\/ -->\n<title>Conejo de Pascua de Chocolate con Leche Violeta - Todo el chocolate - SIM Chocolate<\/title>\n<meta name=\"description\" content=\"Conejito de Pascua de Chocolate con Leche Violeta. Figura Chocolate con leche de caracter\u00edsticas \u00fanicas, exaltado por la perfecta armon\u00eda entre la leche y el cacao. El equilibrio de leche y cacao, con un bajo contenido en az\u00facar, ofrece una combinaci\u00f3n de sabores de la que emergen agradables notas de caramelo.\" \/>\n<meta name=\"robots\" content=\"index, follow, max-snippet:-1, max-image-preview:large, max-video-preview:-1\" \/>\n<link rel=\"canonical\" href=\"https:\/\/simchocolate.com\/es\/produto\/conejo-de-pascua-de-chocolate-con-leche-violeta\/\" \/>\n<meta property=\"og:locale\" content=\"es_ES\" \/>\n<meta property=\"og:type\" content=\"article\" \/>\n<meta property=\"og:title\" content=\"Conejo de Pascua de Chocolate con Leche Violeta - Todo el chocolate - SIM Chocolate\" \/>\n<meta property=\"og:description\" content=\"Conejito de Pascua de Chocolate con Leche Violeta. Figura Chocolate con leche de caracter\u00edsticas \u00fanicas, exaltado por la perfecta armon\u00eda entre la leche y el cacao. El equilibrio de leche y cacao, con un bajo contenido en az\u00facar, ofrece una combinaci\u00f3n de sabores de la que emergen agradables notas de caramelo.\" \/>\n<meta property=\"og:url\" content=\"https:\/\/simchocolate.com\/es\/produto\/conejo-de-pascua-de-chocolate-con-leche-violeta\/\" \/>\n<meta property=\"og:site_name\" content=\"SIM Chocolate\" \/>\n<meta property=\"article:publisher\" content=\"https:\/\/www.facebook.com\/SimBombons\" \/>\n<meta property=\"og:image\" content=\"https:\/\/simchocolate.com\/wp-content\/uploads\/2024\/03\/28.jpg\" \/>\n\t<meta property=\"og:image:width\" content=\"1000\" \/>\n\t<meta property=\"og:image:height\" content=\"1000\" \/>\n\t<meta property=\"og:image:type\" content=\"image\/jpeg\" \/>\n<meta name=\"twitter:card\" content=\"summary_large_image\" \/>\n<script type=\"application\/ld+json\" class=\"yoast-schema-graph\">{\"@context\":\"https:\/\/schema.org\",\"@graph\":[{\"@type\":\"WebPage\",\"@id\":\"https:\/\/simchocolate.com\/es\/produto\/conejo-de-pascua-de-chocolate-con-leche-violeta\/\",\"url\":\"https:\/\/simchocolate.com\/es\/produto\/conejo-de-pascua-de-chocolate-con-leche-violeta\/\",\"name\":\"Conejo de Pascua de Chocolate con Leche Violeta - Todo el chocolate - SIM Chocolate\",\"isPartOf\":{\"@id\":\"https:\/\/simchocolate.com\/es\/#website\"},\"primaryImageOfPage\":{\"@id\":\"https:\/\/simchocolate.com\/es\/produto\/conejo-de-pascua-de-chocolate-con-leche-violeta\/#primaryimage\"},\"image\":{\"@id\":\"https:\/\/simchocolate.com\/es\/produto\/conejo-de-pascua-de-chocolate-con-leche-violeta\/#primaryimage\"},\"thumbnailUrl\":\"https:\/\/simchocolate.com\/wp-content\/uploads\/2024\/03\/28.jpg\",\"datePublished\":\"2024-03-21T11:13:54+00:00\",\"description\":\"Conejito de Pascua de Chocolate con Leche Violeta. Figura Chocolate con leche de caracter\u00edsticas \u00fanicas, exaltado por la perfecta armon\u00eda entre la leche y el cacao. El equilibrio de leche y cacao, con un bajo contenido en az\u00facar, ofrece una combinaci\u00f3n de sabores de la que emergen agradables notas de caramelo.\",\"breadcrumb\":{\"@id\":\"https:\/\/simchocolate.com\/es\/produto\/conejo-de-pascua-de-chocolate-con-leche-violeta\/#breadcrumb\"},\"inLanguage\":\"es\",\"potentialAction\":[{\"@type\":\"ReadAction\",\"target\":[\"https:\/\/simchocolate.com\/es\/produto\/conejo-de-pascua-de-chocolate-con-leche-violeta\/\"]}]},{\"@type\":\"ImageObject\",\"inLanguage\":\"es\",\"@id\":\"https:\/\/simchocolate.com\/es\/produto\/conejo-de-pascua-de-chocolate-con-leche-violeta\/#primaryimage\",\"url\":\"https:\/\/simchocolate.com\/wp-content\/uploads\/2024\/03\/28.jpg\",\"contentUrl\":\"https:\/\/simchocolate.com\/wp-content\/uploads\/2024\/03\/28.jpg\",\"width\":1000,\"height\":1000},{\"@type\":\"BreadcrumbList\",\"@id\":\"https:\/\/simchocolate.com\/es\/produto\/conejo-de-pascua-de-chocolate-con-leche-violeta\/#breadcrumb\",\"itemListElement\":[{\"@type\":\"ListItem\",\"position\":1,\"name\":\"In\u00edcio\",\"item\":\"https:\/\/simchocolate.com\/es\/\"},{\"@type\":\"ListItem\",\"position\":2,\"name\":\"Productos\",\"item\":\"https:\/\/simchocolate.com\/es\/shop\/\"},{\"@type\":\"ListItem\",\"position\":3,\"name\":\"Conejo de Pascua de Chocolate con Leche Violeta\"}]},{\"@type\":\"WebSite\",\"@id\":\"https:\/\/simchocolate.com\/es\/#website\",\"url\":\"https:\/\/simchocolate.com\/es\/\",\"name\":\"SIM Chocolate\",\"description\":\"Do amor incondicional entre uma m\u00e3e e sua filha, nasce a marca SIM Bombons no Natal de 2014\",\"potentialAction\":[{\"@type\":\"SearchAction\",\"target\":{\"@type\":\"EntryPoint\",\"urlTemplate\":\"https:\/\/simchocolate.com\/es\/?s={search_term_string}\"},\"query-input\":{\"@type\":\"PropertyValueSpecification\",\"valueRequired\":true,\"valueName\":\"search_term_string\"}}],\"inLanguage\":\"es\"}]}<\/script>\n<!-- \/ Yoast SEO plugin. -->","yoast_head_json":{"title":"Conejo de Pascua de Chocolate con Leche Violeta - Todo el chocolate - SIM Chocolate","description":"Conejito de Pascua de Chocolate con Leche Violeta. Figura Chocolate con leche de caracter\u00edsticas \u00fanicas, exaltado por la perfecta armon\u00eda entre la leche y el cacao. El equilibrio de leche y cacao, con un bajo contenido en az\u00facar, ofrece una combinaci\u00f3n de sabores de la que emergen agradables notas de caramelo.","robots":{"index":"index","follow":"follow","max-snippet":"max-snippet:-1","max-image-preview":"max-image-preview:large","max-video-preview":"max-video-preview:-1"},"canonical":"https:\/\/simchocolate.com\/es\/produto\/conejo-de-pascua-de-chocolate-con-leche-violeta\/","og_locale":"es_ES","og_type":"article","og_title":"Conejo de Pascua de Chocolate con Leche Violeta - Todo el chocolate - SIM Chocolate","og_description":"Conejito de Pascua de Chocolate con Leche Violeta. Figura Chocolate con leche de caracter\u00edsticas \u00fanicas, exaltado por la perfecta armon\u00eda entre la leche y el cacao. El equilibrio de leche y cacao, con un bajo contenido en az\u00facar, ofrece una combinaci\u00f3n de sabores de la que emergen agradables notas de caramelo.","og_url":"https:\/\/simchocolate.com\/es\/produto\/conejo-de-pascua-de-chocolate-con-leche-violeta\/","og_site_name":"SIM Chocolate","article_publisher":"https:\/\/www.facebook.com\/SimBombons","og_image":[{"width":1000,"height":1000,"url":"https:\/\/simchocolate.com\/wp-content\/uploads\/2024\/03\/28.jpg","type":"image\/jpeg"}],"twitter_card":"summary_large_image","schema":{"@context":"https:\/\/schema.org","@graph":[{"@type":"WebPage","@id":"https:\/\/simchocolate.com\/es\/produto\/conejo-de-pascua-de-chocolate-con-leche-violeta\/","url":"https:\/\/simchocolate.com\/es\/produto\/conejo-de-pascua-de-chocolate-con-leche-violeta\/","name":"Conejo de Pascua de Chocolate con Leche Violeta - Todo el chocolate - SIM Chocolate","isPartOf":{"@id":"https:\/\/simchocolate.com\/es\/#website"},"primaryImageOfPage":{"@id":"https:\/\/simchocolate.com\/es\/produto\/conejo-de-pascua-de-chocolate-con-leche-violeta\/#primaryimage"},"image":{"@id":"https:\/\/simchocolate.com\/es\/produto\/conejo-de-pascua-de-chocolate-con-leche-violeta\/#primaryimage"},"thumbnailUrl":"https:\/\/simchocolate.com\/wp-content\/uploads\/2024\/03\/28.jpg","datePublished":"2024-03-21T11:13:54+00:00","description":"Conejito de Pascua de Chocolate con Leche Violeta. Figura Chocolate con leche de caracter\u00edsticas \u00fanicas, exaltado por la perfecta armon\u00eda entre la leche y el cacao. El equilibrio de leche y cacao, con un bajo contenido en az\u00facar, ofrece una combinaci\u00f3n de sabores de la que emergen agradables notas de caramelo.","breadcrumb":{"@id":"https:\/\/simchocolate.com\/es\/produto\/conejo-de-pascua-de-chocolate-con-leche-violeta\/#breadcrumb"},"inLanguage":"es","potentialAction":[{"@type":"ReadAction","target":["https:\/\/simchocolate.com\/es\/produto\/conejo-de-pascua-de-chocolate-con-leche-violeta\/"]}]},{"@type":"ImageObject","inLanguage":"es","@id":"https:\/\/simchocolate.com\/es\/produto\/conejo-de-pascua-de-chocolate-con-leche-violeta\/#primaryimage","url":"https:\/\/simchocolate.com\/wp-content\/uploads\/2024\/03\/28.jpg","contentUrl":"https:\/\/simchocolate.com\/wp-content\/uploads\/2024\/03\/28.jpg","width":1000,"height":1000},{"@type":"BreadcrumbList","@id":"https:\/\/simchocolate.com\/es\/produto\/conejo-de-pascua-de-chocolate-con-leche-violeta\/#breadcrumb","itemListElement":[{"@type":"ListItem","position":1,"name":"In\u00edcio","item":"https:\/\/simchocolate.com\/es\/"},{"@type":"ListItem","position":2,"name":"Productos","item":"https:\/\/simchocolate.com\/es\/shop\/"},{"@type":"ListItem","position":3,"name":"Conejo de Pascua de Chocolate con Leche Violeta"}]},{"@type":"WebSite","@id":"https:\/\/simchocolate.com\/es\/#website","url":"https:\/\/simchocolate.com\/es\/","name":"SIM Chocolate","description":"Do amor incondicional entre uma m\u00e3e e sua filha, nasce a marca SIM Bombons no Natal de 2014","potentialAction":[{"@type":"SearchAction","target":{"@type":"EntryPoint","urlTemplate":"https:\/\/simchocolate.com\/es\/?s={search_term_string}"},"query-input":{"@type":"PropertyValueSpecification","valueRequired":true,"valueName":"search_term_string"}}],"inLanguage":"es"}]}},"_links":{"self":[{"href":"https:\/\/simchocolate.com\/es\/wp-json\/wp\/v2\/product\/9870","targetHints":{"allow":["GET"]}}],"collection":[{"href":"https:\/\/simchocolate.com\/es\/wp-json\/wp\/v2\/product"}],"about":[{"href":"https:\/\/simchocolate.com\/es\/wp-json\/wp\/v2\/types\/product"}],"replies":[{"embeddable":true,"href":"https:\/\/simchocolate.com\/es\/wp-json\/wp\/v2\/comments?post=9870"}],"wp:featuredmedia":[{"embeddable":true,"href":"https:\/\/simchocolate.com\/es\/wp-json\/wp\/v2\/media\/11149"}],"wp:attachment":[{"href":"https:\/\/simchocolate.com\/es\/wp-json\/wp\/v2\/media?parent=9870"}],"wp:term":[{"taxonomy":"product_brand","embeddable":true,"href":"https:\/\/simchocolate.com\/es\/wp-json\/wp\/v2\/product_brand?post=9870"},{"taxonomy":"product_cat","embeddable":true,"href":"https:\/\/simchocolate.com\/es\/wp-json\/wp\/v2\/product_cat?post=9870"},{"taxonomy":"product_tag","embeddable":true,"href":"https:\/\/simchocolate.com\/es\/wp-json\/wp\/v2\/product_tag?post=9870"}],"curies":[{"name":"wp","href":"https:\/\/api.w.org\/{rel}","templated":true}]}}