{"id":9871,"date":"2023-10-20T16:53:38","date_gmt":"2023-10-20T16:53:38","guid":{"rendered":"https:\/\/simchocolate.com\/produto\/pina-maracuya\/"},"modified":"2023-10-20T16:53:38","modified_gmt":"2023-10-20T16:53:38","slug":"pina-maracuya","status":"publish","type":"product","link":"https:\/\/simchocolate.com\/es\/produto\/pina-maracuya\/","title":{"rendered":"Pi\u00f1a Maracuy\u00e1"},"content":{"rendered":"<h5 style=\"text-align: left\">Una explosi\u00f3n tropical de sabor<\/h5>\n<p style=\"text-align: left\">Del\u00e9itate con la energ\u00eda y frescura de nuestro Bomb\u00f3n de Pi\u00f1a y Fruta de la Pasi\u00f3n, una aut\u00e9ntica celebraci\u00f3n de sabores tropicales.  <strong>Este irresistible bomb\u00f3n combina el dulce sabor de la pi\u00f1a con la vibrante acidez de la fruta de la pasi\u00f3n, creando una armon\u00eda perfecta entre la frescura de la fruta y la suavidad del chocolate.<\/strong><\/p>\n<p style=\"text-align: left\">Adem\u00e1s, cada bomb\u00f3n se elabora meticulosamente para captar la esencia de los tr\u00f3picos. La pi\u00f1a, con su dulzor natural y su jugosa textura, se une a la fruta de la pasi\u00f3n, conocida por su sabor \u00e1cido y refrescante, dando como resultado una combinaci\u00f3n \u00fanica. Esta mezcla de frutas se envuelve en una capa de chocolate de alta calidad, que complementa y equilibra los sabores afrutados con su suave cremosidad.  <\/p>\n<p style=\"text-align: left\">Nuestra atenci\u00f3n al detalle, desde la selecci\u00f3n de los ingredientes hasta la finalizaci\u00f3n del producto, garantiza que cada bomb\u00f3n sea una peque\u00f1a obra maestra de la reposter\u00eda gourmet. Utilizamos t\u00e9cnicas artesanales y los mejores ingredientes para crear un bomb\u00f3n que no s\u00f3lo ofrece un sabor excepcional, sino que tambi\u00e9n es visualmente impresionante. <\/p>\n<p style=\"text-align: left\">El Bomb\u00f3n de Pi\u00f1a y Fruta de la Pasi\u00f3n <strong>es la elecci\u00f3n ideal para quienes buscan un capricho sofisticado con un toque de frescor tropical.<\/strong> Tanto si se trata de una celebraci\u00f3n especial como de un momento de placer personal, este bomb\u00f3n eleva cualquier ocasi\u00f3n con su vibrante sabor y su impecable presentaci\u00f3n.<\/p>\n<div class=\"qodef-content-grid qodef-description--in-grid\">\n<div class=\"woocommerce-tabs wc-tabs-wrapper\">\n<div id=\"tab-description\" class=\"woocommerce-Tabs-panel woocommerce-Tabs-panel--description panel entry-content wc-tab\" role=\"tabpanel\" aria-labelledby=\"tab-title-description\">\n<p><strong>*Mantener a una temperatura entre 16\u00ba &#8211; 20\u00ba grados<\/strong><\/p>\n<\/div>\n<\/div>\n<\/div>\n<div class=\"qodef-content-grid\"><\/div>\n","protected":false},"excerpt":{"rendered":"<p>Disfruta de la fusi\u00f3n tropical de nuestro Bomb\u00f3n de Pi\u00f1a y Fruta de la Pasi\u00f3n. Combina el dulce y jugoso sabor de la pi\u00f1a con la refrescante acidez de la fruta de la pasi\u00f3n. <\/p>\n","protected":false},"featured_media":9872,"comment_status":"closed","ping_status":"closed","template":"","meta":[],"product_brand":[],"product_cat":[187],"product_tag":[],"class_list":{"0":"post-9871","1":"product","2":"type-product","3":"status-publish","4":"has-post-thumbnail","6":"product_cat-bombones","8":"first","9":"outofstock","10":"shipping-taxable","11":"purchasable","12":"product-type-simple"},"yoast_head":"<!-- This site is optimized with the Yoast SEO plugin v27.5 - https:\/\/yoast.com\/product\/yoast-seo-wordpress\/ -->\n<title>Pi\u00f1a Maracuy\u00e1 | S\u00cd Chocolate<\/title>\n<meta name=\"description\" content=\"Disfruta de la fusi\u00f3n tropical de nuestro Bomb\u00f3n de Pi\u00f1a y Fruta de la Pasi\u00f3n. Combina el dulce y jugoso sabor de la pi\u00f1a con la refrescante acidez de la fruta de la pasi\u00f3n.\" \/>\n<meta name=\"robots\" content=\"index, follow, max-snippet:-1, max-image-preview:large, max-video-preview:-1\" \/>\n<link rel=\"canonical\" href=\"https:\/\/simchocolate.com\/es\/produto\/pina-maracuya\/\" \/>\n<meta property=\"og:locale\" content=\"es_ES\" \/>\n<meta property=\"og:type\" content=\"article\" \/>\n<meta property=\"og:title\" content=\"Pi\u00f1a Maracuy\u00e1 | S\u00cd Chocolate\" \/>\n<meta property=\"og:description\" content=\"Disfruta de la fusi\u00f3n tropical de nuestro Bomb\u00f3n de Pi\u00f1a y Fruta de la Pasi\u00f3n. Combina el dulce y jugoso sabor de la pi\u00f1a con la refrescante acidez de la fruta de la pasi\u00f3n.\" \/>\n<meta property=\"og:url\" content=\"https:\/\/simchocolate.com\/es\/produto\/pina-maracuya\/\" \/>\n<meta property=\"og:site_name\" content=\"SIM Chocolate\" \/>\n<meta property=\"article:publisher\" content=\"https:\/\/www.facebook.com\/SimBombons\" \/>\n<meta property=\"og:image\" content=\"https:\/\/simchocolate.com\/wp-content\/uploads\/2023\/10\/BB0037.jpg\" \/>\n\t<meta property=\"og:image:width\" content=\"1150\" \/>\n\t<meta property=\"og:image:height\" content=\"1150\" \/>\n\t<meta property=\"og:image:type\" content=\"image\/jpeg\" \/>\n<meta name=\"twitter:card\" content=\"summary_large_image\" \/>\n<meta name=\"twitter:label1\" content=\"Tiempo de lectura\" \/>\n\t<meta name=\"twitter:data1\" content=\"1 minuto\" \/>\n<script type=\"application\/ld+json\" class=\"yoast-schema-graph\">{\"@context\":\"https:\\\/\\\/schema.org\",\"@graph\":[{\"@type\":\"WebPage\",\"@id\":\"https:\\\/\\\/simchocolate.com\\\/es\\\/produto\\\/pina-maracuya\\\/\",\"url\":\"https:\\\/\\\/simchocolate.com\\\/es\\\/produto\\\/pina-maracuya\\\/\",\"name\":\"Pi\u00f1a Maracuy\u00e1 | S\u00cd Chocolate\",\"isPartOf\":{\"@id\":\"https:\\\/\\\/simchocolate.com\\\/es\\\/#website\"},\"primaryImageOfPage\":{\"@id\":\"https:\\\/\\\/simchocolate.com\\\/es\\\/produto\\\/pina-maracuya\\\/#primaryimage\"},\"image\":{\"@id\":\"https:\\\/\\\/simchocolate.com\\\/es\\\/produto\\\/pina-maracuya\\\/#primaryimage\"},\"thumbnailUrl\":\"https:\\\/\\\/simchocolate.com\\\/wp-content\\\/uploads\\\/2023\\\/10\\\/BB0037.jpg\",\"datePublished\":\"2023-10-20T16:53:38+00:00\",\"description\":\"Disfruta de la fusi\u00f3n tropical de nuestro Bomb\u00f3n de Pi\u00f1a y Fruta de la Pasi\u00f3n. Combina el dulce y jugoso sabor de la pi\u00f1a con la refrescante acidez de la fruta de la pasi\u00f3n.\",\"breadcrumb\":{\"@id\":\"https:\\\/\\\/simchocolate.com\\\/es\\\/produto\\\/pina-maracuya\\\/#breadcrumb\"},\"inLanguage\":\"es\",\"potentialAction\":[{\"@type\":\"ReadAction\",\"target\":[\"https:\\\/\\\/simchocolate.com\\\/es\\\/produto\\\/pina-maracuya\\\/\"]}]},{\"@type\":\"ImageObject\",\"inLanguage\":\"es\",\"@id\":\"https:\\\/\\\/simchocolate.com\\\/es\\\/produto\\\/pina-maracuya\\\/#primaryimage\",\"url\":\"https:\\\/\\\/simchocolate.com\\\/wp-content\\\/uploads\\\/2023\\\/10\\\/BB0037.jpg\",\"contentUrl\":\"https:\\\/\\\/simchocolate.com\\\/wp-content\\\/uploads\\\/2023\\\/10\\\/BB0037.jpg\",\"width\":1150,\"height\":1150,\"caption\":\"bombom anan\u00e1s maracuj\u00e1\"},{\"@type\":\"BreadcrumbList\",\"@id\":\"https:\\\/\\\/simchocolate.com\\\/es\\\/produto\\\/pina-maracuya\\\/#breadcrumb\",\"itemListElement\":[{\"@type\":\"ListItem\",\"position\":1,\"name\":\"In\u00edcio\",\"item\":\"https:\\\/\\\/simchocolate.com\\\/es\\\/\"},{\"@type\":\"ListItem\",\"position\":2,\"name\":\"Productos\",\"item\":\"https:\\\/\\\/simchocolate.com\\\/es\\\/shop\\\/\"},{\"@type\":\"ListItem\",\"position\":3,\"name\":\"Pi\u00f1a Maracuy\u00e1\"}]},{\"@type\":\"WebSite\",\"@id\":\"https:\\\/\\\/simchocolate.com\\\/es\\\/#website\",\"url\":\"https:\\\/\\\/simchocolate.com\\\/es\\\/\",\"name\":\"SIM Chocolate\",\"description\":\"Do amor incondicional entre uma m\u00e3e e sua filha, nasce a marca SIM Bombons no Natal de 2014\",\"potentialAction\":[{\"@type\":\"SearchAction\",\"target\":{\"@type\":\"EntryPoint\",\"urlTemplate\":\"https:\\\/\\\/simchocolate.com\\\/es\\\/?s={search_term_string}\"},\"query-input\":{\"@type\":\"PropertyValueSpecification\",\"valueRequired\":true,\"valueName\":\"search_term_string\"}}],\"inLanguage\":\"es\"}]}<\/script>\n<!-- \/ Yoast SEO plugin. -->","yoast_head_json":{"title":"Pi\u00f1a Maracuy\u00e1 | S\u00cd Chocolate","description":"Disfruta de la fusi\u00f3n tropical de nuestro Bomb\u00f3n de Pi\u00f1a y Fruta de la Pasi\u00f3n. Combina el dulce y jugoso sabor de la pi\u00f1a con la refrescante acidez de la fruta de la pasi\u00f3n.","robots":{"index":"index","follow":"follow","max-snippet":"max-snippet:-1","max-image-preview":"max-image-preview:large","max-video-preview":"max-video-preview:-1"},"canonical":"https:\/\/simchocolate.com\/es\/produto\/pina-maracuya\/","og_locale":"es_ES","og_type":"article","og_title":"Pi\u00f1a Maracuy\u00e1 | S\u00cd Chocolate","og_description":"Disfruta de la fusi\u00f3n tropical de nuestro Bomb\u00f3n de Pi\u00f1a y Fruta de la Pasi\u00f3n. Combina el dulce y jugoso sabor de la pi\u00f1a con la refrescante acidez de la fruta de la pasi\u00f3n.","og_url":"https:\/\/simchocolate.com\/es\/produto\/pina-maracuya\/","og_site_name":"SIM Chocolate","article_publisher":"https:\/\/www.facebook.com\/SimBombons","og_image":[{"width":1150,"height":1150,"url":"https:\/\/simchocolate.com\/wp-content\/uploads\/2023\/10\/BB0037.jpg","type":"image\/jpeg"}],"twitter_card":"summary_large_image","twitter_misc":{"Tiempo de lectura":"1 minuto"},"schema":{"@context":"https:\/\/schema.org","@graph":[{"@type":"WebPage","@id":"https:\/\/simchocolate.com\/es\/produto\/pina-maracuya\/","url":"https:\/\/simchocolate.com\/es\/produto\/pina-maracuya\/","name":"Pi\u00f1a Maracuy\u00e1 | S\u00cd Chocolate","isPartOf":{"@id":"https:\/\/simchocolate.com\/es\/#website"},"primaryImageOfPage":{"@id":"https:\/\/simchocolate.com\/es\/produto\/pina-maracuya\/#primaryimage"},"image":{"@id":"https:\/\/simchocolate.com\/es\/produto\/pina-maracuya\/#primaryimage"},"thumbnailUrl":"https:\/\/simchocolate.com\/wp-content\/uploads\/2023\/10\/BB0037.jpg","datePublished":"2023-10-20T16:53:38+00:00","description":"Disfruta de la fusi\u00f3n tropical de nuestro Bomb\u00f3n de Pi\u00f1a y Fruta de la Pasi\u00f3n. Combina el dulce y jugoso sabor de la pi\u00f1a con la refrescante acidez de la fruta de la pasi\u00f3n.","breadcrumb":{"@id":"https:\/\/simchocolate.com\/es\/produto\/pina-maracuya\/#breadcrumb"},"inLanguage":"es","potentialAction":[{"@type":"ReadAction","target":["https:\/\/simchocolate.com\/es\/produto\/pina-maracuya\/"]}]},{"@type":"ImageObject","inLanguage":"es","@id":"https:\/\/simchocolate.com\/es\/produto\/pina-maracuya\/#primaryimage","url":"https:\/\/simchocolate.com\/wp-content\/uploads\/2023\/10\/BB0037.jpg","contentUrl":"https:\/\/simchocolate.com\/wp-content\/uploads\/2023\/10\/BB0037.jpg","width":1150,"height":1150,"caption":"bombom anan\u00e1s maracuj\u00e1"},{"@type":"BreadcrumbList","@id":"https:\/\/simchocolate.com\/es\/produto\/pina-maracuya\/#breadcrumb","itemListElement":[{"@type":"ListItem","position":1,"name":"In\u00edcio","item":"https:\/\/simchocolate.com\/es\/"},{"@type":"ListItem","position":2,"name":"Productos","item":"https:\/\/simchocolate.com\/es\/shop\/"},{"@type":"ListItem","position":3,"name":"Pi\u00f1a Maracuy\u00e1"}]},{"@type":"WebSite","@id":"https:\/\/simchocolate.com\/es\/#website","url":"https:\/\/simchocolate.com\/es\/","name":"SIM Chocolate","description":"Do amor incondicional entre uma m\u00e3e e sua filha, nasce a marca SIM Bombons no Natal de 2014","potentialAction":[{"@type":"SearchAction","target":{"@type":"EntryPoint","urlTemplate":"https:\/\/simchocolate.com\/es\/?s={search_term_string}"},"query-input":{"@type":"PropertyValueSpecification","valueRequired":true,"valueName":"search_term_string"}}],"inLanguage":"es"}]}},"_links":{"self":[{"href":"https:\/\/simchocolate.com\/es\/wp-json\/wp\/v2\/product\/9871","targetHints":{"allow":["GET"]}}],"collection":[{"href":"https:\/\/simchocolate.com\/es\/wp-json\/wp\/v2\/product"}],"about":[{"href":"https:\/\/simchocolate.com\/es\/wp-json\/wp\/v2\/types\/product"}],"replies":[{"embeddable":true,"href":"https:\/\/simchocolate.com\/es\/wp-json\/wp\/v2\/comments?post=9871"}],"wp:featuredmedia":[{"embeddable":true,"href":"https:\/\/simchocolate.com\/es\/wp-json\/wp\/v2\/media\/9872"}],"wp:attachment":[{"href":"https:\/\/simchocolate.com\/es\/wp-json\/wp\/v2\/media?parent=9871"}],"wp:term":[{"taxonomy":"product_brand","embeddable":true,"href":"https:\/\/simchocolate.com\/es\/wp-json\/wp\/v2\/product_brand?post=9871"},{"taxonomy":"product_cat","embeddable":true,"href":"https:\/\/simchocolate.com\/es\/wp-json\/wp\/v2\/product_cat?post=9871"},{"taxonomy":"product_tag","embeddable":true,"href":"https:\/\/simchocolate.com\/es\/wp-json\/wp\/v2\/product_tag?post=9871"}],"curies":[{"name":"wp","href":"https:\/\/api.w.org\/{rel}","templated":true}]}}