{"id":9875,"date":"2023-10-20T16:53:41","date_gmt":"2023-10-20T16:53:41","guid":{"rendered":"https:\/\/simchocolate.com\/produto\/bombon-de-anacardo\/"},"modified":"2023-10-20T16:53:41","modified_gmt":"2023-10-20T16:53:41","slug":"bombon-de-anacardo","status":"publish","type":"product","link":"https:\/\/simchocolate.com\/es\/produto\/bombon-de-anacardo\/","title":{"rendered":"Bomb\u00f3n de anacardo"},"content":{"rendered":"<h5 style=\"text-align: left\">Una experiencia gastron\u00f3mica sin productos animales<\/h5>\n<p style=\"text-align: left\">Descubre el sabor \u00fanico de los Bombones Veganos de Anacardos, donde los anacardos crujientes se encuentran con el chocolate vegano de alta calidad. <strong>Este bomb\u00f3n ofrece una combinaci\u00f3n perfecta de suavidad y crujido<\/strong>, ideal para quienes buscan una opci\u00f3n deliciosa libre de productos animales.<\/p>\n<p style=\"text-align: left\">El Bomb\u00f3n Vegano de Anacardos se elabora cuidadosamente con chocolate vegano de alta calidad, que proporciona una textura cremosa y un sabor delicadamente dulce. Los anacardos, recogidos a mano y ligeramente tostados, a\u00f1aden un irresistible crujido que complementa armoniosamente al chocolate. El resultado es una combinaci\u00f3n que explora la suavidad del chocolate y la robustez de los anacardos.  <\/p>\n<p style=\"text-align: left\">Nuestra dedicaci\u00f3n a la calidad y el sabor es evidente en cada etapa de la producci\u00f3n. Por eso nos aseguramos de que este bomb\u00f3n no s\u00f3lo cumpla las normas de calidad m\u00e1s exigentes, sino que adem\u00e1s sea totalmente compatible con una dieta vegana. <\/p>\n<p style=\"text-align: left\">Ya sea para celebrar una ocasi\u00f3n especial o simplemente para darte un capricho, este bomb\u00f3n combina placer y conciencia, reflejando nuestra pasi\u00f3n por crear delicias \u00fanicas.<\/p>\n<p style=\"text-align: left\">D\u00e9jate envolver por la combinaci\u00f3n \u00fanica de chocolate vegano y anacardos crujientes y descubre por qu\u00e9 el Bomb\u00f3n Vegano de Anacardos <strong>es la elecci\u00f3n perfecta para quienes valoran tanto el sabor como la \u00e9tica en su experiencia gourmet.<\/strong><\/p>\n","protected":false},"excerpt":{"rendered":"<p>Sum\u00e9rgete en la sublime experiencia de Bombom Caju, un chocolate gourmet que combina crujientes anacardos con chocolate vegano de primera calidad.<\/p>\n","protected":false},"featured_media":9880,"comment_status":"closed","ping_status":"closed","template":"","meta":[],"product_brand":[],"product_cat":[187],"product_tag":[],"class_list":{"0":"post-9875","1":"product","2":"type-product","3":"status-publish","4":"has-post-thumbnail","6":"product_cat-bombones","8":"first","9":"outofstock","10":"shipping-taxable","11":"purchasable","12":"product-type-simple"},"yoast_head":"<!-- This site is optimized with the Yoast SEO plugin v27.5 - https:\/\/yoast.com\/product\/yoast-seo-wordpress\/ -->\n<title>Bomb\u00f3n de anacardo | SIM Chocolate<\/title>\n<meta name=\"description\" content=\"Sum\u00e9rgete en la sublime experiencia de Bombom Caju, un chocolate gourmet que combina crujientes anacardos con chocolate vegano de primera calidad.\" \/>\n<meta name=\"robots\" content=\"index, follow, max-snippet:-1, max-image-preview:large, max-video-preview:-1\" \/>\n<link rel=\"canonical\" href=\"https:\/\/simchocolate.com\/es\/produto\/bombon-de-anacardo\/\" \/>\n<meta property=\"og:locale\" content=\"es_ES\" \/>\n<meta property=\"og:type\" content=\"article\" \/>\n<meta property=\"og:title\" content=\"Bomb\u00f3n de anacardo | SIM Chocolate\" \/>\n<meta property=\"og:description\" content=\"Sum\u00e9rgete en la sublime experiencia de Bombom Caju, un chocolate gourmet que combina crujientes anacardos con chocolate vegano de primera calidad.\" \/>\n<meta property=\"og:url\" content=\"https:\/\/simchocolate.com\/es\/produto\/bombon-de-anacardo\/\" \/>\n<meta property=\"og:site_name\" content=\"SIM Chocolate\" \/>\n<meta property=\"article:publisher\" content=\"https:\/\/www.facebook.com\/SimBombons\" \/>\n<meta property=\"og:image\" content=\"https:\/\/simchocolate.com\/wp-content\/uploads\/2023\/10\/BB0038.jpg\" \/>\n\t<meta property=\"og:image:width\" content=\"1150\" \/>\n\t<meta property=\"og:image:height\" content=\"1150\" \/>\n\t<meta property=\"og:image:type\" content=\"image\/jpeg\" \/>\n<meta name=\"twitter:card\" content=\"summary_large_image\" \/>\n<meta name=\"twitter:label1\" content=\"Tiempo de lectura\" \/>\n\t<meta name=\"twitter:data1\" content=\"1 minuto\" \/>\n<script type=\"application\/ld+json\" class=\"yoast-schema-graph\">{\"@context\":\"https:\\\/\\\/schema.org\",\"@graph\":[{\"@type\":\"WebPage\",\"@id\":\"https:\\\/\\\/simchocolate.com\\\/es\\\/produto\\\/bombon-de-anacardo\\\/\",\"url\":\"https:\\\/\\\/simchocolate.com\\\/es\\\/produto\\\/bombon-de-anacardo\\\/\",\"name\":\"Bomb\u00f3n de anacardo | SIM Chocolate\",\"isPartOf\":{\"@id\":\"https:\\\/\\\/simchocolate.com\\\/es\\\/#website\"},\"primaryImageOfPage\":{\"@id\":\"https:\\\/\\\/simchocolate.com\\\/es\\\/produto\\\/bombon-de-anacardo\\\/#primaryimage\"},\"image\":{\"@id\":\"https:\\\/\\\/simchocolate.com\\\/es\\\/produto\\\/bombon-de-anacardo\\\/#primaryimage\"},\"thumbnailUrl\":\"https:\\\/\\\/simchocolate.com\\\/wp-content\\\/uploads\\\/2023\\\/10\\\/BB0038.jpg\",\"datePublished\":\"2023-10-20T16:53:41+00:00\",\"description\":\"Sum\u00e9rgete en la sublime experiencia de Bombom Caju, un chocolate gourmet que combina crujientes anacardos con chocolate vegano de primera calidad.\",\"breadcrumb\":{\"@id\":\"https:\\\/\\\/simchocolate.com\\\/es\\\/produto\\\/bombon-de-anacardo\\\/#breadcrumb\"},\"inLanguage\":\"es\",\"potentialAction\":[{\"@type\":\"ReadAction\",\"target\":[\"https:\\\/\\\/simchocolate.com\\\/es\\\/produto\\\/bombon-de-anacardo\\\/\"]}]},{\"@type\":\"ImageObject\",\"inLanguage\":\"es\",\"@id\":\"https:\\\/\\\/simchocolate.com\\\/es\\\/produto\\\/bombon-de-anacardo\\\/#primaryimage\",\"url\":\"https:\\\/\\\/simchocolate.com\\\/wp-content\\\/uploads\\\/2023\\\/10\\\/BB0038.jpg\",\"contentUrl\":\"https:\\\/\\\/simchocolate.com\\\/wp-content\\\/uploads\\\/2023\\\/10\\\/BB0038.jpg\",\"width\":1150,\"height\":1150,\"caption\":\"bombom caju\"},{\"@type\":\"BreadcrumbList\",\"@id\":\"https:\\\/\\\/simchocolate.com\\\/es\\\/produto\\\/bombon-de-anacardo\\\/#breadcrumb\",\"itemListElement\":[{\"@type\":\"ListItem\",\"position\":1,\"name\":\"In\u00edcio\",\"item\":\"https:\\\/\\\/simchocolate.com\\\/es\\\/\"},{\"@type\":\"ListItem\",\"position\":2,\"name\":\"Productos\",\"item\":\"https:\\\/\\\/simchocolate.com\\\/es\\\/shop\\\/\"},{\"@type\":\"ListItem\",\"position\":3,\"name\":\"Bomb\u00f3n de anacardo\"}]},{\"@type\":\"WebSite\",\"@id\":\"https:\\\/\\\/simchocolate.com\\\/es\\\/#website\",\"url\":\"https:\\\/\\\/simchocolate.com\\\/es\\\/\",\"name\":\"SIM Chocolate\",\"description\":\"Do amor incondicional entre uma m\u00e3e e sua filha, nasce a marca SIM Bombons no Natal de 2014\",\"potentialAction\":[{\"@type\":\"SearchAction\",\"target\":{\"@type\":\"EntryPoint\",\"urlTemplate\":\"https:\\\/\\\/simchocolate.com\\\/es\\\/?s={search_term_string}\"},\"query-input\":{\"@type\":\"PropertyValueSpecification\",\"valueRequired\":true,\"valueName\":\"search_term_string\"}}],\"inLanguage\":\"es\"}]}<\/script>\n<!-- \/ Yoast SEO plugin. -->","yoast_head_json":{"title":"Bomb\u00f3n de anacardo | SIM Chocolate","description":"Sum\u00e9rgete en la sublime experiencia de Bombom Caju, un chocolate gourmet que combina crujientes anacardos con chocolate vegano de primera calidad.","robots":{"index":"index","follow":"follow","max-snippet":"max-snippet:-1","max-image-preview":"max-image-preview:large","max-video-preview":"max-video-preview:-1"},"canonical":"https:\/\/simchocolate.com\/es\/produto\/bombon-de-anacardo\/","og_locale":"es_ES","og_type":"article","og_title":"Bomb\u00f3n de anacardo | SIM Chocolate","og_description":"Sum\u00e9rgete en la sublime experiencia de Bombom Caju, un chocolate gourmet que combina crujientes anacardos con chocolate vegano de primera calidad.","og_url":"https:\/\/simchocolate.com\/es\/produto\/bombon-de-anacardo\/","og_site_name":"SIM Chocolate","article_publisher":"https:\/\/www.facebook.com\/SimBombons","og_image":[{"width":1150,"height":1150,"url":"https:\/\/simchocolate.com\/wp-content\/uploads\/2023\/10\/BB0038.jpg","type":"image\/jpeg"}],"twitter_card":"summary_large_image","twitter_misc":{"Tiempo de lectura":"1 minuto"},"schema":{"@context":"https:\/\/schema.org","@graph":[{"@type":"WebPage","@id":"https:\/\/simchocolate.com\/es\/produto\/bombon-de-anacardo\/","url":"https:\/\/simchocolate.com\/es\/produto\/bombon-de-anacardo\/","name":"Bomb\u00f3n de anacardo | SIM Chocolate","isPartOf":{"@id":"https:\/\/simchocolate.com\/es\/#website"},"primaryImageOfPage":{"@id":"https:\/\/simchocolate.com\/es\/produto\/bombon-de-anacardo\/#primaryimage"},"image":{"@id":"https:\/\/simchocolate.com\/es\/produto\/bombon-de-anacardo\/#primaryimage"},"thumbnailUrl":"https:\/\/simchocolate.com\/wp-content\/uploads\/2023\/10\/BB0038.jpg","datePublished":"2023-10-20T16:53:41+00:00","description":"Sum\u00e9rgete en la sublime experiencia de Bombom Caju, un chocolate gourmet que combina crujientes anacardos con chocolate vegano de primera calidad.","breadcrumb":{"@id":"https:\/\/simchocolate.com\/es\/produto\/bombon-de-anacardo\/#breadcrumb"},"inLanguage":"es","potentialAction":[{"@type":"ReadAction","target":["https:\/\/simchocolate.com\/es\/produto\/bombon-de-anacardo\/"]}]},{"@type":"ImageObject","inLanguage":"es","@id":"https:\/\/simchocolate.com\/es\/produto\/bombon-de-anacardo\/#primaryimage","url":"https:\/\/simchocolate.com\/wp-content\/uploads\/2023\/10\/BB0038.jpg","contentUrl":"https:\/\/simchocolate.com\/wp-content\/uploads\/2023\/10\/BB0038.jpg","width":1150,"height":1150,"caption":"bombom caju"},{"@type":"BreadcrumbList","@id":"https:\/\/simchocolate.com\/es\/produto\/bombon-de-anacardo\/#breadcrumb","itemListElement":[{"@type":"ListItem","position":1,"name":"In\u00edcio","item":"https:\/\/simchocolate.com\/es\/"},{"@type":"ListItem","position":2,"name":"Productos","item":"https:\/\/simchocolate.com\/es\/shop\/"},{"@type":"ListItem","position":3,"name":"Bomb\u00f3n de anacardo"}]},{"@type":"WebSite","@id":"https:\/\/simchocolate.com\/es\/#website","url":"https:\/\/simchocolate.com\/es\/","name":"SIM Chocolate","description":"Do amor incondicional entre uma m\u00e3e e sua filha, nasce a marca SIM Bombons no Natal de 2014","potentialAction":[{"@type":"SearchAction","target":{"@type":"EntryPoint","urlTemplate":"https:\/\/simchocolate.com\/es\/?s={search_term_string}"},"query-input":{"@type":"PropertyValueSpecification","valueRequired":true,"valueName":"search_term_string"}}],"inLanguage":"es"}]}},"_links":{"self":[{"href":"https:\/\/simchocolate.com\/es\/wp-json\/wp\/v2\/product\/9875","targetHints":{"allow":["GET"]}}],"collection":[{"href":"https:\/\/simchocolate.com\/es\/wp-json\/wp\/v2\/product"}],"about":[{"href":"https:\/\/simchocolate.com\/es\/wp-json\/wp\/v2\/types\/product"}],"replies":[{"embeddable":true,"href":"https:\/\/simchocolate.com\/es\/wp-json\/wp\/v2\/comments?post=9875"}],"wp:featuredmedia":[{"embeddable":true,"href":"https:\/\/simchocolate.com\/es\/wp-json\/wp\/v2\/media\/9880"}],"wp:attachment":[{"href":"https:\/\/simchocolate.com\/es\/wp-json\/wp\/v2\/media?parent=9875"}],"wp:term":[{"taxonomy":"product_brand","embeddable":true,"href":"https:\/\/simchocolate.com\/es\/wp-json\/wp\/v2\/product_brand?post=9875"},{"taxonomy":"product_cat","embeddable":true,"href":"https:\/\/simchocolate.com\/es\/wp-json\/wp\/v2\/product_cat?post=9875"},{"taxonomy":"product_tag","embeddable":true,"href":"https:\/\/simchocolate.com\/es\/wp-json\/wp\/v2\/product_tag?post=9875"}],"curies":[{"name":"wp","href":"https:\/\/api.w.org\/{rel}","templated":true}]}}