{"id":9887,"date":"2023-10-20T16:53:54","date_gmt":"2023-10-20T16:53:54","guid":{"rendered":"https:\/\/simchocolate.com\/produto\/melon-cereza\/"},"modified":"2023-10-20T16:53:54","modified_gmt":"2023-10-20T16:53:54","slug":"melon-cereza","status":"publish","type":"product","link":"https:\/\/simchocolate.com\/es\/produto\/melon-cereza\/","title":{"rendered":"Mel\u00f3n cereza"},"content":{"rendered":"<h5 style=\"text-align: left\">La fusi\u00f3n de frescura y dulzura<\/h5>\n<p style=\"text-align: left\">Explora una nueva dimensi\u00f3n de sabores con el <strong>Bomb\u00f3n Mel\u00f3n Cereza<\/strong>, una creaci\u00f3n innovadora que combina la frescura del mel\u00f3n con el intenso dulzor de las cerezas, envuelto en una capa de delicado chocolate.<\/p>\n<p style=\"text-align: left\">Este bomb\u00f3n se elabora con fruta cuidadosamente seleccionada, lo que garantiza que cada bomb\u00f3n contenga la combinaci\u00f3n perfecta de jugosidad y sabor. La cereza, conocida por su rico dulzor ligeramente \u00e1cido, se combina con el mel\u00f3n, que a\u00f1ade un toque de frescor y suavidad. Juntos, estos sabores se complementan con la cremosidad del chocolate de alta calidad, creando una experiencia de sabor refrescante e indulgente.  <\/p>\n<p style=\"text-align: left\">La vibrante fusi\u00f3n de cereza y mel\u00f3n ofrece un interesante contraste tanto de sabor como de textura, mientras que el chocolate aporta la suavidad que une todos los elementos en una experiencia armoniosa.<\/p>\n<p style=\"text-align: left\">Tanto si celebras una ocasi\u00f3n especial como si simplemente quieres a\u00f1adir un toque de sofisticaci\u00f3n a tu d\u00eda, los Bombones de Cereza Mel\u00f3n son la elecci\u00f3n ideal. Cada bomb\u00f3n se elabora artesanalmente, garantizando que cada pieza sea una aut\u00e9ntica obra maestra. Envasado con cuidado y atenci\u00f3n al detalle, este bomb\u00f3n no s\u00f3lo ofrece un sabor extraordinario, sino tambi\u00e9n una presentaci\u00f3n impecable que eleva cualquier momento.  <\/p>\n<p style=\"text-align: left\">Sum\u00e9rgete en los sabores ex\u00f3ticos e innovadores del Bomb\u00f3n Mel\u00f3n Cereza y descubre c\u00f3mo la combinaci\u00f3n perfecta de fruta fresca y chocolate puede convertir cualquier ocasi\u00f3n en una experiencia memorable.<\/p>\n","protected":false},"excerpt":{"rendered":"<p>Descubre la sorprendente armon\u00eda de nuestro bomb\u00f3n de Cereza y Mel\u00f3n. Un refrescante y dulce encuentro entre la jugosa cereza y el arom\u00e1tico mel\u00f3n, envuelto en fino chocolate. <\/p>\n","protected":false},"featured_media":9889,"comment_status":"closed","ping_status":"closed","template":"","meta":[],"product_brand":[],"product_cat":[187],"product_tag":[],"class_list":{"0":"post-9887","1":"product","2":"type-product","3":"status-publish","4":"has-post-thumbnail","6":"product_cat-bombones","8":"first","9":"outofstock","10":"shipping-taxable","11":"purchasable","12":"product-type-simple"},"yoast_head":"<!-- This site is optimized with the Yoast SEO plugin v27.5 - https:\/\/yoast.com\/product\/yoast-seo-wordpress\/ -->\n<title>SIM Chocolate<\/title>\n<meta name=\"description\" content=\"Descubre la sorprendente armon\u00eda de nuestro Bomb\u00f3n de Cereza y Mel\u00f3n. Un refrescante encuentro entre jugosas cerezas y mel\u00f3n, envuelto en fino chocolate.\" \/>\n<meta name=\"robots\" content=\"index, follow, max-snippet:-1, max-image-preview:large, max-video-preview:-1\" \/>\n<link rel=\"canonical\" href=\"https:\/\/simchocolate.com\/es\/produto\/melon-cereza\/\" \/>\n<meta property=\"og:locale\" content=\"es_ES\" \/>\n<meta property=\"og:type\" content=\"article\" \/>\n<meta property=\"og:description\" content=\"Descubre la sorprendente armon\u00eda de nuestro Bomb\u00f3n de Cereza y Mel\u00f3n. Un refrescante encuentro entre jugosas cerezas y mel\u00f3n, envuelto en fino chocolate.\" \/>\n<meta property=\"og:url\" content=\"https:\/\/simchocolate.com\/es\/produto\/melon-cereza\/\" \/>\n<meta property=\"og:site_name\" content=\"SIM Chocolate\" \/>\n<meta property=\"article:publisher\" content=\"https:\/\/www.facebook.com\/SimBombons\" \/>\n<meta property=\"og:image\" content=\"https:\/\/simchocolate.com\/wp-content\/uploads\/2023\/10\/BB0041.jpg\" \/>\n\t<meta property=\"og:image:width\" content=\"1150\" \/>\n\t<meta property=\"og:image:height\" content=\"1150\" \/>\n\t<meta property=\"og:image:type\" content=\"image\/jpeg\" \/>\n<meta name=\"twitter:card\" content=\"summary_large_image\" \/>\n<meta name=\"twitter:label1\" content=\"Tiempo de lectura\" \/>\n\t<meta name=\"twitter:data1\" content=\"1 minuto\" \/>\n<script type=\"application\/ld+json\" class=\"yoast-schema-graph\">{\"@context\":\"https:\\\/\\\/schema.org\",\"@graph\":[{\"@type\":\"WebPage\",\"@id\":\"https:\\\/\\\/simchocolate.com\\\/es\\\/produto\\\/melon-cereza\\\/\",\"url\":\"https:\\\/\\\/simchocolate.com\\\/es\\\/produto\\\/melon-cereza\\\/\",\"name\":\"\",\"isPartOf\":{\"@id\":\"https:\\\/\\\/simchocolate.com\\\/es\\\/#website\"},\"primaryImageOfPage\":{\"@id\":\"https:\\\/\\\/simchocolate.com\\\/es\\\/produto\\\/melon-cereza\\\/#primaryimage\"},\"image\":{\"@id\":\"https:\\\/\\\/simchocolate.com\\\/es\\\/produto\\\/melon-cereza\\\/#primaryimage\"},\"thumbnailUrl\":\"https:\\\/\\\/simchocolate.com\\\/wp-content\\\/uploads\\\/2023\\\/10\\\/BB0041.jpg\",\"datePublished\":\"2023-10-20T16:53:54+00:00\",\"description\":\"Descubre la sorprendente armon\u00eda de nuestro Bomb\u00f3n de Cereza y Mel\u00f3n. Un refrescante encuentro entre jugosas cerezas y mel\u00f3n, envuelto en fino chocolate.\",\"breadcrumb\":{\"@id\":\"https:\\\/\\\/simchocolate.com\\\/es\\\/produto\\\/melon-cereza\\\/#breadcrumb\"},\"inLanguage\":\"es\",\"potentialAction\":[{\"@type\":\"ReadAction\",\"target\":[\"https:\\\/\\\/simchocolate.com\\\/es\\\/produto\\\/melon-cereza\\\/\"]}]},{\"@type\":\"ImageObject\",\"inLanguage\":\"es\",\"@id\":\"https:\\\/\\\/simchocolate.com\\\/es\\\/produto\\\/melon-cereza\\\/#primaryimage\",\"url\":\"https:\\\/\\\/simchocolate.com\\\/wp-content\\\/uploads\\\/2023\\\/10\\\/BB0041.jpg\",\"contentUrl\":\"https:\\\/\\\/simchocolate.com\\\/wp-content\\\/uploads\\\/2023\\\/10\\\/BB0041.jpg\",\"width\":1150,\"height\":1150,\"caption\":\"bombom cereja mel\u00e3o\"},{\"@type\":\"BreadcrumbList\",\"@id\":\"https:\\\/\\\/simchocolate.com\\\/es\\\/produto\\\/melon-cereza\\\/#breadcrumb\",\"itemListElement\":[{\"@type\":\"ListItem\",\"position\":1,\"name\":\"In\u00edcio\",\"item\":\"https:\\\/\\\/simchocolate.com\\\/es\\\/\"},{\"@type\":\"ListItem\",\"position\":2,\"name\":\"Productos\",\"item\":\"https:\\\/\\\/simchocolate.com\\\/es\\\/shop\\\/\"},{\"@type\":\"ListItem\",\"position\":3,\"name\":\"Mel\u00f3n cereza\"}]},{\"@type\":\"WebSite\",\"@id\":\"https:\\\/\\\/simchocolate.com\\\/es\\\/#website\",\"url\":\"https:\\\/\\\/simchocolate.com\\\/es\\\/\",\"name\":\"SIM Chocolate\",\"description\":\"Do amor incondicional entre uma m\u00e3e e sua filha, nasce a marca SIM Bombons no Natal de 2014\",\"potentialAction\":[{\"@type\":\"SearchAction\",\"target\":{\"@type\":\"EntryPoint\",\"urlTemplate\":\"https:\\\/\\\/simchocolate.com\\\/es\\\/?s={search_term_string}\"},\"query-input\":{\"@type\":\"PropertyValueSpecification\",\"valueRequired\":true,\"valueName\":\"search_term_string\"}}],\"inLanguage\":\"es\"}]}<\/script>\n<!-- \/ Yoast SEO plugin. -->","yoast_head_json":{"title":"SIM Chocolate","description":"Descubre la sorprendente armon\u00eda de nuestro Bomb\u00f3n de Cereza y Mel\u00f3n. Un refrescante encuentro entre jugosas cerezas y mel\u00f3n, envuelto en fino chocolate.","robots":{"index":"index","follow":"follow","max-snippet":"max-snippet:-1","max-image-preview":"max-image-preview:large","max-video-preview":"max-video-preview:-1"},"canonical":"https:\/\/simchocolate.com\/es\/produto\/melon-cereza\/","og_locale":"es_ES","og_type":"article","og_description":"Descubre la sorprendente armon\u00eda de nuestro Bomb\u00f3n de Cereza y Mel\u00f3n. Un refrescante encuentro entre jugosas cerezas y mel\u00f3n, envuelto en fino chocolate.","og_url":"https:\/\/simchocolate.com\/es\/produto\/melon-cereza\/","og_site_name":"SIM Chocolate","article_publisher":"https:\/\/www.facebook.com\/SimBombons","og_image":[{"width":1150,"height":1150,"url":"https:\/\/simchocolate.com\/wp-content\/uploads\/2023\/10\/BB0041.jpg","type":"image\/jpeg"}],"twitter_card":"summary_large_image","twitter_misc":{"Tiempo de lectura":"1 minuto"},"schema":{"@context":"https:\/\/schema.org","@graph":[{"@type":"WebPage","@id":"https:\/\/simchocolate.com\/es\/produto\/melon-cereza\/","url":"https:\/\/simchocolate.com\/es\/produto\/melon-cereza\/","name":"","isPartOf":{"@id":"https:\/\/simchocolate.com\/es\/#website"},"primaryImageOfPage":{"@id":"https:\/\/simchocolate.com\/es\/produto\/melon-cereza\/#primaryimage"},"image":{"@id":"https:\/\/simchocolate.com\/es\/produto\/melon-cereza\/#primaryimage"},"thumbnailUrl":"https:\/\/simchocolate.com\/wp-content\/uploads\/2023\/10\/BB0041.jpg","datePublished":"2023-10-20T16:53:54+00:00","description":"Descubre la sorprendente armon\u00eda de nuestro Bomb\u00f3n de Cereza y Mel\u00f3n. Un refrescante encuentro entre jugosas cerezas y mel\u00f3n, envuelto en fino chocolate.","breadcrumb":{"@id":"https:\/\/simchocolate.com\/es\/produto\/melon-cereza\/#breadcrumb"},"inLanguage":"es","potentialAction":[{"@type":"ReadAction","target":["https:\/\/simchocolate.com\/es\/produto\/melon-cereza\/"]}]},{"@type":"ImageObject","inLanguage":"es","@id":"https:\/\/simchocolate.com\/es\/produto\/melon-cereza\/#primaryimage","url":"https:\/\/simchocolate.com\/wp-content\/uploads\/2023\/10\/BB0041.jpg","contentUrl":"https:\/\/simchocolate.com\/wp-content\/uploads\/2023\/10\/BB0041.jpg","width":1150,"height":1150,"caption":"bombom cereja mel\u00e3o"},{"@type":"BreadcrumbList","@id":"https:\/\/simchocolate.com\/es\/produto\/melon-cereza\/#breadcrumb","itemListElement":[{"@type":"ListItem","position":1,"name":"In\u00edcio","item":"https:\/\/simchocolate.com\/es\/"},{"@type":"ListItem","position":2,"name":"Productos","item":"https:\/\/simchocolate.com\/es\/shop\/"},{"@type":"ListItem","position":3,"name":"Mel\u00f3n cereza"}]},{"@type":"WebSite","@id":"https:\/\/simchocolate.com\/es\/#website","url":"https:\/\/simchocolate.com\/es\/","name":"SIM Chocolate","description":"Do amor incondicional entre uma m\u00e3e e sua filha, nasce a marca SIM Bombons no Natal de 2014","potentialAction":[{"@type":"SearchAction","target":{"@type":"EntryPoint","urlTemplate":"https:\/\/simchocolate.com\/es\/?s={search_term_string}"},"query-input":{"@type":"PropertyValueSpecification","valueRequired":true,"valueName":"search_term_string"}}],"inLanguage":"es"}]}},"_links":{"self":[{"href":"https:\/\/simchocolate.com\/es\/wp-json\/wp\/v2\/product\/9887","targetHints":{"allow":["GET"]}}],"collection":[{"href":"https:\/\/simchocolate.com\/es\/wp-json\/wp\/v2\/product"}],"about":[{"href":"https:\/\/simchocolate.com\/es\/wp-json\/wp\/v2\/types\/product"}],"replies":[{"embeddable":true,"href":"https:\/\/simchocolate.com\/es\/wp-json\/wp\/v2\/comments?post=9887"}],"wp:featuredmedia":[{"embeddable":true,"href":"https:\/\/simchocolate.com\/es\/wp-json\/wp\/v2\/media\/9889"}],"wp:attachment":[{"href":"https:\/\/simchocolate.com\/es\/wp-json\/wp\/v2\/media?parent=9887"}],"wp:term":[{"taxonomy":"product_brand","embeddable":true,"href":"https:\/\/simchocolate.com\/es\/wp-json\/wp\/v2\/product_brand?post=9887"},{"taxonomy":"product_cat","embeddable":true,"href":"https:\/\/simchocolate.com\/es\/wp-json\/wp\/v2\/product_cat?post=9887"},{"taxonomy":"product_tag","embeddable":true,"href":"https:\/\/simchocolate.com\/es\/wp-json\/wp\/v2\/product_tag?post=9887"}],"curies":[{"name":"wp","href":"https:\/\/api.w.org\/{rel}","templated":true}]}}