{"id":9891,"date":"2023-10-20T16:53:56","date_gmt":"2023-10-20T16:53:56","guid":{"rendered":"https:\/\/simchocolate.com\/produto\/bombon-de-dulce-de-leche\/"},"modified":"2023-10-20T16:53:56","modified_gmt":"2023-10-20T16:53:56","slug":"bombon-de-dulce-de-leche","status":"publish","type":"product","link":"https:\/\/simchocolate.com\/es\/produto\/bombon-de-dulce-de-leche\/","title":{"rendered":"Bomb\u00f3n de dulce de leche"},"content":{"rendered":"<h5 style=\"text-align: left;\">Una Experiencia de Dulzura y Confort<\/h5>\n<p style=\"text-align: left;\">Experimenta la m\u00e1xima indulgencia con nuestro Bomb\u00f3n de Dulce de Leche, una aut\u00e9ntica celebraci\u00f3n de dulzura y sofisticaci\u00f3n. Este bomb\u00f3n est\u00e1 hecho con chocolate con leche de primera calidad, envuelto en una delicada capa que se funde suavemente en la boca, revelando un cremoso e irresistible relleno de dulce de leche. <\/p>\n<p style=\"text-align: left;\">Cada bomb\u00f3n<strong> se elabora con ingredientes seleccionados de alta calidad<\/strong>, que garantizan una textura aterciopelada y un sabor profundamente rico. <strong>El dulce de leche, cuidadosamente preparado, ofrece una combinaci\u00f3n perfecta de dulzor y suavidad<\/strong>, creando una experiencia gustativa reconfortante y deliciosa.<\/p>\n<p style=\"text-align: left;\">Adem\u00e1s de su sabor excepcional, el bomb\u00f3n se elabora con un toque de cuidado artesanal, reflejando pasi\u00f3n y dedicaci\u00f3n en cada detalle. Perm\u00edtete el placer de saborear un dulce que no es s\u00f3lo un manjar, sino una aut\u00e9ntica obra maestra de la reposter\u00eda. <\/p>\n<p style=\"text-align: left;\"><strong>*Mantener a una temperatura entre 16\u00ba &#8211; 20\u00ba grados<\/strong><\/p>\n","protected":false},"excerpt":{"rendered":"<p>Bombom Doce de Leite, un chocolate gourmet con un cremoso relleno de dulce de leche, una combinaci\u00f3n perfecta de sabor y textura.<\/p>\n","protected":false},"featured_media":9898,"comment_status":"closed","ping_status":"closed","template":"","meta":[],"product_brand":[],"product_cat":[187],"product_tag":[246],"class_list":{"0":"post-9891","1":"product","2":"type-product","3":"status-publish","4":"has-post-thumbnail","6":"product_cat-bombones","7":"product_tag-dulce-de-leche","9":"first","10":"instock","11":"shipping-taxable","12":"purchasable","13":"product-type-simple"},"yoast_head":"<!-- This site is optimized with the Yoast SEO plugin v27.5 - https:\/\/yoast.com\/product\/yoast-seo-wordpress\/ -->\n<title>Bomb\u00f3n de dulce de leche | S\u00cd Chocolate<\/title>\n<meta name=\"description\" content=\"Del\u00e9itate con Bombom Doce de Leite, un chocolate artesano con un cremoso relleno de dulce de leche. Un capricho suave e irresistible.\" \/>\n<meta name=\"robots\" content=\"index, follow, max-snippet:-1, max-image-preview:large, max-video-preview:-1\" \/>\n<link rel=\"canonical\" href=\"https:\/\/simchocolate.com\/es\/produto\/bombon-de-dulce-de-leche\/\" \/>\n<meta property=\"og:locale\" content=\"es_ES\" \/>\n<meta property=\"og:type\" content=\"article\" \/>\n<meta property=\"og:title\" content=\"Bomb\u00f3n de dulce de leche | S\u00cd Chocolate\" \/>\n<meta property=\"og:description\" content=\"Del\u00e9itate con Bombom Doce de Leite, un chocolate artesano con un cremoso relleno de dulce de leche. Un capricho suave e irresistible.\" \/>\n<meta property=\"og:url\" content=\"https:\/\/simchocolate.com\/es\/produto\/bombon-de-dulce-de-leche\/\" \/>\n<meta property=\"og:site_name\" content=\"SIM Chocolate\" \/>\n<meta property=\"article:publisher\" content=\"https:\/\/www.facebook.com\/SimBombons\" \/>\n<meta property=\"og:image\" content=\"https:\/\/simchocolate.com\/wp-content\/uploads\/2023\/10\/BOMBOM-FINAL-OPCAO-1.webp\" \/>\n\t<meta property=\"og:image:width\" content=\"1000\" \/>\n\t<meta property=\"og:image:height\" content=\"1000\" \/>\n\t<meta property=\"og:image:type\" content=\"image\/webp\" \/>\n<meta name=\"twitter:card\" content=\"summary_large_image\" \/>\n<meta name=\"twitter:label1\" content=\"Tiempo de lectura\" \/>\n\t<meta name=\"twitter:data1\" content=\"1 minuto\" \/>\n<script type=\"application\/ld+json\" class=\"yoast-schema-graph\">{\"@context\":\"https:\\\/\\\/schema.org\",\"@graph\":[{\"@type\":\"WebPage\",\"@id\":\"https:\\\/\\\/simchocolate.com\\\/es\\\/produto\\\/bombon-de-dulce-de-leche\\\/\",\"url\":\"https:\\\/\\\/simchocolate.com\\\/es\\\/produto\\\/bombon-de-dulce-de-leche\\\/\",\"name\":\"Bomb\u00f3n de dulce de leche | S\u00cd Chocolate\",\"isPartOf\":{\"@id\":\"https:\\\/\\\/simchocolate.com\\\/es\\\/#website\"},\"primaryImageOfPage\":{\"@id\":\"https:\\\/\\\/simchocolate.com\\\/es\\\/produto\\\/bombon-de-dulce-de-leche\\\/#primaryimage\"},\"image\":{\"@id\":\"https:\\\/\\\/simchocolate.com\\\/es\\\/produto\\\/bombon-de-dulce-de-leche\\\/#primaryimage\"},\"thumbnailUrl\":\"https:\\\/\\\/simchocolate.com\\\/wp-content\\\/uploads\\\/2023\\\/10\\\/BOMBOM-FINAL-OPCAO-1.webp\",\"datePublished\":\"2023-10-20T16:53:56+00:00\",\"description\":\"Del\u00e9itate con Bombom Doce de Leite, un chocolate artesano con un cremoso relleno de dulce de leche. Un capricho suave e irresistible.\",\"breadcrumb\":{\"@id\":\"https:\\\/\\\/simchocolate.com\\\/es\\\/produto\\\/bombon-de-dulce-de-leche\\\/#breadcrumb\"},\"inLanguage\":\"es\",\"potentialAction\":[{\"@type\":\"ReadAction\",\"target\":[\"https:\\\/\\\/simchocolate.com\\\/es\\\/produto\\\/bombon-de-dulce-de-leche\\\/\"]}]},{\"@type\":\"ImageObject\",\"inLanguage\":\"es\",\"@id\":\"https:\\\/\\\/simchocolate.com\\\/es\\\/produto\\\/bombon-de-dulce-de-leche\\\/#primaryimage\",\"url\":\"https:\\\/\\\/simchocolate.com\\\/wp-content\\\/uploads\\\/2023\\\/10\\\/BOMBOM-FINAL-OPCAO-1.webp\",\"contentUrl\":\"https:\\\/\\\/simchocolate.com\\\/wp-content\\\/uploads\\\/2023\\\/10\\\/BOMBOM-FINAL-OPCAO-1.webp\",\"width\":1000,\"height\":1000,\"caption\":\"bombom doce de leite\"},{\"@type\":\"BreadcrumbList\",\"@id\":\"https:\\\/\\\/simchocolate.com\\\/es\\\/produto\\\/bombon-de-dulce-de-leche\\\/#breadcrumb\",\"itemListElement\":[{\"@type\":\"ListItem\",\"position\":1,\"name\":\"In\u00edcio\",\"item\":\"https:\\\/\\\/simchocolate.com\\\/es\\\/\"},{\"@type\":\"ListItem\",\"position\":2,\"name\":\"Productos\",\"item\":\"https:\\\/\\\/simchocolate.com\\\/es\\\/shop\\\/\"},{\"@type\":\"ListItem\",\"position\":3,\"name\":\"Bomb\u00f3n de dulce de leche\"}]},{\"@type\":\"WebSite\",\"@id\":\"https:\\\/\\\/simchocolate.com\\\/es\\\/#website\",\"url\":\"https:\\\/\\\/simchocolate.com\\\/es\\\/\",\"name\":\"SIM Chocolate\",\"description\":\"Do amor incondicional entre uma m\u00e3e e sua filha, nasce a marca SIM Bombons no Natal de 2014\",\"potentialAction\":[{\"@type\":\"SearchAction\",\"target\":{\"@type\":\"EntryPoint\",\"urlTemplate\":\"https:\\\/\\\/simchocolate.com\\\/es\\\/?s={search_term_string}\"},\"query-input\":{\"@type\":\"PropertyValueSpecification\",\"valueRequired\":true,\"valueName\":\"search_term_string\"}}],\"inLanguage\":\"es\"}]}<\/script>\n<!-- \/ Yoast SEO plugin. -->","yoast_head_json":{"title":"Bomb\u00f3n de dulce de leche | S\u00cd Chocolate","description":"Del\u00e9itate con Bombom Doce de Leite, un chocolate artesano con un cremoso relleno de dulce de leche. Un capricho suave e irresistible.","robots":{"index":"index","follow":"follow","max-snippet":"max-snippet:-1","max-image-preview":"max-image-preview:large","max-video-preview":"max-video-preview:-1"},"canonical":"https:\/\/simchocolate.com\/es\/produto\/bombon-de-dulce-de-leche\/","og_locale":"es_ES","og_type":"article","og_title":"Bomb\u00f3n de dulce de leche | S\u00cd Chocolate","og_description":"Del\u00e9itate con Bombom Doce de Leite, un chocolate artesano con un cremoso relleno de dulce de leche. Un capricho suave e irresistible.","og_url":"https:\/\/simchocolate.com\/es\/produto\/bombon-de-dulce-de-leche\/","og_site_name":"SIM Chocolate","article_publisher":"https:\/\/www.facebook.com\/SimBombons","og_image":[{"width":1000,"height":1000,"url":"https:\/\/simchocolate.com\/wp-content\/uploads\/2023\/10\/BOMBOM-FINAL-OPCAO-1.webp","type":"image\/webp"}],"twitter_card":"summary_large_image","twitter_misc":{"Tiempo de lectura":"1 minuto"},"schema":{"@context":"https:\/\/schema.org","@graph":[{"@type":"WebPage","@id":"https:\/\/simchocolate.com\/es\/produto\/bombon-de-dulce-de-leche\/","url":"https:\/\/simchocolate.com\/es\/produto\/bombon-de-dulce-de-leche\/","name":"Bomb\u00f3n de dulce de leche | S\u00cd Chocolate","isPartOf":{"@id":"https:\/\/simchocolate.com\/es\/#website"},"primaryImageOfPage":{"@id":"https:\/\/simchocolate.com\/es\/produto\/bombon-de-dulce-de-leche\/#primaryimage"},"image":{"@id":"https:\/\/simchocolate.com\/es\/produto\/bombon-de-dulce-de-leche\/#primaryimage"},"thumbnailUrl":"https:\/\/simchocolate.com\/wp-content\/uploads\/2023\/10\/BOMBOM-FINAL-OPCAO-1.webp","datePublished":"2023-10-20T16:53:56+00:00","description":"Del\u00e9itate con Bombom Doce de Leite, un chocolate artesano con un cremoso relleno de dulce de leche. Un capricho suave e irresistible.","breadcrumb":{"@id":"https:\/\/simchocolate.com\/es\/produto\/bombon-de-dulce-de-leche\/#breadcrumb"},"inLanguage":"es","potentialAction":[{"@type":"ReadAction","target":["https:\/\/simchocolate.com\/es\/produto\/bombon-de-dulce-de-leche\/"]}]},{"@type":"ImageObject","inLanguage":"es","@id":"https:\/\/simchocolate.com\/es\/produto\/bombon-de-dulce-de-leche\/#primaryimage","url":"https:\/\/simchocolate.com\/wp-content\/uploads\/2023\/10\/BOMBOM-FINAL-OPCAO-1.webp","contentUrl":"https:\/\/simchocolate.com\/wp-content\/uploads\/2023\/10\/BOMBOM-FINAL-OPCAO-1.webp","width":1000,"height":1000,"caption":"bombom doce de leite"},{"@type":"BreadcrumbList","@id":"https:\/\/simchocolate.com\/es\/produto\/bombon-de-dulce-de-leche\/#breadcrumb","itemListElement":[{"@type":"ListItem","position":1,"name":"In\u00edcio","item":"https:\/\/simchocolate.com\/es\/"},{"@type":"ListItem","position":2,"name":"Productos","item":"https:\/\/simchocolate.com\/es\/shop\/"},{"@type":"ListItem","position":3,"name":"Bomb\u00f3n de dulce de leche"}]},{"@type":"WebSite","@id":"https:\/\/simchocolate.com\/es\/#website","url":"https:\/\/simchocolate.com\/es\/","name":"SIM Chocolate","description":"Do amor incondicional entre uma m\u00e3e e sua filha, nasce a marca SIM Bombons no Natal de 2014","potentialAction":[{"@type":"SearchAction","target":{"@type":"EntryPoint","urlTemplate":"https:\/\/simchocolate.com\/es\/?s={search_term_string}"},"query-input":{"@type":"PropertyValueSpecification","valueRequired":true,"valueName":"search_term_string"}}],"inLanguage":"es"}]}},"_links":{"self":[{"href":"https:\/\/simchocolate.com\/es\/wp-json\/wp\/v2\/product\/9891","targetHints":{"allow":["GET"]}}],"collection":[{"href":"https:\/\/simchocolate.com\/es\/wp-json\/wp\/v2\/product"}],"about":[{"href":"https:\/\/simchocolate.com\/es\/wp-json\/wp\/v2\/types\/product"}],"replies":[{"embeddable":true,"href":"https:\/\/simchocolate.com\/es\/wp-json\/wp\/v2\/comments?post=9891"}],"wp:featuredmedia":[{"embeddable":true,"href":"https:\/\/simchocolate.com\/es\/wp-json\/wp\/v2\/media\/9898"}],"wp:attachment":[{"href":"https:\/\/simchocolate.com\/es\/wp-json\/wp\/v2\/media?parent=9891"}],"wp:term":[{"taxonomy":"product_brand","embeddable":true,"href":"https:\/\/simchocolate.com\/es\/wp-json\/wp\/v2\/product_brand?post=9891"},{"taxonomy":"product_cat","embeddable":true,"href":"https:\/\/simchocolate.com\/es\/wp-json\/wp\/v2\/product_cat?post=9891"},{"taxonomy":"product_tag","embeddable":true,"href":"https:\/\/simchocolate.com\/es\/wp-json\/wp\/v2\/product_tag?post=9891"}],"curies":[{"name":"wp","href":"https:\/\/api.w.org\/{rel}","templated":true}]}}