{"id":9920,"date":"2023-10-20T16:55:10","date_gmt":"2023-10-20T16:55:10","guid":{"rendered":"https:\/\/simchocolate.com\/produto\/caja-de-7-corazones-para-enamorados\/"},"modified":"2026-01-19T11:53:12","modified_gmt":"2026-01-19T11:53:12","slug":"caja-de-7-corazones-para-enamorados","status":"publish","type":"product","link":"https:\/\/simchocolate.com\/es\/produto\/caja-de-7-corazones-para-enamorados\/","title":{"rendered":"Caja de 7 Corazones Para Enamorados"},"content":{"rendered":"<h5 style=\"text-align: left;\">Una dulce declaraci\u00f3n de amor<\/h5>\n<p style=\"text-align: left;\">Nuestra Caja de 7 Corazones para enamorados es la forma perfecta de expresar afecto y cari\u00f1o mediante un regalo delicado, envolvente y lleno de significado. Cada coraz\u00f3n est\u00e1 meticulosamente elaborado con chocolate de primera calidad y relleno de crema de avellana blanca y crema de avellana oscura, creando un irresistible contraste de sabores y texturas. <\/p>\n<p style=\"text-align: left;\"><strong>Cada bomb\u00f3n se moldea cuidadosamente para traducir la esencia del amor y la delicadeza<\/strong>. El chocolate de alta calidad rodea un relleno cremoso y sedoso que se funde suavemente en la boca, liberando notas intensas y equilibradas que hacen que cada bocado sea memorable. <\/p>\n<p style=\"text-align: left;\">Ideal para celebrar aniversarios, citas rom\u00e1nticas, el D\u00eda de San Valent\u00edn o simplemente para mostrar aprecio, esta caja es un regalo que habla directamente al coraz\u00f3n. Cada coraz\u00f3n de chocolate es una peque\u00f1a obra de arte, que refleja el cuidado, la atenci\u00f3n al detalle y la pasi\u00f3n puestos en cada creaci\u00f3n. <\/p>\n<p style=\"text-align: left;\">M\u00e1s que chocolate, esta caja es una expresi\u00f3n de sentimientos. Empaquetada con elegancia, la Caja de 7 Corazones de Chocolate Rellenos transforma cualquier momento en una celebraci\u00f3n dulce, sofisticada e inolvidable. <\/p>\n<p style=\"text-align: left;\"><em><strong>*Mantener a una temperatura entre 16\u00ba &#8211; 20\u00ba grados<\/strong><\/em><\/p>\n<p>&nbsp;<\/p>\n","protected":false},"excerpt":{"rendered":"<p>Sorprende a tus seres queridos con el mejor de los chocolates.<\/p>\n<p><strong>Esta caja contiene<\/strong><\/p>\n<ul>\n<li data-olk-copy-source=\"MessageBody\">3 Corazones rellenos de crema de avellana blanca<\/li>\n<li>4 Corazones rellenos de crema de avellanas negras<\/li>\n<\/ul>\n","protected":false},"featured_media":10500,"comment_status":"open","ping_status":"closed","template":"","meta":[],"product_brand":[],"product_cat":[190],"product_tag":[248],"class_list":{"0":"post-9920","1":"product","2":"type-product","3":"status-publish","4":"has-post-thumbnail","6":"product_cat-todo-el-chocolate","7":"product_tag-corazones","8":"edicoes-para-enamorados","10":"first","11":"instock","12":"sale","13":"shipping-taxable","14":"purchasable","15":"product-type-simple"},"yoast_head":"<!-- This site is optimized with the Yoast SEO plugin v27.2 - https:\/\/yoast.com\/product\/yoast-seo-wordpress\/ -->\n<title>Caja de 7 Corazones de Chocolate | San Valent\u00edn<\/title>\n<meta name=\"description\" content=\"Sorprende a tus seres queridos con la caja de 7 corazones de chocolate. Una obra maestra, elaborada con el mejor chocolate, perfecta para expresar tu amor.\" \/>\n<meta name=\"robots\" content=\"index, follow, max-snippet:-1, max-image-preview:large, max-video-preview:-1\" \/>\n<link rel=\"canonical\" href=\"https:\/\/simchocolate.com\/es\/produto\/caja-de-7-corazones-para-enamorados\/\" \/>\n<meta property=\"og:locale\" content=\"es_ES\" \/>\n<meta property=\"og:type\" content=\"article\" \/>\n<meta property=\"og:title\" content=\"Caja de 7 Corazones de Chocolate | San Valent\u00edn\" \/>\n<meta property=\"og:description\" content=\"Sorprende a tus seres queridos con la caja de 7 corazones de chocolate. Una obra maestra, elaborada con el mejor chocolate, perfecta para expresar tu amor.\" \/>\n<meta property=\"og:url\" content=\"https:\/\/simchocolate.com\/es\/produto\/caja-de-7-corazones-para-enamorados\/\" \/>\n<meta property=\"og:site_name\" content=\"SIM Chocolate\" \/>\n<meta property=\"article:publisher\" content=\"https:\/\/www.facebook.com\/SimBombons\" \/>\n<meta property=\"article:modified_time\" content=\"2026-01-19T11:53:12+00:00\" \/>\n<meta property=\"og:image\" content=\"https:\/\/simchocolate.com\/wp-content\/uploads\/2023\/10\/IMG_8249.jpg\" \/>\n\t<meta property=\"og:image:width\" content=\"1000\" \/>\n\t<meta property=\"og:image:height\" content=\"1000\" \/>\n\t<meta property=\"og:image:type\" content=\"image\/jpeg\" \/>\n<meta name=\"twitter:card\" content=\"summary_large_image\" \/>\n<meta name=\"twitter:label1\" content=\"Tiempo de lectura\" \/>\n\t<meta name=\"twitter:data1\" content=\"1 minuto\" \/>\n<script type=\"application\/ld+json\" class=\"yoast-schema-graph\">{\"@context\":\"https:\/\/schema.org\",\"@graph\":[{\"@type\":\"WebPage\",\"@id\":\"https:\/\/simchocolate.com\/es\/produto\/caja-de-7-corazones-para-enamorados\/\",\"url\":\"https:\/\/simchocolate.com\/es\/produto\/caja-de-7-corazones-para-enamorados\/\",\"name\":\"Caja de 7 Corazones de Chocolate | San Valent\u00edn\",\"isPartOf\":{\"@id\":\"https:\/\/simchocolate.com\/es\/#website\"},\"primaryImageOfPage\":{\"@id\":\"https:\/\/simchocolate.com\/es\/produto\/caja-de-7-corazones-para-enamorados\/#primaryimage\"},\"image\":{\"@id\":\"https:\/\/simchocolate.com\/es\/produto\/caja-de-7-corazones-para-enamorados\/#primaryimage\"},\"thumbnailUrl\":\"https:\/\/simchocolate.com\/wp-content\/uploads\/2023\/10\/IMG_8249.jpg\",\"datePublished\":\"2023-10-20T16:55:10+00:00\",\"dateModified\":\"2026-01-19T11:53:12+00:00\",\"description\":\"Sorprende a tus seres queridos con la caja de 7 corazones de chocolate. Una obra maestra, elaborada con el mejor chocolate, perfecta para expresar tu amor.\",\"breadcrumb\":{\"@id\":\"https:\/\/simchocolate.com\/es\/produto\/caja-de-7-corazones-para-enamorados\/#breadcrumb\"},\"inLanguage\":\"es\",\"potentialAction\":[{\"@type\":\"ReadAction\",\"target\":[\"https:\/\/simchocolate.com\/es\/produto\/caja-de-7-corazones-para-enamorados\/\"]}]},{\"@type\":\"ImageObject\",\"inLanguage\":\"es\",\"@id\":\"https:\/\/simchocolate.com\/es\/produto\/caja-de-7-corazones-para-enamorados\/#primaryimage\",\"url\":\"https:\/\/simchocolate.com\/wp-content\/uploads\/2023\/10\/IMG_8249.jpg\",\"contentUrl\":\"https:\/\/simchocolate.com\/wp-content\/uploads\/2023\/10\/IMG_8249.jpg\",\"width\":1000,\"height\":1000,\"caption\":\"caja de 7 corazones de chocolate\"},{\"@type\":\"BreadcrumbList\",\"@id\":\"https:\/\/simchocolate.com\/es\/produto\/caja-de-7-corazones-para-enamorados\/#breadcrumb\",\"itemListElement\":[{\"@type\":\"ListItem\",\"position\":1,\"name\":\"In\u00edcio\",\"item\":\"https:\/\/simchocolate.com\/es\/\"},{\"@type\":\"ListItem\",\"position\":2,\"name\":\"Productos\",\"item\":\"https:\/\/simchocolate.com\/es\/shop\/\"},{\"@type\":\"ListItem\",\"position\":3,\"name\":\"Caja de 7 Corazones Para Enamorados\"}]},{\"@type\":\"WebSite\",\"@id\":\"https:\/\/simchocolate.com\/es\/#website\",\"url\":\"https:\/\/simchocolate.com\/es\/\",\"name\":\"SIM Chocolate\",\"description\":\"Do amor incondicional entre uma m\u00e3e e sua filha, nasce a marca SIM Bombons no Natal de 2014\",\"potentialAction\":[{\"@type\":\"SearchAction\",\"target\":{\"@type\":\"EntryPoint\",\"urlTemplate\":\"https:\/\/simchocolate.com\/es\/?s={search_term_string}\"},\"query-input\":{\"@type\":\"PropertyValueSpecification\",\"valueRequired\":true,\"valueName\":\"search_term_string\"}}],\"inLanguage\":\"es\"}]}<\/script>\n<!-- \/ Yoast SEO plugin. -->","yoast_head_json":{"title":"Caja de 7 Corazones de Chocolate | San Valent\u00edn","description":"Sorprende a tus seres queridos con la caja de 7 corazones de chocolate. Una obra maestra, elaborada con el mejor chocolate, perfecta para expresar tu amor.","robots":{"index":"index","follow":"follow","max-snippet":"max-snippet:-1","max-image-preview":"max-image-preview:large","max-video-preview":"max-video-preview:-1"},"canonical":"https:\/\/simchocolate.com\/es\/produto\/caja-de-7-corazones-para-enamorados\/","og_locale":"es_ES","og_type":"article","og_title":"Caja de 7 Corazones de Chocolate | San Valent\u00edn","og_description":"Sorprende a tus seres queridos con la caja de 7 corazones de chocolate. Una obra maestra, elaborada con el mejor chocolate, perfecta para expresar tu amor.","og_url":"https:\/\/simchocolate.com\/es\/produto\/caja-de-7-corazones-para-enamorados\/","og_site_name":"SIM Chocolate","article_publisher":"https:\/\/www.facebook.com\/SimBombons","article_modified_time":"2026-01-19T11:53:12+00:00","og_image":[{"width":1000,"height":1000,"url":"https:\/\/simchocolate.com\/wp-content\/uploads\/2023\/10\/IMG_8249.jpg","type":"image\/jpeg"}],"twitter_card":"summary_large_image","twitter_misc":{"Tiempo de lectura":"1 minuto"},"schema":{"@context":"https:\/\/schema.org","@graph":[{"@type":"WebPage","@id":"https:\/\/simchocolate.com\/es\/produto\/caja-de-7-corazones-para-enamorados\/","url":"https:\/\/simchocolate.com\/es\/produto\/caja-de-7-corazones-para-enamorados\/","name":"Caja de 7 Corazones de Chocolate | San Valent\u00edn","isPartOf":{"@id":"https:\/\/simchocolate.com\/es\/#website"},"primaryImageOfPage":{"@id":"https:\/\/simchocolate.com\/es\/produto\/caja-de-7-corazones-para-enamorados\/#primaryimage"},"image":{"@id":"https:\/\/simchocolate.com\/es\/produto\/caja-de-7-corazones-para-enamorados\/#primaryimage"},"thumbnailUrl":"https:\/\/simchocolate.com\/wp-content\/uploads\/2023\/10\/IMG_8249.jpg","datePublished":"2023-10-20T16:55:10+00:00","dateModified":"2026-01-19T11:53:12+00:00","description":"Sorprende a tus seres queridos con la caja de 7 corazones de chocolate. Una obra maestra, elaborada con el mejor chocolate, perfecta para expresar tu amor.","breadcrumb":{"@id":"https:\/\/simchocolate.com\/es\/produto\/caja-de-7-corazones-para-enamorados\/#breadcrumb"},"inLanguage":"es","potentialAction":[{"@type":"ReadAction","target":["https:\/\/simchocolate.com\/es\/produto\/caja-de-7-corazones-para-enamorados\/"]}]},{"@type":"ImageObject","inLanguage":"es","@id":"https:\/\/simchocolate.com\/es\/produto\/caja-de-7-corazones-para-enamorados\/#primaryimage","url":"https:\/\/simchocolate.com\/wp-content\/uploads\/2023\/10\/IMG_8249.jpg","contentUrl":"https:\/\/simchocolate.com\/wp-content\/uploads\/2023\/10\/IMG_8249.jpg","width":1000,"height":1000,"caption":"caja de 7 corazones de chocolate"},{"@type":"BreadcrumbList","@id":"https:\/\/simchocolate.com\/es\/produto\/caja-de-7-corazones-para-enamorados\/#breadcrumb","itemListElement":[{"@type":"ListItem","position":1,"name":"In\u00edcio","item":"https:\/\/simchocolate.com\/es\/"},{"@type":"ListItem","position":2,"name":"Productos","item":"https:\/\/simchocolate.com\/es\/shop\/"},{"@type":"ListItem","position":3,"name":"Caja de 7 Corazones Para Enamorados"}]},{"@type":"WebSite","@id":"https:\/\/simchocolate.com\/es\/#website","url":"https:\/\/simchocolate.com\/es\/","name":"SIM Chocolate","description":"Do amor incondicional entre uma m\u00e3e e sua filha, nasce a marca SIM Bombons no Natal de 2014","potentialAction":[{"@type":"SearchAction","target":{"@type":"EntryPoint","urlTemplate":"https:\/\/simchocolate.com\/es\/?s={search_term_string}"},"query-input":{"@type":"PropertyValueSpecification","valueRequired":true,"valueName":"search_term_string"}}],"inLanguage":"es"}]}},"_links":{"self":[{"href":"https:\/\/simchocolate.com\/es\/wp-json\/wp\/v2\/product\/9920","targetHints":{"allow":["GET"]}}],"collection":[{"href":"https:\/\/simchocolate.com\/es\/wp-json\/wp\/v2\/product"}],"about":[{"href":"https:\/\/simchocolate.com\/es\/wp-json\/wp\/v2\/types\/product"}],"replies":[{"embeddable":true,"href":"https:\/\/simchocolate.com\/es\/wp-json\/wp\/v2\/comments?post=9920"}],"wp:featuredmedia":[{"embeddable":true,"href":"https:\/\/simchocolate.com\/es\/wp-json\/wp\/v2\/media\/10500"}],"wp:attachment":[{"href":"https:\/\/simchocolate.com\/es\/wp-json\/wp\/v2\/media?parent=9920"}],"wp:term":[{"taxonomy":"product_brand","embeddable":true,"href":"https:\/\/simchocolate.com\/es\/wp-json\/wp\/v2\/product_brand?post=9920"},{"taxonomy":"product_cat","embeddable":true,"href":"https:\/\/simchocolate.com\/es\/wp-json\/wp\/v2\/product_cat?post=9920"},{"taxonomy":"product_tag","embeddable":true,"href":"https:\/\/simchocolate.com\/es\/wp-json\/wp\/v2\/product_tag?post=9920"}],"curies":[{"name":"wp","href":"https:\/\/api.w.org\/{rel}","templated":true}]}}