{"id":9936,"date":"2023-10-20T16:55:13","date_gmt":"2023-10-20T16:55:13","guid":{"rendered":"https:\/\/simchocolate.com\/produto\/caja-de-bombones-emojis\/"},"modified":"2023-10-20T16:55:13","modified_gmt":"2023-10-20T16:55:13","slug":"caja-de-bombones-emojis","status":"publish","type":"product","link":"https:\/\/simchocolate.com\/es\/produto\/caja-de-bombones-emojis\/","title":{"rendered":"Caja de bombones Emojis"},"content":{"rendered":"<div class=\"flex flex-grow flex-col max-w-full\">\n<div class=\"min-h-[20px] text-message flex flex-col items-start whitespace-pre-wrap break-words [.text-message+&amp;]:mt-5 juice:w-full juice:items-end overflow-x-auto gap-2\" dir=\"auto\" data-message-author-role=\"assistant\" data-message-id=\"ebe680ed-6ebf-42df-a8a6-67df6484af9d\">\n<div class=\"flex w-full flex-col gap-1 juice:empty:hidden juice:first:pt-[3px]\">\n<div class=\"markdown prose w-full break-words dark:prose-invert dark\">\n<h5 style=\"text-align: left\">Diversi\u00f3n y sabor en cada bocado<\/h5>\n<p style=\"text-align: left\">Convierte cualquier momento en una alegre celebraci\u00f3n con nuestra Caja de Chocolate Emojis. Esta colecci\u00f3n \u00fanica <strong>combina el mejor chocolate con el encanto de los emojis<\/strong>, creando una experiencia de degustaci\u00f3n tan deliciosa como divertida. <strong>Perfecta para todas las edades<\/strong>, esta caja es una forma maravillosa de repartir sonrisas y sabor. <\/p>\n<p style=\"text-align: left\">Cada bomb\u00f3n de esta caja est\u00e1 meticulosamente moldeado y decorado con expresivos emojis, aportando un toque de humor y personalidad a su degustaci\u00f3n. Elaborados con los mejores ingredientes, los bombones ofrecen una textura suave y un sabor irresistible que se deshace en la boca, garantizando <strong>una experiencia gourmet \u00fanica.<\/strong> <\/p>\n<\/div>\n<\/div>\n<\/div>\n<\/div>\n","protected":false},"excerpt":{"rendered":"<p>Disfruta de nuestra Caja de Chocolate Emojis, en la que cada pieza de nuestro chocolate premium tiene forma de emoji. \u00a1Ideal para alegrar cualquier ocasi\u00f3n con sabor y diversi\u00f3n! <\/p>\n","protected":false},"featured_media":9939,"comment_status":"closed","ping_status":"closed","template":"","meta":[],"product_brand":[],"product_cat":[189],"product_tag":[],"class_list":{"0":"post-9936","1":"product","2":"type-product","3":"status-publish","4":"has-post-thumbnail","6":"product_cat-caja-de-bombones","7":"edicoes-especial-si","9":"first","10":"instock","11":"shipping-taxable","12":"purchasable","13":"product-type-simple"},"yoast_head":"<!-- This site is optimized with the Yoast SEO plugin v27.2 - https:\/\/yoast.com\/product\/yoast-seo-wordpress\/ -->\n<title>Caja de bombones Emojis - %<\/title>\n<meta name=\"description\" content=\"Disfruta de nuestra Caja de Chocolate Emojis, en la que cada pieza de nuestro chocolate premium tiene forma de emoji. \u00a1Ideal para alegrar cualquier ocasi\u00f3n con sabor y diversi\u00f3n!\" \/>\n<meta name=\"robots\" content=\"index, follow, max-snippet:-1, max-image-preview:large, max-video-preview:-1\" \/>\n<link rel=\"canonical\" href=\"https:\/\/simchocolate.com\/es\/produto\/caja-de-bombones-emojis\/\" \/>\n<meta property=\"og:locale\" content=\"es_ES\" \/>\n<meta property=\"og:type\" content=\"article\" \/>\n<meta property=\"og:title\" content=\"Caja de bombones Emojis - %\" \/>\n<meta property=\"og:description\" content=\"Disfruta de nuestra Caja de Chocolate Emojis, en la que cada pieza de nuestro chocolate premium tiene forma de emoji. \u00a1Ideal para alegrar cualquier ocasi\u00f3n con sabor y diversi\u00f3n!\" \/>\n<meta property=\"og:url\" content=\"https:\/\/simchocolate.com\/es\/produto\/caja-de-bombones-emojis\/\" \/>\n<meta property=\"og:site_name\" content=\"SIM Chocolate\" \/>\n<meta property=\"article:publisher\" content=\"https:\/\/www.facebook.com\/SimBombons\" \/>\n<meta property=\"og:image\" content=\"https:\/\/simchocolate.com\/wp-content\/uploads\/2023\/10\/BX0015-1.jpg\" \/>\n\t<meta property=\"og:image:width\" content=\"1150\" \/>\n\t<meta property=\"og:image:height\" content=\"1150\" \/>\n\t<meta property=\"og:image:type\" content=\"image\/jpeg\" \/>\n<meta name=\"twitter:card\" content=\"summary_large_image\" \/>\n<meta name=\"twitter:label1\" content=\"Tiempo de lectura\" \/>\n\t<meta name=\"twitter:data1\" content=\"1 minuto\" \/>\n<script type=\"application\/ld+json\" class=\"yoast-schema-graph\">{\"@context\":\"https:\/\/schema.org\",\"@graph\":[{\"@type\":\"WebPage\",\"@id\":\"https:\/\/simchocolate.com\/es\/produto\/caja-de-bombones-emojis\/\",\"url\":\"https:\/\/simchocolate.com\/es\/produto\/caja-de-bombones-emojis\/\",\"name\":\"Caja de bombones Emojis - %\",\"isPartOf\":{\"@id\":\"https:\/\/simchocolate.com\/es\/#website\"},\"primaryImageOfPage\":{\"@id\":\"https:\/\/simchocolate.com\/es\/produto\/caja-de-bombones-emojis\/#primaryimage\"},\"image\":{\"@id\":\"https:\/\/simchocolate.com\/es\/produto\/caja-de-bombones-emojis\/#primaryimage\"},\"thumbnailUrl\":\"https:\/\/simchocolate.com\/wp-content\/uploads\/2023\/10\/BX0015-1.jpg\",\"datePublished\":\"2023-10-20T16:55:13+00:00\",\"description\":\"Disfruta de nuestra Caja de Chocolate Emojis, en la que cada pieza de nuestro chocolate premium tiene forma de emoji. \u00a1Ideal para alegrar cualquier ocasi\u00f3n con sabor y diversi\u00f3n!\",\"breadcrumb\":{\"@id\":\"https:\/\/simchocolate.com\/es\/produto\/caja-de-bombones-emojis\/#breadcrumb\"},\"inLanguage\":\"es\",\"potentialAction\":[{\"@type\":\"ReadAction\",\"target\":[\"https:\/\/simchocolate.com\/es\/produto\/caja-de-bombones-emojis\/\"]}]},{\"@type\":\"ImageObject\",\"inLanguage\":\"es\",\"@id\":\"https:\/\/simchocolate.com\/es\/produto\/caja-de-bombones-emojis\/#primaryimage\",\"url\":\"https:\/\/simchocolate.com\/wp-content\/uploads\/2023\/10\/BX0015-1.jpg\",\"contentUrl\":\"https:\/\/simchocolate.com\/wp-content\/uploads\/2023\/10\/BX0015-1.jpg\",\"width\":1150,\"height\":1150},{\"@type\":\"BreadcrumbList\",\"@id\":\"https:\/\/simchocolate.com\/es\/produto\/caja-de-bombones-emojis\/#breadcrumb\",\"itemListElement\":[{\"@type\":\"ListItem\",\"position\":1,\"name\":\"In\u00edcio\",\"item\":\"https:\/\/simchocolate.com\/es\/\"},{\"@type\":\"ListItem\",\"position\":2,\"name\":\"Productos\",\"item\":\"https:\/\/simchocolate.com\/es\/shop\/\"},{\"@type\":\"ListItem\",\"position\":3,\"name\":\"Caja de bombones Emojis\"}]},{\"@type\":\"WebSite\",\"@id\":\"https:\/\/simchocolate.com\/es\/#website\",\"url\":\"https:\/\/simchocolate.com\/es\/\",\"name\":\"SIM Chocolate\",\"description\":\"Do amor incondicional entre uma m\u00e3e e sua filha, nasce a marca SIM Bombons no Natal de 2014\",\"potentialAction\":[{\"@type\":\"SearchAction\",\"target\":{\"@type\":\"EntryPoint\",\"urlTemplate\":\"https:\/\/simchocolate.com\/es\/?s={search_term_string}\"},\"query-input\":{\"@type\":\"PropertyValueSpecification\",\"valueRequired\":true,\"valueName\":\"search_term_string\"}}],\"inLanguage\":\"es\"}]}<\/script>\n<!-- \/ Yoast SEO plugin. -->","yoast_head_json":{"title":"Caja de bombones Emojis - %","description":"Disfruta de nuestra Caja de Chocolate Emojis, en la que cada pieza de nuestro chocolate premium tiene forma de emoji. \u00a1Ideal para alegrar cualquier ocasi\u00f3n con sabor y diversi\u00f3n!","robots":{"index":"index","follow":"follow","max-snippet":"max-snippet:-1","max-image-preview":"max-image-preview:large","max-video-preview":"max-video-preview:-1"},"canonical":"https:\/\/simchocolate.com\/es\/produto\/caja-de-bombones-emojis\/","og_locale":"es_ES","og_type":"article","og_title":"Caja de bombones Emojis - %","og_description":"Disfruta de nuestra Caja de Chocolate Emojis, en la que cada pieza de nuestro chocolate premium tiene forma de emoji. \u00a1Ideal para alegrar cualquier ocasi\u00f3n con sabor y diversi\u00f3n!","og_url":"https:\/\/simchocolate.com\/es\/produto\/caja-de-bombones-emojis\/","og_site_name":"SIM Chocolate","article_publisher":"https:\/\/www.facebook.com\/SimBombons","og_image":[{"width":1150,"height":1150,"url":"https:\/\/simchocolate.com\/wp-content\/uploads\/2023\/10\/BX0015-1.jpg","type":"image\/jpeg"}],"twitter_card":"summary_large_image","twitter_misc":{"Tiempo de lectura":"1 minuto"},"schema":{"@context":"https:\/\/schema.org","@graph":[{"@type":"WebPage","@id":"https:\/\/simchocolate.com\/es\/produto\/caja-de-bombones-emojis\/","url":"https:\/\/simchocolate.com\/es\/produto\/caja-de-bombones-emojis\/","name":"Caja de bombones Emojis - %","isPartOf":{"@id":"https:\/\/simchocolate.com\/es\/#website"},"primaryImageOfPage":{"@id":"https:\/\/simchocolate.com\/es\/produto\/caja-de-bombones-emojis\/#primaryimage"},"image":{"@id":"https:\/\/simchocolate.com\/es\/produto\/caja-de-bombones-emojis\/#primaryimage"},"thumbnailUrl":"https:\/\/simchocolate.com\/wp-content\/uploads\/2023\/10\/BX0015-1.jpg","datePublished":"2023-10-20T16:55:13+00:00","description":"Disfruta de nuestra Caja de Chocolate Emojis, en la que cada pieza de nuestro chocolate premium tiene forma de emoji. \u00a1Ideal para alegrar cualquier ocasi\u00f3n con sabor y diversi\u00f3n!","breadcrumb":{"@id":"https:\/\/simchocolate.com\/es\/produto\/caja-de-bombones-emojis\/#breadcrumb"},"inLanguage":"es","potentialAction":[{"@type":"ReadAction","target":["https:\/\/simchocolate.com\/es\/produto\/caja-de-bombones-emojis\/"]}]},{"@type":"ImageObject","inLanguage":"es","@id":"https:\/\/simchocolate.com\/es\/produto\/caja-de-bombones-emojis\/#primaryimage","url":"https:\/\/simchocolate.com\/wp-content\/uploads\/2023\/10\/BX0015-1.jpg","contentUrl":"https:\/\/simchocolate.com\/wp-content\/uploads\/2023\/10\/BX0015-1.jpg","width":1150,"height":1150},{"@type":"BreadcrumbList","@id":"https:\/\/simchocolate.com\/es\/produto\/caja-de-bombones-emojis\/#breadcrumb","itemListElement":[{"@type":"ListItem","position":1,"name":"In\u00edcio","item":"https:\/\/simchocolate.com\/es\/"},{"@type":"ListItem","position":2,"name":"Productos","item":"https:\/\/simchocolate.com\/es\/shop\/"},{"@type":"ListItem","position":3,"name":"Caja de bombones Emojis"}]},{"@type":"WebSite","@id":"https:\/\/simchocolate.com\/es\/#website","url":"https:\/\/simchocolate.com\/es\/","name":"SIM Chocolate","description":"Do amor incondicional entre uma m\u00e3e e sua filha, nasce a marca SIM Bombons no Natal de 2014","potentialAction":[{"@type":"SearchAction","target":{"@type":"EntryPoint","urlTemplate":"https:\/\/simchocolate.com\/es\/?s={search_term_string}"},"query-input":{"@type":"PropertyValueSpecification","valueRequired":true,"valueName":"search_term_string"}}],"inLanguage":"es"}]}},"_links":{"self":[{"href":"https:\/\/simchocolate.com\/es\/wp-json\/wp\/v2\/product\/9936","targetHints":{"allow":["GET"]}}],"collection":[{"href":"https:\/\/simchocolate.com\/es\/wp-json\/wp\/v2\/product"}],"about":[{"href":"https:\/\/simchocolate.com\/es\/wp-json\/wp\/v2\/types\/product"}],"replies":[{"embeddable":true,"href":"https:\/\/simchocolate.com\/es\/wp-json\/wp\/v2\/comments?post=9936"}],"wp:featuredmedia":[{"embeddable":true,"href":"https:\/\/simchocolate.com\/es\/wp-json\/wp\/v2\/media\/9939"}],"wp:attachment":[{"href":"https:\/\/simchocolate.com\/es\/wp-json\/wp\/v2\/media?parent=9936"}],"wp:term":[{"taxonomy":"product_brand","embeddable":true,"href":"https:\/\/simchocolate.com\/es\/wp-json\/wp\/v2\/product_brand?post=9936"},{"taxonomy":"product_cat","embeddable":true,"href":"https:\/\/simchocolate.com\/es\/wp-json\/wp\/v2\/product_cat?post=9936"},{"taxonomy":"product_tag","embeddable":true,"href":"https:\/\/simchocolate.com\/es\/wp-json\/wp\/v2\/product_tag?post=9936"}],"curies":[{"name":"wp","href":"https:\/\/api.w.org\/{rel}","templated":true}]}}