{"id":9962,"date":"2023-10-20T16:55:53","date_gmt":"2023-10-20T16:55:53","guid":{"rendered":"https:\/\/simchocolate.com\/produto\/caja-de-trufas-negras-gourmet\/"},"modified":"2023-10-20T16:55:53","modified_gmt":"2023-10-20T16:55:53","slug":"caja-de-trufas-negras-gourmet","status":"publish","type":"product","link":"https:\/\/simchocolate.com\/es\/produto\/caja-de-trufas-negras-gourmet\/","title":{"rendered":"Caja de Trufas Negras Gourmet"},"content":{"rendered":"<p style=\"text-align: left\">Las Trufas Oscuras Gourmet son la elecci\u00f3n perfecta para los amantes del chocolate negro. Cada trufa se elabora cuidadosamente con chocolate negro de alta calidad, ofreciendo una experiencia de sabor rica y sofisticada. La combinaci\u00f3n de textura cremosa e intenso sabor a chocolate negro constituye un capricho \u00fanico e irresistible. Ideales como regalo o para un momento especial de cuidado personal, estas trufas son un aut\u00e9ntico lujo para el paladar. Presentadas en un elegante envase, son perfectas para cualquier ocasi\u00f3n en la que se desee un toque de sofisticaci\u00f3n.    <\/p>\n","protected":false},"excerpt":{"rendered":"<p>Trufas gourmet de chocolate negro elaboradas con ingredientes de primera calidad para un sabor intenso y refinado.<\/p>\n","protected":false},"featured_media":9965,"comment_status":"open","ping_status":"closed","template":"","meta":[],"product_brand":[],"product_cat":[191],"product_tag":[247,251],"class_list":{"0":"post-9962","1":"product","2":"type-product","3":"status-publish","4":"has-post-thumbnail","6":"product_cat-trufas","7":"product_tag-trufas","8":"product_tag-trufas-negras","10":"first","11":"instock","12":"shipping-taxable","13":"purchasable","14":"product-type-simple"},"yoast_head":"<!-- This site is optimized with the Yoast SEO plugin v27.2 - https:\/\/yoast.com\/product\/yoast-seo-wordpress\/ -->\n<title>Caja de Trufas Negras Gourmet | S\u00ed Chocolate<\/title>\n<meta name=\"description\" content=\"Descubre las Trufas Negras Gourmet, una sofisticada selecci\u00f3n de trufas de chocolate negro. Elaboradas con chocolate de alta calidad.\" \/>\n<meta name=\"robots\" content=\"index, follow, max-snippet:-1, max-image-preview:large, max-video-preview:-1\" \/>\n<link rel=\"canonical\" href=\"https:\/\/simchocolate.com\/es\/produto\/caja-de-trufas-negras-gourmet\/\" \/>\n<meta property=\"og:locale\" content=\"es_ES\" \/>\n<meta property=\"og:type\" content=\"article\" \/>\n<meta property=\"og:title\" content=\"Caja de Trufas Negras Gourmet | S\u00ed Chocolate\" \/>\n<meta property=\"og:description\" content=\"Descubre las Trufas Negras Gourmet, una sofisticada selecci\u00f3n de trufas de chocolate negro. Elaboradas con chocolate de alta calidad.\" \/>\n<meta property=\"og:url\" content=\"https:\/\/simchocolate.com\/es\/produto\/caja-de-trufas-negras-gourmet\/\" \/>\n<meta property=\"og:site_name\" content=\"SIM Chocolate\" \/>\n<meta property=\"article:publisher\" content=\"https:\/\/www.facebook.com\/SimBombons\" \/>\n<meta property=\"og:image\" content=\"https:\/\/simchocolate.com\/wp-content\/uploads\/2023\/10\/BX0027-scaled.jpg\" \/>\n\t<meta property=\"og:image:width\" content=\"2560\" \/>\n\t<meta property=\"og:image:height\" content=\"1920\" \/>\n\t<meta property=\"og:image:type\" content=\"image\/jpeg\" \/>\n<meta name=\"twitter:card\" content=\"summary_large_image\" \/>\n<script type=\"application\/ld+json\" class=\"yoast-schema-graph\">{\"@context\":\"https:\/\/schema.org\",\"@graph\":[{\"@type\":\"WebPage\",\"@id\":\"https:\/\/simchocolate.com\/es\/produto\/caja-de-trufas-negras-gourmet\/\",\"url\":\"https:\/\/simchocolate.com\/es\/produto\/caja-de-trufas-negras-gourmet\/\",\"name\":\"Caja de Trufas Negras Gourmet | S\u00ed Chocolate\",\"isPartOf\":{\"@id\":\"https:\/\/simchocolate.com\/es\/#website\"},\"primaryImageOfPage\":{\"@id\":\"https:\/\/simchocolate.com\/es\/produto\/caja-de-trufas-negras-gourmet\/#primaryimage\"},\"image\":{\"@id\":\"https:\/\/simchocolate.com\/es\/produto\/caja-de-trufas-negras-gourmet\/#primaryimage\"},\"thumbnailUrl\":\"https:\/\/simchocolate.com\/wp-content\/uploads\/2023\/10\/BX0027-scaled.jpg\",\"datePublished\":\"2023-10-20T16:55:53+00:00\",\"description\":\"Descubre las Trufas Negras Gourmet, una sofisticada selecci\u00f3n de trufas de chocolate negro. Elaboradas con chocolate de alta calidad.\",\"breadcrumb\":{\"@id\":\"https:\/\/simchocolate.com\/es\/produto\/caja-de-trufas-negras-gourmet\/#breadcrumb\"},\"inLanguage\":\"es\",\"potentialAction\":[{\"@type\":\"ReadAction\",\"target\":[\"https:\/\/simchocolate.com\/es\/produto\/caja-de-trufas-negras-gourmet\/\"]}]},{\"@type\":\"ImageObject\",\"inLanguage\":\"es\",\"@id\":\"https:\/\/simchocolate.com\/es\/produto\/caja-de-trufas-negras-gourmet\/#primaryimage\",\"url\":\"https:\/\/simchocolate.com\/wp-content\/uploads\/2023\/10\/BX0027-scaled.jpg\",\"contentUrl\":\"https:\/\/simchocolate.com\/wp-content\/uploads\/2023\/10\/BX0027-scaled.jpg\",\"width\":2560,\"height\":1920,\"caption\":\"joaomacedofotografia.com\"},{\"@type\":\"BreadcrumbList\",\"@id\":\"https:\/\/simchocolate.com\/es\/produto\/caja-de-trufas-negras-gourmet\/#breadcrumb\",\"itemListElement\":[{\"@type\":\"ListItem\",\"position\":1,\"name\":\"In\u00edcio\",\"item\":\"https:\/\/simchocolate.com\/es\/\"},{\"@type\":\"ListItem\",\"position\":2,\"name\":\"Productos\",\"item\":\"https:\/\/simchocolate.com\/es\/shop\/\"},{\"@type\":\"ListItem\",\"position\":3,\"name\":\"Caja de Trufas Negras Gourmet\"}]},{\"@type\":\"WebSite\",\"@id\":\"https:\/\/simchocolate.com\/es\/#website\",\"url\":\"https:\/\/simchocolate.com\/es\/\",\"name\":\"SIM Chocolate\",\"description\":\"Do amor incondicional entre uma m\u00e3e e sua filha, nasce a marca SIM Bombons no Natal de 2014\",\"potentialAction\":[{\"@type\":\"SearchAction\",\"target\":{\"@type\":\"EntryPoint\",\"urlTemplate\":\"https:\/\/simchocolate.com\/es\/?s={search_term_string}\"},\"query-input\":{\"@type\":\"PropertyValueSpecification\",\"valueRequired\":true,\"valueName\":\"search_term_string\"}}],\"inLanguage\":\"es\"}]}<\/script>\n<!-- \/ Yoast SEO plugin. -->","yoast_head_json":{"title":"Caja de Trufas Negras Gourmet | S\u00ed Chocolate","description":"Descubre las Trufas Negras Gourmet, una sofisticada selecci\u00f3n de trufas de chocolate negro. Elaboradas con chocolate de alta calidad.","robots":{"index":"index","follow":"follow","max-snippet":"max-snippet:-1","max-image-preview":"max-image-preview:large","max-video-preview":"max-video-preview:-1"},"canonical":"https:\/\/simchocolate.com\/es\/produto\/caja-de-trufas-negras-gourmet\/","og_locale":"es_ES","og_type":"article","og_title":"Caja de Trufas Negras Gourmet | S\u00ed Chocolate","og_description":"Descubre las Trufas Negras Gourmet, una sofisticada selecci\u00f3n de trufas de chocolate negro. Elaboradas con chocolate de alta calidad.","og_url":"https:\/\/simchocolate.com\/es\/produto\/caja-de-trufas-negras-gourmet\/","og_site_name":"SIM Chocolate","article_publisher":"https:\/\/www.facebook.com\/SimBombons","og_image":[{"width":2560,"height":1920,"url":"https:\/\/simchocolate.com\/wp-content\/uploads\/2023\/10\/BX0027-scaled.jpg","type":"image\/jpeg"}],"twitter_card":"summary_large_image","schema":{"@context":"https:\/\/schema.org","@graph":[{"@type":"WebPage","@id":"https:\/\/simchocolate.com\/es\/produto\/caja-de-trufas-negras-gourmet\/","url":"https:\/\/simchocolate.com\/es\/produto\/caja-de-trufas-negras-gourmet\/","name":"Caja de Trufas Negras Gourmet | S\u00ed Chocolate","isPartOf":{"@id":"https:\/\/simchocolate.com\/es\/#website"},"primaryImageOfPage":{"@id":"https:\/\/simchocolate.com\/es\/produto\/caja-de-trufas-negras-gourmet\/#primaryimage"},"image":{"@id":"https:\/\/simchocolate.com\/es\/produto\/caja-de-trufas-negras-gourmet\/#primaryimage"},"thumbnailUrl":"https:\/\/simchocolate.com\/wp-content\/uploads\/2023\/10\/BX0027-scaled.jpg","datePublished":"2023-10-20T16:55:53+00:00","description":"Descubre las Trufas Negras Gourmet, una sofisticada selecci\u00f3n de trufas de chocolate negro. Elaboradas con chocolate de alta calidad.","breadcrumb":{"@id":"https:\/\/simchocolate.com\/es\/produto\/caja-de-trufas-negras-gourmet\/#breadcrumb"},"inLanguage":"es","potentialAction":[{"@type":"ReadAction","target":["https:\/\/simchocolate.com\/es\/produto\/caja-de-trufas-negras-gourmet\/"]}]},{"@type":"ImageObject","inLanguage":"es","@id":"https:\/\/simchocolate.com\/es\/produto\/caja-de-trufas-negras-gourmet\/#primaryimage","url":"https:\/\/simchocolate.com\/wp-content\/uploads\/2023\/10\/BX0027-scaled.jpg","contentUrl":"https:\/\/simchocolate.com\/wp-content\/uploads\/2023\/10\/BX0027-scaled.jpg","width":2560,"height":1920,"caption":"joaomacedofotografia.com"},{"@type":"BreadcrumbList","@id":"https:\/\/simchocolate.com\/es\/produto\/caja-de-trufas-negras-gourmet\/#breadcrumb","itemListElement":[{"@type":"ListItem","position":1,"name":"In\u00edcio","item":"https:\/\/simchocolate.com\/es\/"},{"@type":"ListItem","position":2,"name":"Productos","item":"https:\/\/simchocolate.com\/es\/shop\/"},{"@type":"ListItem","position":3,"name":"Caja de Trufas Negras Gourmet"}]},{"@type":"WebSite","@id":"https:\/\/simchocolate.com\/es\/#website","url":"https:\/\/simchocolate.com\/es\/","name":"SIM Chocolate","description":"Do amor incondicional entre uma m\u00e3e e sua filha, nasce a marca SIM Bombons no Natal de 2014","potentialAction":[{"@type":"SearchAction","target":{"@type":"EntryPoint","urlTemplate":"https:\/\/simchocolate.com\/es\/?s={search_term_string}"},"query-input":{"@type":"PropertyValueSpecification","valueRequired":true,"valueName":"search_term_string"}}],"inLanguage":"es"}]}},"_links":{"self":[{"href":"https:\/\/simchocolate.com\/es\/wp-json\/wp\/v2\/product\/9962","targetHints":{"allow":["GET"]}}],"collection":[{"href":"https:\/\/simchocolate.com\/es\/wp-json\/wp\/v2\/product"}],"about":[{"href":"https:\/\/simchocolate.com\/es\/wp-json\/wp\/v2\/types\/product"}],"replies":[{"embeddable":true,"href":"https:\/\/simchocolate.com\/es\/wp-json\/wp\/v2\/comments?post=9962"}],"wp:featuredmedia":[{"embeddable":true,"href":"https:\/\/simchocolate.com\/es\/wp-json\/wp\/v2\/media\/9965"}],"wp:attachment":[{"href":"https:\/\/simchocolate.com\/es\/wp-json\/wp\/v2\/media?parent=9962"}],"wp:term":[{"taxonomy":"product_brand","embeddable":true,"href":"https:\/\/simchocolate.com\/es\/wp-json\/wp\/v2\/product_brand?post=9962"},{"taxonomy":"product_cat","embeddable":true,"href":"https:\/\/simchocolate.com\/es\/wp-json\/wp\/v2\/product_cat?post=9962"},{"taxonomy":"product_tag","embeddable":true,"href":"https:\/\/simchocolate.com\/es\/wp-json\/wp\/v2\/product_tag?post=9962"}],"curies":[{"name":"wp","href":"https:\/\/api.w.org\/{rel}","templated":true}]}}