{"id":9963,"date":"2023-10-20T16:55:27","date_gmt":"2023-10-20T16:55:27","guid":{"rendered":"https:\/\/simchocolate.com\/produto\/caja-de-9-bombones-medallon\/"},"modified":"2023-10-20T16:55:27","modified_gmt":"2023-10-20T16:55:27","slug":"caja-de-9-bombones-medallon","status":"publish","type":"product","link":"https:\/\/simchocolate.com\/es\/produto\/caja-de-9-bombones-medallon\/","title":{"rendered":"Caja de 9 bombones medall\u00f3n"},"content":{"rendered":"<h5 style=\"text-align: left;\"><strong>El Premio Sabor<\/strong><\/h5>\n<p style=\"text-align: left;\">La Caja de Chocolates 9 Medallas ofrece una selecci\u00f3n de chocolates artesanos galardonados, cada uno de ellos cuidadosamente elaborado para proporcionar una experiencia de sabor incomparable. Elaborados con ingredientes de alta calidad, estos bombones representan lo mejor de la reposter\u00eda gourmet. La caja es perfecta para regalar en ocasiones especiales o para regalarse un momento de indulgencia. Cada bomb\u00f3n es una obra maestra, que refleja la sofisticaci\u00f3n y el reconocimiento del arte de hacer un chocolate excelente.   <\/p>\n","protected":false},"excerpt":{"rendered":"<p>Caja de 9 bombones medall\u00f3n, con una exclusiva selecci\u00f3n de bombones premiados.<\/p>\n<p><strong>Cada caja contiene<\/strong><\/p>\n<ul>\n<li>Bomb\u00f3n de miel<\/li>\n<li>Bomb\u00f3n de coco y lima<\/li>\n<li>Bomb\u00f3n de vino de Oporto<\/li>\n<\/ul>\n","protected":false},"featured_media":9975,"comment_status":"open","ping_status":"closed","template":"","meta":[],"product_brand":[],"product_cat":[189],"product_tag":[250],"class_list":{"0":"post-9963","1":"product","2":"type-product","3":"status-publish","4":"has-post-thumbnail","6":"product_cat-caja-de-bombones","7":"product_tag-medallistas","8":"edicoes-con-alcohol","9":"edicoes-especial-si","11":"first","12":"instock","13":"shipping-taxable","14":"purchasable","15":"product-type-simple"},"yoast_head":"<!-- This site is optimized with the Yoast SEO plugin v27.2 - https:\/\/yoast.com\/product\/yoast-seo-wordpress\/ -->\n<title>Caja medall\u00f3n | S\u00ed Chocolate<\/title>\n<meta name=\"description\" content=\"Caja de 9 bombones medall\u00f3n, con una exclusiva selecci\u00f3n de chocolates premiados. Una experiencia gourmet para los verdaderos amantes del chocolate.\" \/>\n<meta name=\"robots\" content=\"index, follow, max-snippet:-1, max-image-preview:large, max-video-preview:-1\" \/>\n<link rel=\"canonical\" href=\"https:\/\/simchocolate.com\/es\/produto\/caja-de-9-bombones-medallon\/\" \/>\n<meta property=\"og:locale\" content=\"es_ES\" \/>\n<meta property=\"og:type\" content=\"article\" \/>\n<meta property=\"og:title\" content=\"Caja medall\u00f3n | S\u00ed Chocolate\" \/>\n<meta property=\"og:description\" content=\"Caja de 9 bombones medall\u00f3n, con una exclusiva selecci\u00f3n de chocolates premiados. Una experiencia gourmet para los verdaderos amantes del chocolate.\" \/>\n<meta property=\"og:url\" content=\"https:\/\/simchocolate.com\/es\/produto\/caja-de-9-bombones-medallon\/\" \/>\n<meta property=\"og:site_name\" content=\"SIM Chocolate\" \/>\n<meta property=\"article:publisher\" content=\"https:\/\/www.facebook.com\/SimBombons\" \/>\n<meta property=\"og:image\" content=\"https:\/\/simchocolate.com\/wp-content\/uploads\/2023\/10\/IMG_0619-6.jpg\" \/>\n\t<meta property=\"og:image:width\" content=\"1000\" \/>\n\t<meta property=\"og:image:height\" content=\"1000\" \/>\n\t<meta property=\"og:image:type\" content=\"image\/jpeg\" \/>\n<meta name=\"twitter:card\" content=\"summary_large_image\" \/>\n<script type=\"application\/ld+json\" class=\"yoast-schema-graph\">{\"@context\":\"https:\/\/schema.org\",\"@graph\":[{\"@type\":\"WebPage\",\"@id\":\"https:\/\/simchocolate.com\/es\/produto\/caja-de-9-bombones-medallon\/\",\"url\":\"https:\/\/simchocolate.com\/es\/produto\/caja-de-9-bombones-medallon\/\",\"name\":\"Caja medall\u00f3n | S\u00ed Chocolate\",\"isPartOf\":{\"@id\":\"https:\/\/simchocolate.com\/es\/#website\"},\"primaryImageOfPage\":{\"@id\":\"https:\/\/simchocolate.com\/es\/produto\/caja-de-9-bombones-medallon\/#primaryimage\"},\"image\":{\"@id\":\"https:\/\/simchocolate.com\/es\/produto\/caja-de-9-bombones-medallon\/#primaryimage\"},\"thumbnailUrl\":\"https:\/\/simchocolate.com\/wp-content\/uploads\/2023\/10\/IMG_0619-6.jpg\",\"datePublished\":\"2023-10-20T16:55:27+00:00\",\"description\":\"Caja de 9 bombones medall\u00f3n, con una exclusiva selecci\u00f3n de chocolates premiados. Una experiencia gourmet para los verdaderos amantes del chocolate.\",\"breadcrumb\":{\"@id\":\"https:\/\/simchocolate.com\/es\/produto\/caja-de-9-bombones-medallon\/#breadcrumb\"},\"inLanguage\":\"es\",\"potentialAction\":[{\"@type\":\"ReadAction\",\"target\":[\"https:\/\/simchocolate.com\/es\/produto\/caja-de-9-bombones-medallon\/\"]}]},{\"@type\":\"ImageObject\",\"inLanguage\":\"es\",\"@id\":\"https:\/\/simchocolate.com\/es\/produto\/caja-de-9-bombones-medallon\/#primaryimage\",\"url\":\"https:\/\/simchocolate.com\/wp-content\/uploads\/2023\/10\/IMG_0619-6.jpg\",\"contentUrl\":\"https:\/\/simchocolate.com\/wp-content\/uploads\/2023\/10\/IMG_0619-6.jpg\",\"width\":1000,\"height\":1000,\"caption\":\"bombom medalhados\"},{\"@type\":\"BreadcrumbList\",\"@id\":\"https:\/\/simchocolate.com\/es\/produto\/caja-de-9-bombones-medallon\/#breadcrumb\",\"itemListElement\":[{\"@type\":\"ListItem\",\"position\":1,\"name\":\"In\u00edcio\",\"item\":\"https:\/\/simchocolate.com\/es\/\"},{\"@type\":\"ListItem\",\"position\":2,\"name\":\"Productos\",\"item\":\"https:\/\/simchocolate.com\/es\/shop\/\"},{\"@type\":\"ListItem\",\"position\":3,\"name\":\"Caja de 9 bombones medall\u00f3n\"}]},{\"@type\":\"WebSite\",\"@id\":\"https:\/\/simchocolate.com\/es\/#website\",\"url\":\"https:\/\/simchocolate.com\/es\/\",\"name\":\"SIM Chocolate\",\"description\":\"Do amor incondicional entre uma m\u00e3e e sua filha, nasce a marca SIM Bombons no Natal de 2014\",\"potentialAction\":[{\"@type\":\"SearchAction\",\"target\":{\"@type\":\"EntryPoint\",\"urlTemplate\":\"https:\/\/simchocolate.com\/es\/?s={search_term_string}\"},\"query-input\":{\"@type\":\"PropertyValueSpecification\",\"valueRequired\":true,\"valueName\":\"search_term_string\"}}],\"inLanguage\":\"es\"}]}<\/script>\n<!-- \/ Yoast SEO plugin. -->","yoast_head_json":{"title":"Caja medall\u00f3n | S\u00ed Chocolate","description":"Caja de 9 bombones medall\u00f3n, con una exclusiva selecci\u00f3n de chocolates premiados. Una experiencia gourmet para los verdaderos amantes del chocolate.","robots":{"index":"index","follow":"follow","max-snippet":"max-snippet:-1","max-image-preview":"max-image-preview:large","max-video-preview":"max-video-preview:-1"},"canonical":"https:\/\/simchocolate.com\/es\/produto\/caja-de-9-bombones-medallon\/","og_locale":"es_ES","og_type":"article","og_title":"Caja medall\u00f3n | S\u00ed Chocolate","og_description":"Caja de 9 bombones medall\u00f3n, con una exclusiva selecci\u00f3n de chocolates premiados. Una experiencia gourmet para los verdaderos amantes del chocolate.","og_url":"https:\/\/simchocolate.com\/es\/produto\/caja-de-9-bombones-medallon\/","og_site_name":"SIM Chocolate","article_publisher":"https:\/\/www.facebook.com\/SimBombons","og_image":[{"width":1000,"height":1000,"url":"https:\/\/simchocolate.com\/wp-content\/uploads\/2023\/10\/IMG_0619-6.jpg","type":"image\/jpeg"}],"twitter_card":"summary_large_image","schema":{"@context":"https:\/\/schema.org","@graph":[{"@type":"WebPage","@id":"https:\/\/simchocolate.com\/es\/produto\/caja-de-9-bombones-medallon\/","url":"https:\/\/simchocolate.com\/es\/produto\/caja-de-9-bombones-medallon\/","name":"Caja medall\u00f3n | S\u00ed Chocolate","isPartOf":{"@id":"https:\/\/simchocolate.com\/es\/#website"},"primaryImageOfPage":{"@id":"https:\/\/simchocolate.com\/es\/produto\/caja-de-9-bombones-medallon\/#primaryimage"},"image":{"@id":"https:\/\/simchocolate.com\/es\/produto\/caja-de-9-bombones-medallon\/#primaryimage"},"thumbnailUrl":"https:\/\/simchocolate.com\/wp-content\/uploads\/2023\/10\/IMG_0619-6.jpg","datePublished":"2023-10-20T16:55:27+00:00","description":"Caja de 9 bombones medall\u00f3n, con una exclusiva selecci\u00f3n de chocolates premiados. Una experiencia gourmet para los verdaderos amantes del chocolate.","breadcrumb":{"@id":"https:\/\/simchocolate.com\/es\/produto\/caja-de-9-bombones-medallon\/#breadcrumb"},"inLanguage":"es","potentialAction":[{"@type":"ReadAction","target":["https:\/\/simchocolate.com\/es\/produto\/caja-de-9-bombones-medallon\/"]}]},{"@type":"ImageObject","inLanguage":"es","@id":"https:\/\/simchocolate.com\/es\/produto\/caja-de-9-bombones-medallon\/#primaryimage","url":"https:\/\/simchocolate.com\/wp-content\/uploads\/2023\/10\/IMG_0619-6.jpg","contentUrl":"https:\/\/simchocolate.com\/wp-content\/uploads\/2023\/10\/IMG_0619-6.jpg","width":1000,"height":1000,"caption":"bombom medalhados"},{"@type":"BreadcrumbList","@id":"https:\/\/simchocolate.com\/es\/produto\/caja-de-9-bombones-medallon\/#breadcrumb","itemListElement":[{"@type":"ListItem","position":1,"name":"In\u00edcio","item":"https:\/\/simchocolate.com\/es\/"},{"@type":"ListItem","position":2,"name":"Productos","item":"https:\/\/simchocolate.com\/es\/shop\/"},{"@type":"ListItem","position":3,"name":"Caja de 9 bombones medall\u00f3n"}]},{"@type":"WebSite","@id":"https:\/\/simchocolate.com\/es\/#website","url":"https:\/\/simchocolate.com\/es\/","name":"SIM Chocolate","description":"Do amor incondicional entre uma m\u00e3e e sua filha, nasce a marca SIM Bombons no Natal de 2014","potentialAction":[{"@type":"SearchAction","target":{"@type":"EntryPoint","urlTemplate":"https:\/\/simchocolate.com\/es\/?s={search_term_string}"},"query-input":{"@type":"PropertyValueSpecification","valueRequired":true,"valueName":"search_term_string"}}],"inLanguage":"es"}]}},"_links":{"self":[{"href":"https:\/\/simchocolate.com\/es\/wp-json\/wp\/v2\/product\/9963","targetHints":{"allow":["GET"]}}],"collection":[{"href":"https:\/\/simchocolate.com\/es\/wp-json\/wp\/v2\/product"}],"about":[{"href":"https:\/\/simchocolate.com\/es\/wp-json\/wp\/v2\/types\/product"}],"replies":[{"embeddable":true,"href":"https:\/\/simchocolate.com\/es\/wp-json\/wp\/v2\/comments?post=9963"}],"wp:featuredmedia":[{"embeddable":true,"href":"https:\/\/simchocolate.com\/es\/wp-json\/wp\/v2\/media\/9975"}],"wp:attachment":[{"href":"https:\/\/simchocolate.com\/es\/wp-json\/wp\/v2\/media?parent=9963"}],"wp:term":[{"taxonomy":"product_brand","embeddable":true,"href":"https:\/\/simchocolate.com\/es\/wp-json\/wp\/v2\/product_brand?post=9963"},{"taxonomy":"product_cat","embeddable":true,"href":"https:\/\/simchocolate.com\/es\/wp-json\/wp\/v2\/product_cat?post=9963"},{"taxonomy":"product_tag","embeddable":true,"href":"https:\/\/simchocolate.com\/es\/wp-json\/wp\/v2\/product_tag?post=9963"}],"curies":[{"name":"wp","href":"https:\/\/api.w.org\/{rel}","templated":true}]}}