{"id":9976,"date":"2023-10-20T16:55:58","date_gmt":"2023-10-20T16:55:58","guid":{"rendered":"https:\/\/simchocolate.com\/produto\/caja-de-trufas-gourmet-con-champan\/"},"modified":"2023-10-20T16:55:58","modified_gmt":"2023-10-20T16:55:58","slug":"caja-de-trufas-gourmet-con-champan","status":"publish","type":"product","link":"https:\/\/simchocolate.com\/es\/produto\/caja-de-trufas-gourmet-con-champan\/","title":{"rendered":"Caja de trufas gourmet con champ\u00e1n"},"content":{"rendered":"<p style=\"text-align: left;\">Las Trufas de Champ\u00e1n Gourmet son una experiencia sofisticada e indulgente para los amantes del chocolate y el champ\u00e1n. Hechas a mano, estas trufas combinan el suave y rico sabor del chocolate de primera calidad con un toque de champ\u00e1n, creando una explosi\u00f3n de sabor con cada bocado. Con una textura cremosa y refinada, son ideales para celebrar momentos especiales como fiestas, cumplea\u00f1os o para regalar a quienes aprecian el lujo y el sabor. Cada trufa se elabora meticulosamente para ofrecer la m\u00e1xima calidad y una experiencia gourmet inigualable.   <\/p>\n<p>&nbsp;<\/p>\n","protected":false},"excerpt":{"rendered":"<p>Trufas gourmet de Champ\u00e1n, elaboradas con ingredientes de alta calidad y un sabor sofisticado.<\/p>\n","protected":false},"featured_media":9982,"comment_status":"open","ping_status":"closed","template":"","meta":[],"product_brand":[],"product_cat":[191],"product_tag":[254,252],"class_list":{"0":"post-9976","1":"product","2":"type-product","3":"status-publish","4":"has-post-thumbnail","6":"product_cat-trufas","7":"product_tag-champan","8":"product_tag-trufas-de-champan","9":"edicoes-con-alcohol","11":"first","12":"instock","13":"shipping-taxable","14":"purchasable","15":"product-type-simple"},"yoast_head":"<!-- This site is optimized with the Yoast SEO plugin v27.2 - https:\/\/yoast.com\/product\/yoast-seo-wordpress\/ -->\n<title>Trufas de Champ\u00e1n Gourmet | Yes Chocolate<\/title>\n<meta name=\"description\" content=\"Disfruta de las Trufas Gourmet con Champ\u00e1n, una lujosa selecci\u00f3n de trufas hechas a mano con un toque de champ\u00e1n. Ideales para regalos y momentos especiales.\" \/>\n<meta name=\"robots\" content=\"index, follow, max-snippet:-1, max-image-preview:large, max-video-preview:-1\" \/>\n<link rel=\"canonical\" href=\"https:\/\/simchocolate.com\/es\/produto\/caja-de-trufas-gourmet-con-champan\/\" \/>\n<meta property=\"og:locale\" content=\"es_ES\" \/>\n<meta property=\"og:type\" content=\"article\" \/>\n<meta property=\"og:title\" content=\"Trufas de Champ\u00e1n Gourmet | Yes Chocolate\" \/>\n<meta property=\"og:description\" content=\"Disfruta de las Trufas Gourmet con Champ\u00e1n, una lujosa selecci\u00f3n de trufas hechas a mano con un toque de champ\u00e1n. Ideales para regalos y momentos especiales.\" \/>\n<meta property=\"og:url\" content=\"https:\/\/simchocolate.com\/es\/produto\/caja-de-trufas-gourmet-con-champan\/\" \/>\n<meta property=\"og:site_name\" content=\"SIM Chocolate\" \/>\n<meta property=\"article:publisher\" content=\"https:\/\/www.facebook.com\/SimBombons\" \/>\n<meta property=\"og:image\" content=\"https:\/\/simchocolate.com\/wp-content\/uploads\/2023\/10\/teste2.jpg\" \/>\n\t<meta property=\"og:image:width\" content=\"800\" \/>\n\t<meta property=\"og:image:height\" content=\"800\" \/>\n\t<meta property=\"og:image:type\" content=\"image\/jpeg\" \/>\n<meta name=\"twitter:card\" content=\"summary_large_image\" \/>\n<script type=\"application\/ld+json\" class=\"yoast-schema-graph\">{\"@context\":\"https:\/\/schema.org\",\"@graph\":[{\"@type\":\"WebPage\",\"@id\":\"https:\/\/simchocolate.com\/es\/produto\/caja-de-trufas-gourmet-con-champan\/\",\"url\":\"https:\/\/simchocolate.com\/es\/produto\/caja-de-trufas-gourmet-con-champan\/\",\"name\":\"Trufas de Champ\u00e1n Gourmet | Yes Chocolate\",\"isPartOf\":{\"@id\":\"https:\/\/simchocolate.com\/es\/#website\"},\"primaryImageOfPage\":{\"@id\":\"https:\/\/simchocolate.com\/es\/produto\/caja-de-trufas-gourmet-con-champan\/#primaryimage\"},\"image\":{\"@id\":\"https:\/\/simchocolate.com\/es\/produto\/caja-de-trufas-gourmet-con-champan\/#primaryimage\"},\"thumbnailUrl\":\"https:\/\/simchocolate.com\/wp-content\/uploads\/2023\/10\/teste2.jpg\",\"datePublished\":\"2023-10-20T16:55:58+00:00\",\"description\":\"Disfruta de las Trufas Gourmet con Champ\u00e1n, una lujosa selecci\u00f3n de trufas hechas a mano con un toque de champ\u00e1n. Ideales para regalos y momentos especiales.\",\"breadcrumb\":{\"@id\":\"https:\/\/simchocolate.com\/es\/produto\/caja-de-trufas-gourmet-con-champan\/#breadcrumb\"},\"inLanguage\":\"es\",\"potentialAction\":[{\"@type\":\"ReadAction\",\"target\":[\"https:\/\/simchocolate.com\/es\/produto\/caja-de-trufas-gourmet-con-champan\/\"]}]},{\"@type\":\"ImageObject\",\"inLanguage\":\"es\",\"@id\":\"https:\/\/simchocolate.com\/es\/produto\/caja-de-trufas-gourmet-con-champan\/#primaryimage\",\"url\":\"https:\/\/simchocolate.com\/wp-content\/uploads\/2023\/10\/teste2.jpg\",\"contentUrl\":\"https:\/\/simchocolate.com\/wp-content\/uploads\/2023\/10\/teste2.jpg\",\"width\":800,\"height\":800},{\"@type\":\"BreadcrumbList\",\"@id\":\"https:\/\/simchocolate.com\/es\/produto\/caja-de-trufas-gourmet-con-champan\/#breadcrumb\",\"itemListElement\":[{\"@type\":\"ListItem\",\"position\":1,\"name\":\"In\u00edcio\",\"item\":\"https:\/\/simchocolate.com\/es\/\"},{\"@type\":\"ListItem\",\"position\":2,\"name\":\"Productos\",\"item\":\"https:\/\/simchocolate.com\/es\/shop\/\"},{\"@type\":\"ListItem\",\"position\":3,\"name\":\"Caja de trufas gourmet con champ\u00e1n\"}]},{\"@type\":\"WebSite\",\"@id\":\"https:\/\/simchocolate.com\/es\/#website\",\"url\":\"https:\/\/simchocolate.com\/es\/\",\"name\":\"SIM Chocolate\",\"description\":\"Do amor incondicional entre uma m\u00e3e e sua filha, nasce a marca SIM Bombons no Natal de 2014\",\"potentialAction\":[{\"@type\":\"SearchAction\",\"target\":{\"@type\":\"EntryPoint\",\"urlTemplate\":\"https:\/\/simchocolate.com\/es\/?s={search_term_string}\"},\"query-input\":{\"@type\":\"PropertyValueSpecification\",\"valueRequired\":true,\"valueName\":\"search_term_string\"}}],\"inLanguage\":\"es\"}]}<\/script>\n<!-- \/ Yoast SEO plugin. -->","yoast_head_json":{"title":"Trufas de Champ\u00e1n Gourmet | Yes Chocolate","description":"Disfruta de las Trufas Gourmet con Champ\u00e1n, una lujosa selecci\u00f3n de trufas hechas a mano con un toque de champ\u00e1n. Ideales para regalos y momentos especiales.","robots":{"index":"index","follow":"follow","max-snippet":"max-snippet:-1","max-image-preview":"max-image-preview:large","max-video-preview":"max-video-preview:-1"},"canonical":"https:\/\/simchocolate.com\/es\/produto\/caja-de-trufas-gourmet-con-champan\/","og_locale":"es_ES","og_type":"article","og_title":"Trufas de Champ\u00e1n Gourmet | Yes Chocolate","og_description":"Disfruta de las Trufas Gourmet con Champ\u00e1n, una lujosa selecci\u00f3n de trufas hechas a mano con un toque de champ\u00e1n. Ideales para regalos y momentos especiales.","og_url":"https:\/\/simchocolate.com\/es\/produto\/caja-de-trufas-gourmet-con-champan\/","og_site_name":"SIM Chocolate","article_publisher":"https:\/\/www.facebook.com\/SimBombons","og_image":[{"width":800,"height":800,"url":"https:\/\/simchocolate.com\/wp-content\/uploads\/2023\/10\/teste2.jpg","type":"image\/jpeg"}],"twitter_card":"summary_large_image","schema":{"@context":"https:\/\/schema.org","@graph":[{"@type":"WebPage","@id":"https:\/\/simchocolate.com\/es\/produto\/caja-de-trufas-gourmet-con-champan\/","url":"https:\/\/simchocolate.com\/es\/produto\/caja-de-trufas-gourmet-con-champan\/","name":"Trufas de Champ\u00e1n Gourmet | Yes Chocolate","isPartOf":{"@id":"https:\/\/simchocolate.com\/es\/#website"},"primaryImageOfPage":{"@id":"https:\/\/simchocolate.com\/es\/produto\/caja-de-trufas-gourmet-con-champan\/#primaryimage"},"image":{"@id":"https:\/\/simchocolate.com\/es\/produto\/caja-de-trufas-gourmet-con-champan\/#primaryimage"},"thumbnailUrl":"https:\/\/simchocolate.com\/wp-content\/uploads\/2023\/10\/teste2.jpg","datePublished":"2023-10-20T16:55:58+00:00","description":"Disfruta de las Trufas Gourmet con Champ\u00e1n, una lujosa selecci\u00f3n de trufas hechas a mano con un toque de champ\u00e1n. Ideales para regalos y momentos especiales.","breadcrumb":{"@id":"https:\/\/simchocolate.com\/es\/produto\/caja-de-trufas-gourmet-con-champan\/#breadcrumb"},"inLanguage":"es","potentialAction":[{"@type":"ReadAction","target":["https:\/\/simchocolate.com\/es\/produto\/caja-de-trufas-gourmet-con-champan\/"]}]},{"@type":"ImageObject","inLanguage":"es","@id":"https:\/\/simchocolate.com\/es\/produto\/caja-de-trufas-gourmet-con-champan\/#primaryimage","url":"https:\/\/simchocolate.com\/wp-content\/uploads\/2023\/10\/teste2.jpg","contentUrl":"https:\/\/simchocolate.com\/wp-content\/uploads\/2023\/10\/teste2.jpg","width":800,"height":800},{"@type":"BreadcrumbList","@id":"https:\/\/simchocolate.com\/es\/produto\/caja-de-trufas-gourmet-con-champan\/#breadcrumb","itemListElement":[{"@type":"ListItem","position":1,"name":"In\u00edcio","item":"https:\/\/simchocolate.com\/es\/"},{"@type":"ListItem","position":2,"name":"Productos","item":"https:\/\/simchocolate.com\/es\/shop\/"},{"@type":"ListItem","position":3,"name":"Caja de trufas gourmet con champ\u00e1n"}]},{"@type":"WebSite","@id":"https:\/\/simchocolate.com\/es\/#website","url":"https:\/\/simchocolate.com\/es\/","name":"SIM Chocolate","description":"Do amor incondicional entre uma m\u00e3e e sua filha, nasce a marca SIM Bombons no Natal de 2014","potentialAction":[{"@type":"SearchAction","target":{"@type":"EntryPoint","urlTemplate":"https:\/\/simchocolate.com\/es\/?s={search_term_string}"},"query-input":{"@type":"PropertyValueSpecification","valueRequired":true,"valueName":"search_term_string"}}],"inLanguage":"es"}]}},"_links":{"self":[{"href":"https:\/\/simchocolate.com\/es\/wp-json\/wp\/v2\/product\/9976","targetHints":{"allow":["GET"]}}],"collection":[{"href":"https:\/\/simchocolate.com\/es\/wp-json\/wp\/v2\/product"}],"about":[{"href":"https:\/\/simchocolate.com\/es\/wp-json\/wp\/v2\/types\/product"}],"replies":[{"embeddable":true,"href":"https:\/\/simchocolate.com\/es\/wp-json\/wp\/v2\/comments?post=9976"}],"wp:featuredmedia":[{"embeddable":true,"href":"https:\/\/simchocolate.com\/es\/wp-json\/wp\/v2\/media\/9982"}],"wp:attachment":[{"href":"https:\/\/simchocolate.com\/es\/wp-json\/wp\/v2\/media?parent=9976"}],"wp:term":[{"taxonomy":"product_brand","embeddable":true,"href":"https:\/\/simchocolate.com\/es\/wp-json\/wp\/v2\/product_brand?post=9976"},{"taxonomy":"product_cat","embeddable":true,"href":"https:\/\/simchocolate.com\/es\/wp-json\/wp\/v2\/product_cat?post=9976"},{"taxonomy":"product_tag","embeddable":true,"href":"https:\/\/simchocolate.com\/es\/wp-json\/wp\/v2\/product_tag?post=9976"}],"curies":[{"name":"wp","href":"https:\/\/api.w.org\/{rel}","templated":true}]}}