{"id":9977,"date":"2023-10-20T18:07:52","date_gmt":"2023-10-20T18:07:52","guid":{"rendered":"https:\/\/simchocolate.com\/produto\/fragmentos-de-frutos-secos-con-chocolate-negro\/"},"modified":"2023-10-20T18:07:52","modified_gmt":"2023-10-20T18:07:52","slug":"fragmentos-de-frutos-secos-con-chocolate-negro","status":"publish","type":"product","link":"https:\/\/simchocolate.com\/es\/produto\/fragmentos-de-frutos-secos-con-chocolate-negro\/","title":{"rendered":"Fragmentos de frutos secos con chocolate negro"},"content":{"rendered":"<h5 style=\"text-align: left;\">La armon\u00eda perfecta entre crujido y sabor intenso<\/h5>\n<div class=\"flex flex-grow flex-col max-w-full\" style=\"text-align: left;\">\n<div class=\"min-h-[20px] text-message flex w-full flex-col items-end gap-2 whitespace-pre-wrap break-words [.text-message+&amp;]:mt-5 overflow-x-auto\" dir=\"auto\" data-message-author-role=\"assistant\" data-message-id=\"1b341081-f870-4b29-9179-619d64c35203\">\n<div class=\"flex w-full flex-col gap-1 empty:hidden first:pt-[3px]\">\n<div class=\"markdown prose w-full break-words dark:prose-invert dark\">\n<p><strong>Explora una experiencia gourmet \u00fanica con nuestros Fragmentos de frutos secos de chocolate negro.<\/strong>  En este sentido, el crujiente de los mejores frutos secos se une a la riqueza del chocolate negro de primera calidad. Como resultado, esta combinaci\u00f3n perfecta es ideal para quienes aprecian la complejidad y sofisticaci\u00f3n de los sabores naturales. <\/p>\n<\/div>\n<\/div>\n<\/div>\n<\/div>\n<p style=\"text-align: left;\">Preparamos cada pieza con esmero para garantizar la m\u00e1xima calidad y un sabor excepcional. Elegimos una selecci\u00f3n de los mejores frutos, como almendras, nueces, avellanas y casta\u00f1as, por su textura irresistiblemente crujiente y su sabor robusto. Tostamos estas frutas en su punto justo para resaltar sus cualidades naturales y proporcionar un contraste perfecto entre las frutas y el chocolate negro, de modo que el tostado realza la combinaci\u00f3n, dando como resultado una experiencia de degustaci\u00f3n \u00fanica.  <\/p>\n<p style=\"text-align: left;\"><strong>El chocolate utilizado es de la m\u00e1xima calidad<\/strong>, elegido por su sabor profundo y equilibrado, que complementa a la perfecci\u00f3n los sabores naturales de los frutos secos. La fusi\u00f3n del chocolate negro y la fruta da como resultado una experiencia de degustaci\u00f3n intensa y refinada a la vez, que envuelve el paladar con una armoniosa combinaci\u00f3n de texturas y sabores; de hecho, la combinaci\u00f3n da como resultado una delicia que no s\u00f3lo agrada, sino que tambi\u00e9n sorprende a quienes la prueban. <\/p>\n<p style=\"text-align: left;\">Disfruta de la armon\u00eda perfecta entre crujiente e intenso sabor con nuestros Fragmentos. Ya sea como regalo o como capricho, esta irresistible combinaci\u00f3n promete satisfacer tus antojos de una forma deliciosamente sofisticada y nutritiva. <\/p>\n","protected":false},"excerpt":{"rendered":"<p>Descubre la combinaci\u00f3n perfecta de frutos secos y chocolate intenso. Una experiencia gourmet que te dejar\u00e1 hechizado. <\/p>\n","protected":false},"featured_media":10005,"comment_status":"open","ping_status":"closed","template":"","meta":[],"product_brand":[],"product_cat":[253],"product_tag":[],"class_list":{"0":"post-9977","1":"product","2":"type-product","3":"status-publish","4":"has-post-thumbnail","6":"product_cat-fragmentos-y-crujientes","8":"first","9":"instock","10":"shipping-taxable","11":"purchasable","12":"product-type-simple"},"yoast_head":"<!-- This site is optimized with the Yoast SEO plugin v27.2 - https:\/\/yoast.com\/product\/yoast-seo-wordpress\/ -->\n<title>Frutos Secos con Chocolate | Fragmentos de Chocolate Negro<\/title>\n<meta name=\"description\" content=\"Descubre la combinaci\u00f3n perfecta de frutos secos y chocolate intenso. Una experiencia gourmet que te dejar\u00e1 hechizado.\" \/>\n<meta name=\"robots\" content=\"index, follow, max-snippet:-1, max-image-preview:large, max-video-preview:-1\" \/>\n<link rel=\"canonical\" href=\"https:\/\/simchocolate.com\/es\/produto\/fragmentos-de-frutos-secos-con-chocolate-negro\/\" \/>\n<meta property=\"og:locale\" content=\"es_ES\" \/>\n<meta property=\"og:type\" content=\"article\" \/>\n<meta property=\"og:title\" content=\"Frutos Secos con Chocolate | Fragmentos de Chocolate Negro\" \/>\n<meta property=\"og:description\" content=\"Descubre la combinaci\u00f3n perfecta de frutos secos y chocolate intenso. Una experiencia gourmet que te dejar\u00e1 hechizado.\" \/>\n<meta property=\"og:url\" content=\"https:\/\/simchocolate.com\/es\/produto\/fragmentos-de-frutos-secos-con-chocolate-negro\/\" \/>\n<meta property=\"og:site_name\" content=\"SIM Chocolate\" \/>\n<meta property=\"article:publisher\" content=\"https:\/\/www.facebook.com\/SimBombons\" \/>\n<meta property=\"og:image\" content=\"https:\/\/simchocolate.com\/wp-content\/uploads\/2023\/10\/IMG_0684.jpg\" \/>\n\t<meta property=\"og:image:width\" content=\"1000\" \/>\n\t<meta property=\"og:image:height\" content=\"1000\" \/>\n\t<meta property=\"og:image:type\" content=\"image\/jpeg\" \/>\n<meta name=\"twitter:card\" content=\"summary_large_image\" \/>\n<meta name=\"twitter:label1\" content=\"Tiempo de lectura\" \/>\n\t<meta name=\"twitter:data1\" content=\"1 minuto\" \/>\n<script type=\"application\/ld+json\" class=\"yoast-schema-graph\">{\"@context\":\"https:\/\/schema.org\",\"@graph\":[{\"@type\":\"WebPage\",\"@id\":\"https:\/\/simchocolate.com\/es\/produto\/fragmentos-de-frutos-secos-con-chocolate-negro\/\",\"url\":\"https:\/\/simchocolate.com\/es\/produto\/fragmentos-de-frutos-secos-con-chocolate-negro\/\",\"name\":\"Frutos Secos con Chocolate | Fragmentos de Chocolate Negro\",\"isPartOf\":{\"@id\":\"https:\/\/simchocolate.com\/es\/#website\"},\"primaryImageOfPage\":{\"@id\":\"https:\/\/simchocolate.com\/es\/produto\/fragmentos-de-frutos-secos-con-chocolate-negro\/#primaryimage\"},\"image\":{\"@id\":\"https:\/\/simchocolate.com\/es\/produto\/fragmentos-de-frutos-secos-con-chocolate-negro\/#primaryimage\"},\"thumbnailUrl\":\"https:\/\/simchocolate.com\/wp-content\/uploads\/2023\/10\/IMG_0684.jpg\",\"datePublished\":\"2023-10-20T18:07:52+00:00\",\"description\":\"Descubre la combinaci\u00f3n perfecta de frutos secos y chocolate intenso. Una experiencia gourmet que te dejar\u00e1 hechizado.\",\"breadcrumb\":{\"@id\":\"https:\/\/simchocolate.com\/es\/produto\/fragmentos-de-frutos-secos-con-chocolate-negro\/#breadcrumb\"},\"inLanguage\":\"es\",\"potentialAction\":[{\"@type\":\"ReadAction\",\"target\":[\"https:\/\/simchocolate.com\/es\/produto\/fragmentos-de-frutos-secos-con-chocolate-negro\/\"]}]},{\"@type\":\"ImageObject\",\"inLanguage\":\"es\",\"@id\":\"https:\/\/simchocolate.com\/es\/produto\/fragmentos-de-frutos-secos-con-chocolate-negro\/#primaryimage\",\"url\":\"https:\/\/simchocolate.com\/wp-content\/uploads\/2023\/10\/IMG_0684.jpg\",\"contentUrl\":\"https:\/\/simchocolate.com\/wp-content\/uploads\/2023\/10\/IMG_0684.jpg\",\"width\":1000,\"height\":1000,\"caption\":\"Cacos de Frutos Secos com Chocolate Negro\"},{\"@type\":\"BreadcrumbList\",\"@id\":\"https:\/\/simchocolate.com\/es\/produto\/fragmentos-de-frutos-secos-con-chocolate-negro\/#breadcrumb\",\"itemListElement\":[{\"@type\":\"ListItem\",\"position\":1,\"name\":\"In\u00edcio\",\"item\":\"https:\/\/simchocolate.com\/es\/\"},{\"@type\":\"ListItem\",\"position\":2,\"name\":\"Productos\",\"item\":\"https:\/\/simchocolate.com\/es\/shop\/\"},{\"@type\":\"ListItem\",\"position\":3,\"name\":\"Fragmentos de frutos secos con chocolate negro\"}]},{\"@type\":\"WebSite\",\"@id\":\"https:\/\/simchocolate.com\/es\/#website\",\"url\":\"https:\/\/simchocolate.com\/es\/\",\"name\":\"SIM Chocolate\",\"description\":\"Do amor incondicional entre uma m\u00e3e e sua filha, nasce a marca SIM Bombons no Natal de 2014\",\"potentialAction\":[{\"@type\":\"SearchAction\",\"target\":{\"@type\":\"EntryPoint\",\"urlTemplate\":\"https:\/\/simchocolate.com\/es\/?s={search_term_string}\"},\"query-input\":{\"@type\":\"PropertyValueSpecification\",\"valueRequired\":true,\"valueName\":\"search_term_string\"}}],\"inLanguage\":\"es\"}]}<\/script>\n<!-- \/ Yoast SEO plugin. -->","yoast_head_json":{"title":"Frutos Secos con Chocolate | Fragmentos de Chocolate Negro","description":"Descubre la combinaci\u00f3n perfecta de frutos secos y chocolate intenso. Una experiencia gourmet que te dejar\u00e1 hechizado.","robots":{"index":"index","follow":"follow","max-snippet":"max-snippet:-1","max-image-preview":"max-image-preview:large","max-video-preview":"max-video-preview:-1"},"canonical":"https:\/\/simchocolate.com\/es\/produto\/fragmentos-de-frutos-secos-con-chocolate-negro\/","og_locale":"es_ES","og_type":"article","og_title":"Frutos Secos con Chocolate | Fragmentos de Chocolate Negro","og_description":"Descubre la combinaci\u00f3n perfecta de frutos secos y chocolate intenso. Una experiencia gourmet que te dejar\u00e1 hechizado.","og_url":"https:\/\/simchocolate.com\/es\/produto\/fragmentos-de-frutos-secos-con-chocolate-negro\/","og_site_name":"SIM Chocolate","article_publisher":"https:\/\/www.facebook.com\/SimBombons","og_image":[{"width":1000,"height":1000,"url":"https:\/\/simchocolate.com\/wp-content\/uploads\/2023\/10\/IMG_0684.jpg","type":"image\/jpeg"}],"twitter_card":"summary_large_image","twitter_misc":{"Tiempo de lectura":"1 minuto"},"schema":{"@context":"https:\/\/schema.org","@graph":[{"@type":"WebPage","@id":"https:\/\/simchocolate.com\/es\/produto\/fragmentos-de-frutos-secos-con-chocolate-negro\/","url":"https:\/\/simchocolate.com\/es\/produto\/fragmentos-de-frutos-secos-con-chocolate-negro\/","name":"Frutos Secos con Chocolate | Fragmentos de Chocolate Negro","isPartOf":{"@id":"https:\/\/simchocolate.com\/es\/#website"},"primaryImageOfPage":{"@id":"https:\/\/simchocolate.com\/es\/produto\/fragmentos-de-frutos-secos-con-chocolate-negro\/#primaryimage"},"image":{"@id":"https:\/\/simchocolate.com\/es\/produto\/fragmentos-de-frutos-secos-con-chocolate-negro\/#primaryimage"},"thumbnailUrl":"https:\/\/simchocolate.com\/wp-content\/uploads\/2023\/10\/IMG_0684.jpg","datePublished":"2023-10-20T18:07:52+00:00","description":"Descubre la combinaci\u00f3n perfecta de frutos secos y chocolate intenso. Una experiencia gourmet que te dejar\u00e1 hechizado.","breadcrumb":{"@id":"https:\/\/simchocolate.com\/es\/produto\/fragmentos-de-frutos-secos-con-chocolate-negro\/#breadcrumb"},"inLanguage":"es","potentialAction":[{"@type":"ReadAction","target":["https:\/\/simchocolate.com\/es\/produto\/fragmentos-de-frutos-secos-con-chocolate-negro\/"]}]},{"@type":"ImageObject","inLanguage":"es","@id":"https:\/\/simchocolate.com\/es\/produto\/fragmentos-de-frutos-secos-con-chocolate-negro\/#primaryimage","url":"https:\/\/simchocolate.com\/wp-content\/uploads\/2023\/10\/IMG_0684.jpg","contentUrl":"https:\/\/simchocolate.com\/wp-content\/uploads\/2023\/10\/IMG_0684.jpg","width":1000,"height":1000,"caption":"Cacos de Frutos Secos com Chocolate Negro"},{"@type":"BreadcrumbList","@id":"https:\/\/simchocolate.com\/es\/produto\/fragmentos-de-frutos-secos-con-chocolate-negro\/#breadcrumb","itemListElement":[{"@type":"ListItem","position":1,"name":"In\u00edcio","item":"https:\/\/simchocolate.com\/es\/"},{"@type":"ListItem","position":2,"name":"Productos","item":"https:\/\/simchocolate.com\/es\/shop\/"},{"@type":"ListItem","position":3,"name":"Fragmentos de frutos secos con chocolate negro"}]},{"@type":"WebSite","@id":"https:\/\/simchocolate.com\/es\/#website","url":"https:\/\/simchocolate.com\/es\/","name":"SIM Chocolate","description":"Do amor incondicional entre uma m\u00e3e e sua filha, nasce a marca SIM Bombons no Natal de 2014","potentialAction":[{"@type":"SearchAction","target":{"@type":"EntryPoint","urlTemplate":"https:\/\/simchocolate.com\/es\/?s={search_term_string}"},"query-input":{"@type":"PropertyValueSpecification","valueRequired":true,"valueName":"search_term_string"}}],"inLanguage":"es"}]}},"_links":{"self":[{"href":"https:\/\/simchocolate.com\/es\/wp-json\/wp\/v2\/product\/9977","targetHints":{"allow":["GET"]}}],"collection":[{"href":"https:\/\/simchocolate.com\/es\/wp-json\/wp\/v2\/product"}],"about":[{"href":"https:\/\/simchocolate.com\/es\/wp-json\/wp\/v2\/types\/product"}],"replies":[{"embeddable":true,"href":"https:\/\/simchocolate.com\/es\/wp-json\/wp\/v2\/comments?post=9977"}],"wp:featuredmedia":[{"embeddable":true,"href":"https:\/\/simchocolate.com\/es\/wp-json\/wp\/v2\/media\/10005"}],"wp:attachment":[{"href":"https:\/\/simchocolate.com\/es\/wp-json\/wp\/v2\/media?parent=9977"}],"wp:term":[{"taxonomy":"product_brand","embeddable":true,"href":"https:\/\/simchocolate.com\/es\/wp-json\/wp\/v2\/product_brand?post=9977"},{"taxonomy":"product_cat","embeddable":true,"href":"https:\/\/simchocolate.com\/es\/wp-json\/wp\/v2\/product_cat?post=9977"},{"taxonomy":"product_tag","embeddable":true,"href":"https:\/\/simchocolate.com\/es\/wp-json\/wp\/v2\/product_tag?post=9977"}],"curies":[{"name":"wp","href":"https:\/\/api.w.org\/{rel}","templated":true}]}}