{"id":9983,"date":"2023-10-20T18:07:40","date_gmt":"2023-10-20T18:07:40","guid":{"rendered":"https:\/\/simchocolate.com\/produto\/crujiente-de-almendra-y-chocolate-negro\/"},"modified":"2023-10-20T18:07:40","modified_gmt":"2023-10-20T18:07:40","slug":"crujiente-de-almendra-y-chocolate-negro","status":"publish","type":"product","link":"https:\/\/simchocolate.com\/es\/produto\/crujiente-de-almendra-y-chocolate-negro\/","title":{"rendered":"Crujiente de almendra y chocolate negro"},"content":{"rendered":"<h5 style=\"text-align: left;\">Perfecci\u00f3n de chocolate con almendras crujientes<\/h5>\n<p style=\"text-align: left;\">Descubre nuestro <strong>Crujiente de Almendras con Chocolate Negro<\/strong>, una aut\u00e9ntica obra maestra que combina la riqueza del chocolate negro con el irresistible crujido de las almendras. Preparamos meticulosamente cada pieza para ofrecer una experiencia sensorial inigualable. Sobre todo, es perfecto para los amantes del chocolate que buscan un toque de sofisticaci\u00f3n.  <\/p>\n<p style=\"text-align: left;\">Nuestros crujientes se elaboran con almendras seleccionadas y tostadas en su punto justo, lo que garantiza una<strong>textura crujiente que complementa a la perfecci\u00f3n el chocolate negro.<\/strong> Este \u00faltimo, con su intensidad y sus notas complejas, envuelve las almendras en una lujosa cobertura, proporcionando un armonioso contraste de sabores y texturas que deleita el paladar. Adem\u00e1s, la combinaci\u00f3n de ingredientes de alta calidad garantiza una experiencia gastron\u00f3mica \u00fanica y refinada. <\/p>\n<p style=\"text-align: left;\"><strong>Cada crujiente es una combinaci\u00f3n ideal de ingredientes de primera calidad y t\u00e9cnicas artesanales de confiter\u00eda<\/strong>, que dan como resultado un producto no s\u00f3lo sabroso, sino \u00fanico. El chocolate negro es conocido por su profundo sabor y sus beneficios antioxidantes, y sobre todo, cuando se combina con almendras, crea una experiencia de degustaci\u00f3n sofisticada y memorable. <\/p>\n<p style=\"text-align: left;\">Perfectos para cualquier ocasi\u00f3n, estos crujientes son ideales como regalo o para un momento de indulgencia personal.<\/p>\n<p style=\"text-align: left;\">Disfruta de un chocolate que combina tradici\u00f3n e innovaci\u00f3n, y perm\u00edtete un momento de placer \u00fanico y absoluto. Eleva tus papilas gustativas. <\/p>\n","protected":false},"excerpt":{"rendered":"<p>Experimenta la combinaci\u00f3n perfecta de crujido e intensidad con nuestros Crujientes de Almendra y Chocolate Negro.<\/p>\n","protected":false},"featured_media":9991,"comment_status":"open","ping_status":"closed","template":"","meta":[],"product_brand":[],"product_cat":[253],"product_tag":[],"class_list":{"0":"post-9983","1":"product","2":"type-product","3":"status-publish","4":"has-post-thumbnail","6":"product_cat-fragmentos-y-crujientes","8":"first","9":"instock","10":"shipping-taxable","11":"purchasable","12":"product-type-simple"},"yoast_head":"<!-- This site is optimized with the Yoast SEO plugin v27.2 - https:\/\/yoast.com\/product\/yoast-seo-wordpress\/ -->\n<title>Crujiente de Almendra con Chocolate Negro<\/title>\n<meta name=\"description\" content=\"Prueba la combinaci\u00f3n perfecta con nuestros Crujientes de Almendra con Chocolate Negro. Una experiencia gourmet que combina ricas texturas y sabores.\" \/>\n<meta name=\"robots\" content=\"index, follow, max-snippet:-1, max-image-preview:large, max-video-preview:-1\" \/>\n<link rel=\"canonical\" href=\"https:\/\/simchocolate.com\/es\/produto\/crujiente-de-almendra-y-chocolate-negro\/\" \/>\n<meta property=\"og:locale\" content=\"es_ES\" \/>\n<meta property=\"og:type\" content=\"article\" \/>\n<meta property=\"og:title\" content=\"Crujiente de Almendra con Chocolate Negro\" \/>\n<meta property=\"og:description\" content=\"Prueba la combinaci\u00f3n perfecta con nuestros Crujientes de Almendra con Chocolate Negro. Una experiencia gourmet que combina ricas texturas y sabores.\" \/>\n<meta property=\"og:url\" content=\"https:\/\/simchocolate.com\/es\/produto\/crujiente-de-almendra-y-chocolate-negro\/\" \/>\n<meta property=\"og:site_name\" content=\"SIM Chocolate\" \/>\n<meta property=\"article:publisher\" content=\"https:\/\/www.facebook.com\/SimBombons\" \/>\n<meta property=\"og:image\" content=\"https:\/\/simchocolate.com\/wp-content\/uploads\/2023\/10\/IMG_0619-7.jpg\" \/>\n\t<meta property=\"og:image:width\" content=\"1000\" \/>\n\t<meta property=\"og:image:height\" content=\"1000\" \/>\n\t<meta property=\"og:image:type\" content=\"image\/jpeg\" \/>\n<meta name=\"twitter:card\" content=\"summary_large_image\" \/>\n<meta name=\"twitter:label1\" content=\"Tiempo de lectura\" \/>\n\t<meta name=\"twitter:data1\" content=\"1 minuto\" \/>\n<script type=\"application\/ld+json\" class=\"yoast-schema-graph\">{\"@context\":\"https:\/\/schema.org\",\"@graph\":[{\"@type\":\"WebPage\",\"@id\":\"https:\/\/simchocolate.com\/es\/produto\/crujiente-de-almendra-y-chocolate-negro\/\",\"url\":\"https:\/\/simchocolate.com\/es\/produto\/crujiente-de-almendra-y-chocolate-negro\/\",\"name\":\"Crujiente de Almendra con Chocolate Negro\",\"isPartOf\":{\"@id\":\"https:\/\/simchocolate.com\/es\/#website\"},\"primaryImageOfPage\":{\"@id\":\"https:\/\/simchocolate.com\/es\/produto\/crujiente-de-almendra-y-chocolate-negro\/#primaryimage\"},\"image\":{\"@id\":\"https:\/\/simchocolate.com\/es\/produto\/crujiente-de-almendra-y-chocolate-negro\/#primaryimage\"},\"thumbnailUrl\":\"https:\/\/simchocolate.com\/wp-content\/uploads\/2023\/10\/IMG_0619-7.jpg\",\"datePublished\":\"2023-10-20T18:07:40+00:00\",\"description\":\"Prueba la combinaci\u00f3n perfecta con nuestros Crujientes de Almendra con Chocolate Negro. Una experiencia gourmet que combina ricas texturas y sabores.\",\"breadcrumb\":{\"@id\":\"https:\/\/simchocolate.com\/es\/produto\/crujiente-de-almendra-y-chocolate-negro\/#breadcrumb\"},\"inLanguage\":\"es\",\"potentialAction\":[{\"@type\":\"ReadAction\",\"target\":[\"https:\/\/simchocolate.com\/es\/produto\/crujiente-de-almendra-y-chocolate-negro\/\"]}]},{\"@type\":\"ImageObject\",\"inLanguage\":\"es\",\"@id\":\"https:\/\/simchocolate.com\/es\/produto\/crujiente-de-almendra-y-chocolate-negro\/#primaryimage\",\"url\":\"https:\/\/simchocolate.com\/wp-content\/uploads\/2023\/10\/IMG_0619-7.jpg\",\"contentUrl\":\"https:\/\/simchocolate.com\/wp-content\/uploads\/2023\/10\/IMG_0619-7.jpg\",\"width\":1000,\"height\":1000,\"caption\":\"crocantes de am\u00eandoa chocolate negro\"},{\"@type\":\"BreadcrumbList\",\"@id\":\"https:\/\/simchocolate.com\/es\/produto\/crujiente-de-almendra-y-chocolate-negro\/#breadcrumb\",\"itemListElement\":[{\"@type\":\"ListItem\",\"position\":1,\"name\":\"In\u00edcio\",\"item\":\"https:\/\/simchocolate.com\/es\/\"},{\"@type\":\"ListItem\",\"position\":2,\"name\":\"Productos\",\"item\":\"https:\/\/simchocolate.com\/es\/shop\/\"},{\"@type\":\"ListItem\",\"position\":3,\"name\":\"Crujiente de almendra y chocolate negro\"}]},{\"@type\":\"WebSite\",\"@id\":\"https:\/\/simchocolate.com\/es\/#website\",\"url\":\"https:\/\/simchocolate.com\/es\/\",\"name\":\"SIM Chocolate\",\"description\":\"Do amor incondicional entre uma m\u00e3e e sua filha, nasce a marca SIM Bombons no Natal de 2014\",\"potentialAction\":[{\"@type\":\"SearchAction\",\"target\":{\"@type\":\"EntryPoint\",\"urlTemplate\":\"https:\/\/simchocolate.com\/es\/?s={search_term_string}\"},\"query-input\":{\"@type\":\"PropertyValueSpecification\",\"valueRequired\":true,\"valueName\":\"search_term_string\"}}],\"inLanguage\":\"es\"}]}<\/script>\n<!-- \/ Yoast SEO plugin. -->","yoast_head_json":{"title":"Crujiente de Almendra con Chocolate Negro","description":"Prueba la combinaci\u00f3n perfecta con nuestros Crujientes de Almendra con Chocolate Negro. Una experiencia gourmet que combina ricas texturas y sabores.","robots":{"index":"index","follow":"follow","max-snippet":"max-snippet:-1","max-image-preview":"max-image-preview:large","max-video-preview":"max-video-preview:-1"},"canonical":"https:\/\/simchocolate.com\/es\/produto\/crujiente-de-almendra-y-chocolate-negro\/","og_locale":"es_ES","og_type":"article","og_title":"Crujiente de Almendra con Chocolate Negro","og_description":"Prueba la combinaci\u00f3n perfecta con nuestros Crujientes de Almendra con Chocolate Negro. Una experiencia gourmet que combina ricas texturas y sabores.","og_url":"https:\/\/simchocolate.com\/es\/produto\/crujiente-de-almendra-y-chocolate-negro\/","og_site_name":"SIM Chocolate","article_publisher":"https:\/\/www.facebook.com\/SimBombons","og_image":[{"width":1000,"height":1000,"url":"https:\/\/simchocolate.com\/wp-content\/uploads\/2023\/10\/IMG_0619-7.jpg","type":"image\/jpeg"}],"twitter_card":"summary_large_image","twitter_misc":{"Tiempo de lectura":"1 minuto"},"schema":{"@context":"https:\/\/schema.org","@graph":[{"@type":"WebPage","@id":"https:\/\/simchocolate.com\/es\/produto\/crujiente-de-almendra-y-chocolate-negro\/","url":"https:\/\/simchocolate.com\/es\/produto\/crujiente-de-almendra-y-chocolate-negro\/","name":"Crujiente de Almendra con Chocolate Negro","isPartOf":{"@id":"https:\/\/simchocolate.com\/es\/#website"},"primaryImageOfPage":{"@id":"https:\/\/simchocolate.com\/es\/produto\/crujiente-de-almendra-y-chocolate-negro\/#primaryimage"},"image":{"@id":"https:\/\/simchocolate.com\/es\/produto\/crujiente-de-almendra-y-chocolate-negro\/#primaryimage"},"thumbnailUrl":"https:\/\/simchocolate.com\/wp-content\/uploads\/2023\/10\/IMG_0619-7.jpg","datePublished":"2023-10-20T18:07:40+00:00","description":"Prueba la combinaci\u00f3n perfecta con nuestros Crujientes de Almendra con Chocolate Negro. Una experiencia gourmet que combina ricas texturas y sabores.","breadcrumb":{"@id":"https:\/\/simchocolate.com\/es\/produto\/crujiente-de-almendra-y-chocolate-negro\/#breadcrumb"},"inLanguage":"es","potentialAction":[{"@type":"ReadAction","target":["https:\/\/simchocolate.com\/es\/produto\/crujiente-de-almendra-y-chocolate-negro\/"]}]},{"@type":"ImageObject","inLanguage":"es","@id":"https:\/\/simchocolate.com\/es\/produto\/crujiente-de-almendra-y-chocolate-negro\/#primaryimage","url":"https:\/\/simchocolate.com\/wp-content\/uploads\/2023\/10\/IMG_0619-7.jpg","contentUrl":"https:\/\/simchocolate.com\/wp-content\/uploads\/2023\/10\/IMG_0619-7.jpg","width":1000,"height":1000,"caption":"crocantes de am\u00eandoa chocolate negro"},{"@type":"BreadcrumbList","@id":"https:\/\/simchocolate.com\/es\/produto\/crujiente-de-almendra-y-chocolate-negro\/#breadcrumb","itemListElement":[{"@type":"ListItem","position":1,"name":"In\u00edcio","item":"https:\/\/simchocolate.com\/es\/"},{"@type":"ListItem","position":2,"name":"Productos","item":"https:\/\/simchocolate.com\/es\/shop\/"},{"@type":"ListItem","position":3,"name":"Crujiente de almendra y chocolate negro"}]},{"@type":"WebSite","@id":"https:\/\/simchocolate.com\/es\/#website","url":"https:\/\/simchocolate.com\/es\/","name":"SIM Chocolate","description":"Do amor incondicional entre uma m\u00e3e e sua filha, nasce a marca SIM Bombons no Natal de 2014","potentialAction":[{"@type":"SearchAction","target":{"@type":"EntryPoint","urlTemplate":"https:\/\/simchocolate.com\/es\/?s={search_term_string}"},"query-input":{"@type":"PropertyValueSpecification","valueRequired":true,"valueName":"search_term_string"}}],"inLanguage":"es"}]}},"_links":{"self":[{"href":"https:\/\/simchocolate.com\/es\/wp-json\/wp\/v2\/product\/9983","targetHints":{"allow":["GET"]}}],"collection":[{"href":"https:\/\/simchocolate.com\/es\/wp-json\/wp\/v2\/product"}],"about":[{"href":"https:\/\/simchocolate.com\/es\/wp-json\/wp\/v2\/types\/product"}],"replies":[{"embeddable":true,"href":"https:\/\/simchocolate.com\/es\/wp-json\/wp\/v2\/comments?post=9983"}],"wp:featuredmedia":[{"embeddable":true,"href":"https:\/\/simchocolate.com\/es\/wp-json\/wp\/v2\/media\/9991"}],"wp:attachment":[{"href":"https:\/\/simchocolate.com\/es\/wp-json\/wp\/v2\/media?parent=9983"}],"wp:term":[{"taxonomy":"product_brand","embeddable":true,"href":"https:\/\/simchocolate.com\/es\/wp-json\/wp\/v2\/product_brand?post=9983"},{"taxonomy":"product_cat","embeddable":true,"href":"https:\/\/simchocolate.com\/es\/wp-json\/wp\/v2\/product_cat?post=9983"},{"taxonomy":"product_tag","embeddable":true,"href":"https:\/\/simchocolate.com\/es\/wp-json\/wp\/v2\/product_tag?post=9983"}],"curies":[{"name":"wp","href":"https:\/\/api.w.org\/{rel}","templated":true}]}}